{"id":7070,"date":"2025-01-30T12:45:35","date_gmt":"2025-01-30T11:45:35","guid":{"rendered":"https:\/\/bicycool.pl\/?post_type=product&#038;p=7070"},"modified":"2025-01-30T12:49:30","modified_gmt":"2025-01-30T11:49:30","slug":"kierownica-rocky-mountain-35mm-780mm","status":"publish","type":"product","link":"https:\/\/bicycool.pl\/?product=kierownica-rocky-mountain-35mm-780mm","title":{"rendered":"Kierownica Rocky Mountain 35mm 780mm"},"content":{"rendered":"<h3 class=\"Product_product-title__BALAQ\">Kierownica Rocky Mountain<\/h3>\n<ul>\n<li><b>Szeroko\u015b\u0107 kierownicy :<\/b> 780m<\/li>\n<li><strong>Monta\u017c<\/strong> 35mm<\/li>\n<li><b>Materia\u0142<\/b>\u00a0aluminium<\/li>\n<li><strong>Stan:<\/strong> U\u017cywany<\/li>\n<\/ul>\n<p>&nbsp;<\/p>\n","protected":false},"excerpt":{"rendered":"<p>Kierownica Rocky Mountain Szeroko\u015b\u0107 kierownicy : 780m Monta\u017c 35mm Materia\u0142\u00a0aluminium Stan: U\u017cywany &nbsp;<\/p>\n","protected":false},"featured_media":7009,"comment_status":"open","ping_status":"closed","template":"","meta":[],"product_brand":[],"product_cat":[28],"product_tag":[],"class_list":{"0":"post-7070","1":"product","2":"type-product","3":"status-publish","4":"has-post-thumbnail","6":"product_cat-czesci-i-akcesoria-uzywane","7":"product_shipping_class-mala-paczka","9":"first","10":"instock","11":"shipping-taxable","12":"purchasable","13":"product-type-simple"},"_links":{"self":[{"href":"https:\/\/bicycool.pl\/index.php?rest_route=\/wp\/v2\/product\/7070","targetHints":{"allow":["GET"]}}],"collection":[{"href":"https:\/\/bicycool.pl\/index.php?rest_route=\/wp\/v2\/product"}],"about":[{"href":"https:\/\/bicycool.pl\/index.php?rest_route=\/wp\/v2\/types\/product"}],"replies":[{"embeddable":true,"href":"https:\/\/bicycool.pl\/index.php?rest_route=%2Fwp%2Fv2%2Fcomments&post=7070"}],"wp:featuredmedia":[{"embeddable":true,"href":"https:\/\/bicycool.pl\/index.php?rest_route=\/wp\/v2\/media\/7009"}],"wp:attachment":[{"href":"https:\/\/bicycool.pl\/index.php?rest_route=%2Fwp%2Fv2%2Fmedia&parent=7070"}],"wp:term":[{"taxonomy":"product_brand","embeddable":true,"href":"https:\/\/bicycool.pl\/index.php?rest_route=%2Fwp%2Fv2%2Fproduct_brand&post=7070"},{"taxonomy":"product_cat","embeddable":true,"href":"https:\/\/bicycool.pl\/index.php?rest_route=%2Fwp%2Fv2%2Fproduct_cat&post=7070"},{"taxonomy":"product_tag","embeddable":true,"href":"https:\/\/bicycool.pl\/index.php?rest_route=%2Fwp%2Fv2%2Fproduct_tag&post=7070"}],"curies":[{"name":"wp","href":"https:\/\/api.w.org\/{rel}","templated":true}]}}