{"id":7077,"date":"2025-01-30T13:11:28","date_gmt":"2025-01-30T12:11:28","guid":{"rendered":"https:\/\/bicycool.pl\/?post_type=product&#038;p=7077"},"modified":"2025-01-30T13:13:26","modified_gmt":"2025-01-30T12:13:26","slug":"kierownica-szosowa-baranek-itm-super-europa-2-26mm-42cm-retro","status":"publish","type":"product","link":"https:\/\/bicycool.pl\/?product=kierownica-szosowa-baranek-itm-super-europa-2-26mm-42cm-retro","title":{"rendered":"Kierownica szosowa baranek ITM Super Europa 2 26mm 42cm RETRO"},"content":{"rendered":"<h3 class=\"Product_product-title__BALAQ\">Kierownica ITM Super Europa 2<\/h3>\n<ul>\n<li><strong>Szeroko\u015b\u0107:<\/strong> 42cm<\/li>\n<li><strong>Monta\u017c:<\/strong> 26mm<\/li>\n<li><strong>Materia\u0142:<\/strong> \u00a0Aluminium<\/li>\n<li><strong>Stan:<\/strong> U\u017cywna<\/li>\n<\/ul>\n","protected":false},"excerpt":{"rendered":"<p>Kierownica ITM Super Europa 2 Szeroko\u015b\u0107: 42cm Monta\u017c: 26mm Materia\u0142: \u00a0Aluminium Stan: U\u017cywna<\/p>\n","protected":false},"featured_media":6991,"comment_status":"open","ping_status":"closed","template":"","meta":[],"product_brand":[],"product_cat":[28,170,85],"product_tag":[],"class_list":{"0":"post-7077","1":"product","2":"type-product","3":"status-publish","4":"has-post-thumbnail","6":"product_cat-czesci-i-akcesoria-uzywane","7":"product_cat-kierownice","8":"product_cat-outlet","9":"product_shipping_class-mala-paczka","11":"first","12":"instock","13":"shipping-taxable","14":"purchasable","15":"product-type-simple"},"_links":{"self":[{"href":"https:\/\/bicycool.pl\/index.php?rest_route=\/wp\/v2\/product\/7077","targetHints":{"allow":["GET"]}}],"collection":[{"href":"https:\/\/bicycool.pl\/index.php?rest_route=\/wp\/v2\/product"}],"about":[{"href":"https:\/\/bicycool.pl\/index.php?rest_route=\/wp\/v2\/types\/product"}],"replies":[{"embeddable":true,"href":"https:\/\/bicycool.pl\/index.php?rest_route=%2Fwp%2Fv2%2Fcomments&post=7077"}],"wp:featuredmedia":[{"embeddable":true,"href":"https:\/\/bicycool.pl\/index.php?rest_route=\/wp\/v2\/media\/6991"}],"wp:attachment":[{"href":"https:\/\/bicycool.pl\/index.php?rest_route=%2Fwp%2Fv2%2Fmedia&parent=7077"}],"wp:term":[{"taxonomy":"product_brand","embeddable":true,"href":"https:\/\/bicycool.pl\/index.php?rest_route=%2Fwp%2Fv2%2Fproduct_brand&post=7077"},{"taxonomy":"product_cat","embeddable":true,"href":"https:\/\/bicycool.pl\/index.php?rest_route=%2Fwp%2Fv2%2Fproduct_cat&post=7077"},{"taxonomy":"product_tag","embeddable":true,"href":"https:\/\/bicycool.pl\/index.php?rest_route=%2Fwp%2Fv2%2Fproduct_tag&post=7077"}],"curies":[{"name":"wp","href":"https:\/\/api.w.org\/{rel}","templated":true}]}}