{"id":7091,"date":"2025-01-30T13:50:31","date_gmt":"2025-01-30T12:50:31","guid":{"rendered":"https:\/\/bicycool.pl\/?post_type=product&#038;p=7091"},"modified":"2025-12-22T16:37:36","modified_gmt":"2025-12-22T15:37:36","slug":"sztyca-regulowana-myk-myk-349mm-170mm","status":"publish","type":"product","link":"https:\/\/bicycool.pl\/?product=sztyca-regulowana-myk-myk-349mm-170mm","title":{"rendered":"Sztyca Regulowana Myk-myk 34,9mm 170mm"},"content":{"rendered":"<h3>Sztyca podsiod\u0142owa Regulowana<\/h3>\n<p>&nbsp;<\/p>\n<ul>\n<li><strong>Materia\u0142:<\/strong>\u00a0 Aluminium<\/li>\n<li><strong>Rozmiar:<\/strong>\u00a0 34,9mm<\/li>\n<li><strong>Skok:<\/strong> 170mm<\/li>\n<li><strong>Manetka w zestawie<\/strong><\/li>\n<li><strong>D\u0142ugo\u015b\u0107 ca\u0142kowita<\/strong> &#8211; 510mm<\/li>\n<li><strong>Kolor<\/strong> &#8211; Czarny<\/li>\n<li><strong>Stan:\u00a0<\/strong>U\u017cywana \/ bdb<\/li>\n<\/ul>\n<p>&nbsp;<\/p>\n","protected":false},"excerpt":{"rendered":"<p>Sztyca podsiod\u0142owa Regulowana &nbsp; Materia\u0142:\u00a0 Aluminium Rozmiar:\u00a0 34,9mm Skok: 170mm Manetka w zestawie D\u0142ugo\u015b\u0107 ca\u0142kowita &#8211; 510mm Kolor &#8211; Czarny Stan:\u00a0U\u017cywana \/ bdb &nbsp;<\/p>\n","protected":false},"featured_media":7085,"comment_status":"open","ping_status":"closed","template":"","meta":[],"product_brand":[],"product_cat":[28,85,123],"product_tag":[],"class_list":{"0":"post-7091","1":"product","2":"type-product","3":"status-publish","4":"has-post-thumbnail","6":"product_cat-czesci-i-akcesoria-uzywane","7":"product_cat-outlet","8":"product_cat-sztyce-podsiodlowe","9":"product_shipping_class-mala-paczka","11":"first","12":"instock","13":"shipping-taxable","14":"purchasable","15":"product-type-simple"},"_links":{"self":[{"href":"https:\/\/bicycool.pl\/index.php?rest_route=\/wp\/v2\/product\/7091","targetHints":{"allow":["GET"]}}],"collection":[{"href":"https:\/\/bicycool.pl\/index.php?rest_route=\/wp\/v2\/product"}],"about":[{"href":"https:\/\/bicycool.pl\/index.php?rest_route=\/wp\/v2\/types\/product"}],"replies":[{"embeddable":true,"href":"https:\/\/bicycool.pl\/index.php?rest_route=%2Fwp%2Fv2%2Fcomments&post=7091"}],"wp:featuredmedia":[{"embeddable":true,"href":"https:\/\/bicycool.pl\/index.php?rest_route=\/wp\/v2\/media\/7085"}],"wp:attachment":[{"href":"https:\/\/bicycool.pl\/index.php?rest_route=%2Fwp%2Fv2%2Fmedia&parent=7091"}],"wp:term":[{"taxonomy":"product_brand","embeddable":true,"href":"https:\/\/bicycool.pl\/index.php?rest_route=%2Fwp%2Fv2%2Fproduct_brand&post=7091"},{"taxonomy":"product_cat","embeddable":true,"href":"https:\/\/bicycool.pl\/index.php?rest_route=%2Fwp%2Fv2%2Fproduct_cat&post=7091"},{"taxonomy":"product_tag","embeddable":true,"href":"https:\/\/bicycool.pl\/index.php?rest_route=%2Fwp%2Fv2%2Fproduct_tag&post=7091"}],"curies":[{"name":"wp","href":"https:\/\/api.w.org\/{rel}","templated":true}]}}