{"id":720,"date":"2023-11-28T15:11:02","date_gmt":"2023-11-28T14:11:02","guid":{"rendered":"https:\/\/bicycool.pl\/?post_type=product&#038;p=720"},"modified":"2024-12-03T14:23:59","modified_gmt":"2024-12-03T13:23:59","slug":"manetka-dzwignia-przerzutki-sram-x5-trigger-10s","status":"publish","type":"product","link":"https:\/\/bicycool.pl\/?product=manetka-dzwignia-przerzutki-sram-x5-trigger-10s","title":{"rendered":"Manetka d\u017awignia przerzutki SRAM X5 Trigger 10s"},"content":{"rendered":"<h3 class=\"Product_product-title__BALAQ\">Manetka SRAM X5 Trigger<\/h3>\n<ul>\n<li>Model: X5 Trigger<\/li>\n<li>Manetka prawa<\/li>\n<li>Ilo\u015b\u0107 bieg\u00f3w: 10<\/li>\n<li>Technologia: Exact Actuation Ratio, Impulse Technology<\/li>\n<li>W zestawie linka przerzutki<\/li>\n<li>Kolor: Czarny<\/li>\n<\/ul>\n","protected":false},"excerpt":{"rendered":"<p>Manetka SRAM X5 Trigger Model: X5 Trigger Manetka prawa Ilo\u015b\u0107 bieg\u00f3w: 10 Technologia: Exact Actuation Ratio, Impulse Technology W zestawie linka przerzutki Kolor: Czarny<\/p>\n","protected":false},"featured_media":721,"comment_status":"open","ping_status":"closed","template":"","meta":[],"product_brand":[],"product_cat":[27,167,85],"product_tag":[],"class_list":{"0":"post-720","1":"product","2":"type-product","3":"status-publish","4":"has-post-thumbnail","6":"product_cat-czesci-nowe","7":"product_cat-manetki-klamkomanetki","8":"product_cat-outlet","9":"product_shipping_class-mala-paczka","11":"first","12":"instock","13":"sale","14":"shipping-taxable","15":"purchasable","16":"product-type-simple"},"_links":{"self":[{"href":"https:\/\/bicycool.pl\/index.php?rest_route=\/wp\/v2\/product\/720","targetHints":{"allow":["GET"]}}],"collection":[{"href":"https:\/\/bicycool.pl\/index.php?rest_route=\/wp\/v2\/product"}],"about":[{"href":"https:\/\/bicycool.pl\/index.php?rest_route=\/wp\/v2\/types\/product"}],"replies":[{"embeddable":true,"href":"https:\/\/bicycool.pl\/index.php?rest_route=%2Fwp%2Fv2%2Fcomments&post=720"}],"wp:featuredmedia":[{"embeddable":true,"href":"https:\/\/bicycool.pl\/index.php?rest_route=\/wp\/v2\/media\/721"}],"wp:attachment":[{"href":"https:\/\/bicycool.pl\/index.php?rest_route=%2Fwp%2Fv2%2Fmedia&parent=720"}],"wp:term":[{"taxonomy":"product_brand","embeddable":true,"href":"https:\/\/bicycool.pl\/index.php?rest_route=%2Fwp%2Fv2%2Fproduct_brand&post=720"},{"taxonomy":"product_cat","embeddable":true,"href":"https:\/\/bicycool.pl\/index.php?rest_route=%2Fwp%2Fv2%2Fproduct_cat&post=720"},{"taxonomy":"product_tag","embeddable":true,"href":"https:\/\/bicycool.pl\/index.php?rest_route=%2Fwp%2Fv2%2Fproduct_tag&post=720"}],"curies":[{"name":"wp","href":"https:\/\/api.w.org\/{rel}","templated":true}]}}