{"id":722,"date":"2023-11-28T15:13:40","date_gmt":"2023-11-28T14:13:40","guid":{"rendered":"https:\/\/bicycool.pl\/?post_type=product&#038;p=722"},"modified":"2023-11-28T15:18:04","modified_gmt":"2023-11-28T14:18:04","slug":"manetka-grip-shift-sram-nx-11s","status":"publish","type":"product","link":"https:\/\/bicycool.pl\/?product=manetka-grip-shift-sram-nx-11s","title":{"rendered":"Manetka GRIP SHIFT SRAM NX 11s"},"content":{"rendered":"<h3 class=\"Product_product-title__BALAQ\">Manetka GRIP SHIFT SRAM NX<\/h3>\n<ul>\n<li>Model &#8211; SRAM NX<\/li>\n<li>Manetka prawa<\/li>\n<li>Ilo\u015b\u0107 bieg\u00f3w &#8211; 11<\/li>\n<li>Technologia: Jaws\u2122, Rolling Thunder\u2122, Speed Metal\u2122, X-Actuation<\/li>\n<li>W zestawie linka przerzutki<\/li>\n<li>Kolor: Czarny<\/li>\n<\/ul>\n","protected":false},"excerpt":{"rendered":"<p>Manetka GRIP SHIFT SRAM NX Model &#8211; SRAM NX Manetka prawa Ilo\u015b\u0107 bieg\u00f3w &#8211; 11 Technologia: Jaws\u2122, Rolling Thunder\u2122, Speed Metal\u2122, X-Actuation W zestawie linka przerzutki Kolor: Czarny<\/p>\n","protected":false},"featured_media":724,"comment_status":"open","ping_status":"closed","template":"","meta":[],"product_brand":[],"product_cat":[27,167,85],"product_tag":[],"class_list":{"0":"post-722","1":"product","2":"type-product","3":"status-publish","4":"has-post-thumbnail","6":"product_cat-czesci-nowe","7":"product_cat-manetki-klamkomanetki","8":"product_cat-outlet","9":"product_shipping_class-mala-paczka","11":"first","12":"instock","13":"sale","14":"shipping-taxable","15":"purchasable","16":"product-type-simple"},"_links":{"self":[{"href":"https:\/\/bicycool.pl\/index.php?rest_route=\/wp\/v2\/product\/722","targetHints":{"allow":["GET"]}}],"collection":[{"href":"https:\/\/bicycool.pl\/index.php?rest_route=\/wp\/v2\/product"}],"about":[{"href":"https:\/\/bicycool.pl\/index.php?rest_route=\/wp\/v2\/types\/product"}],"replies":[{"embeddable":true,"href":"https:\/\/bicycool.pl\/index.php?rest_route=%2Fwp%2Fv2%2Fcomments&post=722"}],"wp:featuredmedia":[{"embeddable":true,"href":"https:\/\/bicycool.pl\/index.php?rest_route=\/wp\/v2\/media\/724"}],"wp:attachment":[{"href":"https:\/\/bicycool.pl\/index.php?rest_route=%2Fwp%2Fv2%2Fmedia&parent=722"}],"wp:term":[{"taxonomy":"product_brand","embeddable":true,"href":"https:\/\/bicycool.pl\/index.php?rest_route=%2Fwp%2Fv2%2Fproduct_brand&post=722"},{"taxonomy":"product_cat","embeddable":true,"href":"https:\/\/bicycool.pl\/index.php?rest_route=%2Fwp%2Fv2%2Fproduct_cat&post=722"},{"taxonomy":"product_tag","embeddable":true,"href":"https:\/\/bicycool.pl\/index.php?rest_route=%2Fwp%2Fv2%2Fproduct_tag&post=722"}],"curies":[{"name":"wp","href":"https:\/\/api.w.org\/{rel}","templated":true}]}}