{"id":727,"date":"2023-11-28T15:22:40","date_gmt":"2023-11-28T14:22:40","guid":{"rendered":"https:\/\/bicycool.pl\/?post_type=product&#038;p=727"},"modified":"2023-11-28T15:26:38","modified_gmt":"2023-11-28T14:26:38","slug":"klamkomanetka-shimano-sora-st-3500l","status":"publish","type":"product","link":"https:\/\/bicycool.pl\/?product=klamkomanetka-shimano-sora-st-3500l","title":{"rendered":"Klamkomanetka Shimano SORA ST-3500L Lewa"},"content":{"rendered":"<h3 class=\"Product_product-title__BALAQ\">Klamkomanetka Shimano SORA ST-3500L<\/h3>\n<ul>\n<li>klamkomanetka lewa<\/li>\n<li>Ilo\u015b\u0107 bieg\u00f3w &#8211; 2<\/li>\n<li>W zestawie linka przerzutki<\/li>\n<li>Kolor: Czarny<\/li>\n<\/ul>\n","protected":false},"excerpt":{"rendered":"<p>Klamkomanetka Shimano SORA ST-3500L klamkomanetka lewa Ilo\u015b\u0107 bieg\u00f3w &#8211; 2 W zestawie linka przerzutki Kolor: Czarny<\/p>\n","protected":false},"featured_media":726,"comment_status":"open","ping_status":"closed","template":"","meta":[],"product_brand":[],"product_cat":[27,167],"product_tag":[],"class_list":{"0":"post-727","1":"product","2":"type-product","3":"status-publish","4":"has-post-thumbnail","6":"product_cat-czesci-nowe","7":"product_cat-manetki-klamkomanetki","8":"product_shipping_class-mala-paczka","10":"first","11":"instock","12":"shipping-taxable","13":"purchasable","14":"product-type-simple"},"_links":{"self":[{"href":"https:\/\/bicycool.pl\/index.php?rest_route=\/wp\/v2\/product\/727","targetHints":{"allow":["GET"]}}],"collection":[{"href":"https:\/\/bicycool.pl\/index.php?rest_route=\/wp\/v2\/product"}],"about":[{"href":"https:\/\/bicycool.pl\/index.php?rest_route=\/wp\/v2\/types\/product"}],"replies":[{"embeddable":true,"href":"https:\/\/bicycool.pl\/index.php?rest_route=%2Fwp%2Fv2%2Fcomments&post=727"}],"wp:featuredmedia":[{"embeddable":true,"href":"https:\/\/bicycool.pl\/index.php?rest_route=\/wp\/v2\/media\/726"}],"wp:attachment":[{"href":"https:\/\/bicycool.pl\/index.php?rest_route=%2Fwp%2Fv2%2Fmedia&parent=727"}],"wp:term":[{"taxonomy":"product_brand","embeddable":true,"href":"https:\/\/bicycool.pl\/index.php?rest_route=%2Fwp%2Fv2%2Fproduct_brand&post=727"},{"taxonomy":"product_cat","embeddable":true,"href":"https:\/\/bicycool.pl\/index.php?rest_route=%2Fwp%2Fv2%2Fproduct_cat&post=727"},{"taxonomy":"product_tag","embeddable":true,"href":"https:\/\/bicycool.pl\/index.php?rest_route=%2Fwp%2Fv2%2Fproduct_tag&post=727"}],"curies":[{"name":"wp","href":"https:\/\/api.w.org\/{rel}","templated":true}]}}