{"id":731,"date":"2023-11-28T15:27:49","date_gmt":"2023-11-28T14:27:49","guid":{"rendered":"https:\/\/bicycool.pl\/?post_type=product&#038;p=731"},"modified":"2025-12-04T13:01:52","modified_gmt":"2025-12-04T12:01:52","slug":"klamkomanetki-shimano-105-st-r7000-komplet","status":"publish","type":"product","link":"https:\/\/bicycool.pl\/?product=klamkomanetki-shimano-105-st-r7000-komplet","title":{"rendered":"Manetki do klamkomanetek Shimano XTR ST-M910"},"content":{"rendered":"<h3 class=\"Product_product-title__BALAQ\">Manetki do klamkomanetek Shimano XTR ST-M910<\/h3>\n<ul>\n<li>KOMPLET (Prawa+Lewa)<\/li>\n<li>Ilo\u015b\u0107 bieg\u00f3w &#8211; 3x8s<\/li>\n<li><strong>Stan:<\/strong> NOS, Nowe<\/li>\n<\/ul>\n<p><strong>Uwaga: Trzeba posiada\u0107 klamkomanetki Shimano XTR ST-M910<\/strong><\/p>\n","protected":false},"excerpt":{"rendered":"<p>Manetki do klamkomanetek Shimano XTR ST-M910 KOMPLET (Prawa+Lewa) Ilo\u015b\u0107 bieg\u00f3w &#8211; 3x8s Stan: NOS, Nowe Uwaga: Trzeba posiada\u0107 klamkomanetki Shimano XTR ST-M910<\/p>\n","protected":false},"featured_media":7582,"comment_status":"open","ping_status":"closed","template":"","meta":[],"product_brand":[],"product_cat":[27,167],"product_tag":[],"class_list":{"0":"post-731","1":"product","2":"type-product","3":"status-publish","4":"has-post-thumbnail","6":"product_cat-czesci-nowe","7":"product_cat-manetki-klamkomanetki","8":"product_shipping_class-mala-paczka","10":"first","11":"instock","12":"shipping-taxable","13":"purchasable","14":"product-type-simple"},"_links":{"self":[{"href":"https:\/\/bicycool.pl\/index.php?rest_route=\/wp\/v2\/product\/731","targetHints":{"allow":["GET"]}}],"collection":[{"href":"https:\/\/bicycool.pl\/index.php?rest_route=\/wp\/v2\/product"}],"about":[{"href":"https:\/\/bicycool.pl\/index.php?rest_route=\/wp\/v2\/types\/product"}],"replies":[{"embeddable":true,"href":"https:\/\/bicycool.pl\/index.php?rest_route=%2Fwp%2Fv2%2Fcomments&post=731"}],"wp:featuredmedia":[{"embeddable":true,"href":"https:\/\/bicycool.pl\/index.php?rest_route=\/wp\/v2\/media\/7582"}],"wp:attachment":[{"href":"https:\/\/bicycool.pl\/index.php?rest_route=%2Fwp%2Fv2%2Fmedia&parent=731"}],"wp:term":[{"taxonomy":"product_brand","embeddable":true,"href":"https:\/\/bicycool.pl\/index.php?rest_route=%2Fwp%2Fv2%2Fproduct_brand&post=731"},{"taxonomy":"product_cat","embeddable":true,"href":"https:\/\/bicycool.pl\/index.php?rest_route=%2Fwp%2Fv2%2Fproduct_cat&post=731"},{"taxonomy":"product_tag","embeddable":true,"href":"https:\/\/bicycool.pl\/index.php?rest_route=%2Fwp%2Fv2%2Fproduct_tag&post=731"}],"curies":[{"name":"wp","href":"https:\/\/api.w.org\/{rel}","templated":true}]}}