{"id":7430,"date":"2025-12-01T10:42:57","date_gmt":"2025-12-01T09:42:57","guid":{"rendered":"https:\/\/bicycool.pl\/?post_type=product&#038;p=7430"},"modified":"2025-12-01T10:43:44","modified_gmt":"2025-12-01T09:43:44","slug":"adapter-shimano-xtr-sm-ma90-180-is-pm-tyl","status":"publish","type":"product","link":"https:\/\/bicycool.pl\/?product=adapter-shimano-xtr-sm-ma90-180-is-pm-tyl","title":{"rendered":"Adapter Shimano XTR SM-MA90 180 IS\/PM Ty\u0142"},"content":{"rendered":"<h3 data-start=\"0\" data-end=\"56\"><strong data-start=\"0\" data-end=\"41\"><span class=\"entity-underline hover:entity-accent inline cursor-pointer align-baseline\"><span class=\"whitespace-normal\">Shimano XTR SM\u2011MA90 180 IS\/PM\u00a0<\/span><\/span><\/strong><\/h3>\n<h4 data-start=\"58\" data-end=\"444\"><strong>Adapter do hamulca tarczowego:<\/strong><\/h4>\n<p data-start=\"58\" data-end=\"444\">Przekszta\u0142ca mocowanie ramy z IS (International Standard) na mocowanie zacisku PM (Post-Mount).<br data-start=\"228\" data-end=\"231\" \/>Przeznaczony do tarczy o \u015brednicy <strong data-start=\"265\" data-end=\"275\">180 mm<\/strong> <strong>(TY\u0141).<\/strong><br data-start=\"320\" data-end=\"323\" \/>Wykonany z lekkiego aluminium, do\u0142\u0105czone \u015bruby monta\u017cowe zapewniaj\u0105 solidny monta\u017c.<\/p>\n","protected":false},"excerpt":{"rendered":"<p>Shimano XTR SM\u2011MA90 180 IS\/PM\u00a0 Adapter do hamulca tarczowego: Przekszta\u0142ca mocowanie ramy z IS (International Standard) na mocowanie zacisku PM (Post-Mount).Przeznaczony do tarczy o \u015brednicy 180 mm (TY\u0141).Wykonany z lekkiego aluminium, do\u0142\u0105czone \u015bruby monta\u017cowe zapewniaj\u0105 solidny monta\u017c.<\/p>\n","protected":false},"featured_media":7431,"comment_status":"open","ping_status":"closed","template":"","meta":[],"product_brand":[],"product_cat":[27,136],"product_tag":[],"class_list":{"0":"post-7430","1":"product","2":"type-product","3":"status-publish","4":"has-post-thumbnail","6":"product_cat-czesci-nowe","7":"product_cat-hamulce","8":"product_shipping_class-mala-paczka","10":"first","11":"instock","12":"shipping-taxable","13":"purchasable","14":"product-type-simple"},"_links":{"self":[{"href":"https:\/\/bicycool.pl\/index.php?rest_route=\/wp\/v2\/product\/7430","targetHints":{"allow":["GET"]}}],"collection":[{"href":"https:\/\/bicycool.pl\/index.php?rest_route=\/wp\/v2\/product"}],"about":[{"href":"https:\/\/bicycool.pl\/index.php?rest_route=\/wp\/v2\/types\/product"}],"replies":[{"embeddable":true,"href":"https:\/\/bicycool.pl\/index.php?rest_route=%2Fwp%2Fv2%2Fcomments&post=7430"}],"wp:featuredmedia":[{"embeddable":true,"href":"https:\/\/bicycool.pl\/index.php?rest_route=\/wp\/v2\/media\/7431"}],"wp:attachment":[{"href":"https:\/\/bicycool.pl\/index.php?rest_route=%2Fwp%2Fv2%2Fmedia&parent=7430"}],"wp:term":[{"taxonomy":"product_brand","embeddable":true,"href":"https:\/\/bicycool.pl\/index.php?rest_route=%2Fwp%2Fv2%2Fproduct_brand&post=7430"},{"taxonomy":"product_cat","embeddable":true,"href":"https:\/\/bicycool.pl\/index.php?rest_route=%2Fwp%2Fv2%2Fproduct_cat&post=7430"},{"taxonomy":"product_tag","embeddable":true,"href":"https:\/\/bicycool.pl\/index.php?rest_route=%2Fwp%2Fv2%2Fproduct_tag&post=7430"}],"curies":[{"name":"wp","href":"https:\/\/api.w.org\/{rel}","templated":true}]}}