{"id":7434,"date":"2025-12-01T11:46:35","date_gmt":"2025-12-01T10:46:35","guid":{"rendered":"https:\/\/bicycool.pl\/?post_type=product&#038;p=7434"},"modified":"2025-12-01T11:58:11","modified_gmt":"2025-12-01T10:58:11","slug":"profile-design-wysiegniki-do-lemondki","status":"publish","type":"product","link":"https:\/\/bicycool.pl\/?product=profile-design-wysiegniki-do-lemondki","title":{"rendered":"Profile Design wysi\u0119gniki do lemondki"},"content":{"rendered":"<h3 class=\"Product_product-title__BALAQ\">Profile Design &#8211; wysi\u0119gniki do lemondki<\/h3>\n<ul>\n<li><strong>D\u0142ugo\u015b\u0107:<\/strong> 265mm<\/li>\n<li><strong>Kolor:<\/strong> Czerwony<\/li>\n<\/ul>\n<p>&nbsp;<\/p>\n<p>&nbsp;<\/p>\n","protected":false},"excerpt":{"rendered":"<p>Profile Design &#8211; wysi\u0119gniki do lemondki D\u0142ugo\u015b\u0107: 265mm Kolor: Czerwony &nbsp; &nbsp;<\/p>\n","protected":false},"featured_media":7435,"comment_status":"open","ping_status":"closed","template":"","meta":[],"product_brand":[],"product_cat":[124,27,85,163],"product_tag":[178,179],"class_list":{"0":"post-7434","1":"product","2":"type-product","3":"status-publish","4":"has-post-thumbnail","6":"product_cat-gripy-owijki","7":"product_cat-czesci-nowe","8":"product_cat-outlet","9":"product_cat-triathlon","10":"product_tag-lemondka","11":"product_tag-profile-design","12":"product_shipping_class-mala-paczka","14":"first","15":"instock","16":"shipping-taxable","17":"purchasable","18":"product-type-simple"},"_links":{"self":[{"href":"https:\/\/bicycool.pl\/index.php?rest_route=\/wp\/v2\/product\/7434","targetHints":{"allow":["GET"]}}],"collection":[{"href":"https:\/\/bicycool.pl\/index.php?rest_route=\/wp\/v2\/product"}],"about":[{"href":"https:\/\/bicycool.pl\/index.php?rest_route=\/wp\/v2\/types\/product"}],"replies":[{"embeddable":true,"href":"https:\/\/bicycool.pl\/index.php?rest_route=%2Fwp%2Fv2%2Fcomments&post=7434"}],"wp:featuredmedia":[{"embeddable":true,"href":"https:\/\/bicycool.pl\/index.php?rest_route=\/wp\/v2\/media\/7435"}],"wp:attachment":[{"href":"https:\/\/bicycool.pl\/index.php?rest_route=%2Fwp%2Fv2%2Fmedia&parent=7434"}],"wp:term":[{"taxonomy":"product_brand","embeddable":true,"href":"https:\/\/bicycool.pl\/index.php?rest_route=%2Fwp%2Fv2%2Fproduct_brand&post=7434"},{"taxonomy":"product_cat","embeddable":true,"href":"https:\/\/bicycool.pl\/index.php?rest_route=%2Fwp%2Fv2%2Fproduct_cat&post=7434"},{"taxonomy":"product_tag","embeddable":true,"href":"https:\/\/bicycool.pl\/index.php?rest_route=%2Fwp%2Fv2%2Fproduct_tag&post=7434"}],"curies":[{"name":"wp","href":"https:\/\/api.w.org\/{rel}","templated":true}]}}