{"id":7437,"date":"2025-12-01T11:59:13","date_gmt":"2025-12-01T10:59:13","guid":{"rendered":"https:\/\/bicycool.pl\/?post_type=product&#038;p=7437"},"modified":"2025-12-01T12:06:40","modified_gmt":"2025-12-01T11:06:40","slug":"butelka-bidon-armadillo-aero","status":"publish","type":"product","link":"https:\/\/bicycool.pl\/?product=butelka-bidon-armadillo-aero","title":{"rendered":"Butelka \/ Bidon Armadillo AERO"},"content":{"rendered":"<h1>\u00a0Bidon AERO Armadillo z koszyczkiem<\/h1>\n<p><strong>Cechy produktu:<\/strong><\/p>\n<ul>\n<li>Bidon o Aerodynamicznym kszta\u0142cie<\/li>\n<li>W zestawie dedykowany uchwyt<\/li>\n<li>Idealne uzupe\u0142nienie retro szosy<\/li>\n<li>Stan: NOS (nieu\u017cywany, le\u017cak magazynowy)<\/li>\n<\/ul>\n","protected":false},"excerpt":{"rendered":"<p>\u00a0Bidon AERO Armadillo z koszyczkiem Cechy produktu: Bidon o Aerodynamicznym kszta\u0142cie W zestawie dedykowany uchwyt Idealne uzupe\u0142nienie retro szosy Stan: NOS (nieu\u017cywany, le\u017cak magazynowy)<\/p>\n","protected":false},"featured_media":7439,"comment_status":"open","ping_status":"closed","template":"","meta":[],"product_brand":[],"product_cat":[29,160,85,163],"product_tag":[],"class_list":{"0":"post-7437","1":"product","2":"type-product","3":"status-publish","4":"has-post-thumbnail","6":"product_cat-akcesoria","7":"product_cat-bidony","8":"product_cat-outlet","9":"product_cat-triathlon","10":"product_shipping_class-mala-paczka","12":"first","13":"instock","14":"shipping-taxable","15":"purchasable","16":"product-type-simple"},"_links":{"self":[{"href":"https:\/\/bicycool.pl\/index.php?rest_route=\/wp\/v2\/product\/7437","targetHints":{"allow":["GET"]}}],"collection":[{"href":"https:\/\/bicycool.pl\/index.php?rest_route=\/wp\/v2\/product"}],"about":[{"href":"https:\/\/bicycool.pl\/index.php?rest_route=\/wp\/v2\/types\/product"}],"replies":[{"embeddable":true,"href":"https:\/\/bicycool.pl\/index.php?rest_route=%2Fwp%2Fv2%2Fcomments&post=7437"}],"wp:featuredmedia":[{"embeddable":true,"href":"https:\/\/bicycool.pl\/index.php?rest_route=\/wp\/v2\/media\/7439"}],"wp:attachment":[{"href":"https:\/\/bicycool.pl\/index.php?rest_route=%2Fwp%2Fv2%2Fmedia&parent=7437"}],"wp:term":[{"taxonomy":"product_brand","embeddable":true,"href":"https:\/\/bicycool.pl\/index.php?rest_route=%2Fwp%2Fv2%2Fproduct_brand&post=7437"},{"taxonomy":"product_cat","embeddable":true,"href":"https:\/\/bicycool.pl\/index.php?rest_route=%2Fwp%2Fv2%2Fproduct_cat&post=7437"},{"taxonomy":"product_tag","embeddable":true,"href":"https:\/\/bicycool.pl\/index.php?rest_route=%2Fwp%2Fv2%2Fproduct_tag&post=7437"}],"curies":[{"name":"wp","href":"https:\/\/api.w.org\/{rel}","templated":true}]}}