{"id":7441,"date":"2025-12-01T12:11:20","date_gmt":"2025-12-01T11:11:20","guid":{"rendered":"https:\/\/bicycool.pl\/?post_type=product&#038;p=7441"},"modified":"2025-12-01T13:46:22","modified_gmt":"2025-12-01T12:46:22","slug":"chwyty-kierownicy-brooks-cambium-slender-natural","status":"publish","type":"product","link":"https:\/\/bicycool.pl\/?product=chwyty-kierownicy-brooks-cambium-slender-natural","title":{"rendered":"CHWYTY KIEROWNICY BROOKS CAMBIUM SLENDER NATURAL"},"content":{"rendered":"<h3>BROOKS CAMBIUM<\/h3>\n<p data-start=\"49\" data-end=\"345\">Chwyty <strong data-start=\"56\" data-end=\"82\">Brooks Cambium Slender<\/strong> maj\u0105 aluminiowy rdze\u0144, na kt\u00f3ry w tradycyjny spos\u00f3b nawini\u0119ta jest ta\u015bma \u2013 podobnie jak owijka na kierownicy szosowej. Wykonana z mieszanki <strong data-start=\"223\" data-end=\"241\">bawe\u0142ny i gumy<\/strong>, zapewnia naturalny chwyt, trwa\u0142o\u015b\u0107 i komfort. Aluminiowe zaciski stabilnie utrzymuj\u0105 owij\u0119 na miejscu.<\/p>\n<p data-start=\"347\" data-end=\"455\">Ta\u015bma jest <strong data-start=\"358\" data-end=\"370\">wymienna<\/strong>, dzi\u0119ki czemu mo\u017cna j\u0105 bez problemu zast\u0105pi\u0107 now\u0105 po zu\u017cyciu lub dla zmiany wygl\u0105du.<\/p>\n<p data-start=\"457\" data-end=\"574\"><strong data-start=\"457\" data-end=\"467\">Kolor:<\/strong> naturalna bawe\u0142na (be\u017cowy)<br data-start=\"494\" data-end=\"497\" \/><strong data-start=\"497\" data-end=\"521\">\u015arednica zewn\u0119trzna:<\/strong> ok. 29mm<br data-start=\"536\" data-end=\"539\" \/><strong data-start=\"539\" data-end=\"551\">D\u0142ugo\u015b\u0107:<\/strong> 130 mm<\/p>\n","protected":false},"excerpt":{"rendered":"<p>BROOKS CAMBIUM Chwyty Brooks Cambium Slender maj\u0105 aluminiowy rdze\u0144, na kt\u00f3ry w tradycyjny spos\u00f3b nawini\u0119ta jest ta\u015bma \u2013 podobnie jak owijka na kierownicy szosowej. Wykonana z mieszanki bawe\u0142ny i gumy, zapewnia naturalny chwyt, trwa\u0142o\u015b\u0107 i komfort. Aluminiowe zaciski stabilnie utrzymuj\u0105 owij\u0119 na miejscu. Ta\u015bma jest wymienna, dzi\u0119ki czemu mo\u017cna j\u0105 bez problemu zast\u0105pi\u0107 now\u0105 po&hellip;<\/p>\n","protected":false},"featured_media":7443,"comment_status":"open","ping_status":"closed","template":"","meta":[],"product_brand":[],"product_cat":[124,27],"product_tag":[],"class_list":{"0":"post-7441","1":"product","2":"type-product","3":"status-publish","4":"has-post-thumbnail","6":"product_cat-gripy-owijki","7":"product_cat-czesci-nowe","8":"product_shipping_class-mala-paczka","10":"first","11":"instock","12":"shipping-taxable","13":"purchasable","14":"product-type-simple"},"_links":{"self":[{"href":"https:\/\/bicycool.pl\/index.php?rest_route=\/wp\/v2\/product\/7441","targetHints":{"allow":["GET"]}}],"collection":[{"href":"https:\/\/bicycool.pl\/index.php?rest_route=\/wp\/v2\/product"}],"about":[{"href":"https:\/\/bicycool.pl\/index.php?rest_route=\/wp\/v2\/types\/product"}],"replies":[{"embeddable":true,"href":"https:\/\/bicycool.pl\/index.php?rest_route=%2Fwp%2Fv2%2Fcomments&post=7441"}],"wp:featuredmedia":[{"embeddable":true,"href":"https:\/\/bicycool.pl\/index.php?rest_route=\/wp\/v2\/media\/7443"}],"wp:attachment":[{"href":"https:\/\/bicycool.pl\/index.php?rest_route=%2Fwp%2Fv2%2Fmedia&parent=7441"}],"wp:term":[{"taxonomy":"product_brand","embeddable":true,"href":"https:\/\/bicycool.pl\/index.php?rest_route=%2Fwp%2Fv2%2Fproduct_brand&post=7441"},{"taxonomy":"product_cat","embeddable":true,"href":"https:\/\/bicycool.pl\/index.php?rest_route=%2Fwp%2Fv2%2Fproduct_cat&post=7441"},{"taxonomy":"product_tag","embeddable":true,"href":"https:\/\/bicycool.pl\/index.php?rest_route=%2Fwp%2Fv2%2Fproduct_tag&post=7441"}],"curies":[{"name":"wp","href":"https:\/\/api.w.org\/{rel}","templated":true}]}}