{"id":7449,"date":"2025-12-01T12:39:02","date_gmt":"2025-12-01T11:39:02","guid":{"rendered":"https:\/\/bicycool.pl\/?post_type=product&#038;p=7449"},"modified":"2026-04-18T16:04:55","modified_gmt":"2026-04-18T14:04:55","slug":"shimano-e-tube-project-professional-sm-pce1","status":"publish","type":"product","link":"https:\/\/bicycool.pl\/?product=shimano-e-tube-project-professional-sm-pce1","title":{"rendered":"Shimano E-TUBE PROJECT Professional SM-PCE1"},"content":{"rendered":"<h3 data-start=\"84\" data-end=\"144\"><strong data-start=\"84\" data-end=\"144\">Shimano SM-PCE1 \u2013 interfejs diagnostyczny E-TUBE PROJECT<\/strong><\/h3>\n<p data-start=\"146\" data-end=\"463\">Shimano SM-PCE1 to interfejs serwisowy umo\u017cliwiaj\u0105cy po\u0142\u0105czenie komponent\u00f3w elektronicznych Shimano z komputerem. S\u0142u\u017cy do diagnostyki, konfiguracji oraz aktualizacji oprogramowania uk\u0142adowego system\u00f3w Di2 i E-Tube. Niezast\u0105piony w warsztatach i podczas zaawansowanego serwisowania rower\u00f3w z elektronicznym osprz\u0119tem.<\/p>\n<p data-start=\"465\" data-end=\"491\"><strong data-start=\"465\" data-end=\"491\">Najwa\u017cniejsze funkcje:<\/strong><\/p>\n<ul data-start=\"492\" data-end=\"657\">\n<li data-start=\"492\" data-end=\"536\">\n<p data-start=\"494\" data-end=\"536\">diagnostyka b\u0142\u0119d\u00f3w i podzespo\u0142\u00f3w systemu<\/p>\n<\/li>\n<li data-start=\"537\" data-end=\"562\">\n<p data-start=\"539\" data-end=\"562\">aktualizacja firmware<\/p>\n<\/li>\n<li data-start=\"563\" data-end=\"599\">\n<p data-start=\"565\" data-end=\"599\">konfiguracja ustawie\u0144 Di2\/E-Tube<\/p>\n<\/li>\n<li data-start=\"600\" data-end=\"657\">\n<p data-start=\"602\" data-end=\"657\">stabilne i szybkie po\u0142\u0105czenie przewodowe z komputerem<\/p>\n<\/li>\n<\/ul>\n<p data-start=\"659\" data-end=\"709\"><strong data-start=\"659\" data-end=\"676\">Zastosowanie:<\/strong> systemy Shimano Di2 oraz E-Tube.<\/p>\n","protected":false},"excerpt":{"rendered":"<p>Shimano SM-PCE1 \u2013 interfejs diagnostyczny E-TUBE PROJECT Shimano SM-PCE1 to interfejs serwisowy umo\u017cliwiaj\u0105cy po\u0142\u0105czenie komponent\u00f3w elektronicznych Shimano z komputerem. S\u0142u\u017cy do diagnostyki, konfiguracji oraz aktualizacji oprogramowania uk\u0142adowego system\u00f3w Di2 i E-Tube. Niezast\u0105piony w warsztatach i podczas zaawansowanego serwisowania rower\u00f3w z elektronicznym osprz\u0119tem. Najwa\u017cniejsze funkcje: diagnostyka b\u0142\u0119d\u00f3w i podzespo\u0142\u00f3w systemu aktualizacja firmware konfiguracja ustawie\u0144 Di2\/E-Tube stabilne&hellip;<\/p>\n","protected":false},"featured_media":7455,"comment_status":"open","ping_status":"closed","template":"","meta":[],"product_brand":[],"product_cat":[29,116],"product_tag":[233,72],"class_list":{"0":"post-7449","1":"product","2":"type-product","3":"status-publish","4":"has-post-thumbnail","6":"product_cat-akcesoria","7":"product_cat-narzedzia","8":"product_tag-narzedzia-serwisowe","9":"product_tag-shimano","10":"product_shipping_class-mala-paczka","12":"first","13":"instock","14":"sale","15":"shipping-taxable","16":"purchasable","17":"product-type-simple"},"_links":{"self":[{"href":"https:\/\/bicycool.pl\/index.php?rest_route=\/wp\/v2\/product\/7449","targetHints":{"allow":["GET"]}}],"collection":[{"href":"https:\/\/bicycool.pl\/index.php?rest_route=\/wp\/v2\/product"}],"about":[{"href":"https:\/\/bicycool.pl\/index.php?rest_route=\/wp\/v2\/types\/product"}],"replies":[{"embeddable":true,"href":"https:\/\/bicycool.pl\/index.php?rest_route=%2Fwp%2Fv2%2Fcomments&post=7449"}],"wp:featuredmedia":[{"embeddable":true,"href":"https:\/\/bicycool.pl\/index.php?rest_route=\/wp\/v2\/media\/7455"}],"wp:attachment":[{"href":"https:\/\/bicycool.pl\/index.php?rest_route=%2Fwp%2Fv2%2Fmedia&parent=7449"}],"wp:term":[{"taxonomy":"product_brand","embeddable":true,"href":"https:\/\/bicycool.pl\/index.php?rest_route=%2Fwp%2Fv2%2Fproduct_brand&post=7449"},{"taxonomy":"product_cat","embeddable":true,"href":"https:\/\/bicycool.pl\/index.php?rest_route=%2Fwp%2Fv2%2Fproduct_cat&post=7449"},{"taxonomy":"product_tag","embeddable":true,"href":"https:\/\/bicycool.pl\/index.php?rest_route=%2Fwp%2Fv2%2Fproduct_tag&post=7449"}],"curies":[{"name":"wp","href":"https:\/\/api.w.org\/{rel}","templated":true}]}}