{"id":7460,"date":"2025-12-01T13:13:33","date_gmt":"2025-12-01T12:13:33","guid":{"rendered":"https:\/\/bicycool.pl\/?post_type=product&#038;p=7460"},"modified":"2025-12-01T13:15:56","modified_gmt":"2025-12-01T12:15:56","slug":"shimano-dura-ace-br-r9100-quick-release","status":"publish","type":"product","link":"https:\/\/bicycool.pl\/?product=shimano-dura-ace-br-r9100-quick-release","title":{"rendered":"Shimano Dura-Ace BR-R9100 \u2013 Quick Release\u00a0"},"content":{"rendered":"<h3 data-start=\"79\" data-end=\"152\"><strong data-start=\"79\" data-end=\"152\">Shimano Dura-Ace BR-R9100 \u2013 Quick Release\u00a0<\/strong><\/h3>\n<p data-start=\"154\" data-end=\"396\">Oryginalny <strong data-start=\"165\" data-end=\"192\">mechanizm Quick Release<\/strong> do hamulc\u00f3w szcz\u0119kowych Shimano Dura-Ace BR-R9100. To autentyczna cz\u0119\u015b\u0107 serwisowa Shimano, wykonana z tych samych materia\u0142\u00f3w i w tej samej specyfikacji, co element fabrycznie montowany w grupie Dura-Ace.<\/p>\n<p data-start=\"398\" data-end=\"483\"><strong data-start=\"398\" data-end=\"481\">Kompatybilno\u015b\u0107:<\/strong><\/p>\n<ul data-start=\"484\" data-end=\"599\">\n<li data-start=\"484\" data-end=\"505\">\n<p data-start=\"486\" data-end=\"505\">Dura-Ace BR-R9210<\/p>\n<\/li>\n<li data-start=\"506\" data-end=\"530\">\n<p data-start=\"508\" data-end=\"530\">Dura-Ace BR-R9210-RS<\/p>\n<\/li>\n<li data-start=\"531\" data-end=\"552\">\n<p data-start=\"533\" data-end=\"552\">Dura-Ace BR-R9200<\/p>\n<\/li>\n<li data-start=\"553\" data-end=\"574\">\n<p data-start=\"555\" data-end=\"574\">Dura-Ace BR-R9110<\/p>\n<\/li>\n<li data-start=\"575\" data-end=\"599\">\n<p data-start=\"577\" data-end=\"599\">Dura-Ace BR-R9110-RS<\/p>\n<\/li>\n<\/ul>\n","protected":false},"excerpt":{"rendered":"<p>Shimano Dura-Ace BR-R9100 \u2013 Quick Release\u00a0 Oryginalny mechanizm Quick Release do hamulc\u00f3w szcz\u0119kowych Shimano Dura-Ace BR-R9100. To autentyczna cz\u0119\u015b\u0107 serwisowa Shimano, wykonana z tych samych materia\u0142\u00f3w i w tej samej specyfikacji, co element fabrycznie montowany w grupie Dura-Ace. Kompatybilno\u015b\u0107: Dura-Ace BR-R9210 Dura-Ace BR-R9210-RS Dura-Ace BR-R9200 Dura-Ace BR-R9110 Dura-Ace BR-R9110-RS<\/p>\n","protected":false},"featured_media":7461,"comment_status":"open","ping_status":"closed","template":"","meta":[],"product_brand":[],"product_cat":[27,136,85],"product_tag":[],"class_list":{"0":"post-7460","1":"product","2":"type-product","3":"status-publish","4":"has-post-thumbnail","6":"product_cat-czesci-nowe","7":"product_cat-hamulce","8":"product_cat-outlet","9":"product_shipping_class-mala-paczka","11":"first","12":"instock","13":"shipping-taxable","14":"purchasable","15":"product-type-simple"},"_links":{"self":[{"href":"https:\/\/bicycool.pl\/index.php?rest_route=\/wp\/v2\/product\/7460","targetHints":{"allow":["GET"]}}],"collection":[{"href":"https:\/\/bicycool.pl\/index.php?rest_route=\/wp\/v2\/product"}],"about":[{"href":"https:\/\/bicycool.pl\/index.php?rest_route=\/wp\/v2\/types\/product"}],"replies":[{"embeddable":true,"href":"https:\/\/bicycool.pl\/index.php?rest_route=%2Fwp%2Fv2%2Fcomments&post=7460"}],"wp:featuredmedia":[{"embeddable":true,"href":"https:\/\/bicycool.pl\/index.php?rest_route=\/wp\/v2\/media\/7461"}],"wp:attachment":[{"href":"https:\/\/bicycool.pl\/index.php?rest_route=%2Fwp%2Fv2%2Fmedia&parent=7460"}],"wp:term":[{"taxonomy":"product_brand","embeddable":true,"href":"https:\/\/bicycool.pl\/index.php?rest_route=%2Fwp%2Fv2%2Fproduct_brand&post=7460"},{"taxonomy":"product_cat","embeddable":true,"href":"https:\/\/bicycool.pl\/index.php?rest_route=%2Fwp%2Fv2%2Fproduct_cat&post=7460"},{"taxonomy":"product_tag","embeddable":true,"href":"https:\/\/bicycool.pl\/index.php?rest_route=%2Fwp%2Fv2%2Fproduct_tag&post=7460"}],"curies":[{"name":"wp","href":"https:\/\/api.w.org\/{rel}","templated":true}]}}