{"id":7476,"date":"2025-12-01T14:15:33","date_gmt":"2025-12-01T13:15:33","guid":{"rendered":"https:\/\/bicycool.pl\/?post_type=product&#038;p=7476"},"modified":"2025-12-01T14:22:48","modified_gmt":"2025-12-01T13:22:48","slug":"wentyl-tubeless-mavic","status":"publish","type":"product","link":"https:\/\/bicycool.pl\/?product=wentyl-tubeless-mavic","title":{"rendered":"Wentyl tubeless Mavic"},"content":{"rendered":"<h3 class=\"Product_product-title__BALAQ\">Wentyl tubeless Mavic<\/h3>\n<p>&nbsp;<\/p>\n<ul>\n<li>D\u0142ugo\u015b\u0107: 350mm<\/li>\n<li>Kolor: Srebrny<\/li>\n<li>W zestawie kluczyk do odkr\u0119cania zaworu, adapter na AV<\/li>\n<\/ul>\n","protected":false},"excerpt":{"rendered":"<p>Wentyl tubeless Mavic &nbsp; D\u0142ugo\u015b\u0107: 350mm Kolor: Srebrny W zestawie kluczyk do odkr\u0119cania zaworu, adapter na AV<\/p>\n","protected":false},"featured_media":7477,"comment_status":"open","ping_status":"closed","template":"","meta":[],"product_brand":[],"product_cat":[162,27,163],"product_tag":[],"class_list":{"0":"post-7476","1":"product","2":"type-product","3":"status-publish","4":"has-post-thumbnail","6":"product_cat-adaptey-wentyli-i-tubeless","7":"product_cat-czesci-nowe","8":"product_cat-triathlon","9":"product_shipping_class-mala-paczka","11":"first","12":"instock","13":"shipping-taxable","14":"purchasable","15":"product-type-simple"},"_links":{"self":[{"href":"https:\/\/bicycool.pl\/index.php?rest_route=\/wp\/v2\/product\/7476","targetHints":{"allow":["GET"]}}],"collection":[{"href":"https:\/\/bicycool.pl\/index.php?rest_route=\/wp\/v2\/product"}],"about":[{"href":"https:\/\/bicycool.pl\/index.php?rest_route=\/wp\/v2\/types\/product"}],"replies":[{"embeddable":true,"href":"https:\/\/bicycool.pl\/index.php?rest_route=%2Fwp%2Fv2%2Fcomments&post=7476"}],"wp:featuredmedia":[{"embeddable":true,"href":"https:\/\/bicycool.pl\/index.php?rest_route=\/wp\/v2\/media\/7477"}],"wp:attachment":[{"href":"https:\/\/bicycool.pl\/index.php?rest_route=%2Fwp%2Fv2%2Fmedia&parent=7476"}],"wp:term":[{"taxonomy":"product_brand","embeddable":true,"href":"https:\/\/bicycool.pl\/index.php?rest_route=%2Fwp%2Fv2%2Fproduct_brand&post=7476"},{"taxonomy":"product_cat","embeddable":true,"href":"https:\/\/bicycool.pl\/index.php?rest_route=%2Fwp%2Fv2%2Fproduct_cat&post=7476"},{"taxonomy":"product_tag","embeddable":true,"href":"https:\/\/bicycool.pl\/index.php?rest_route=%2Fwp%2Fv2%2Fproduct_tag&post=7476"}],"curies":[{"name":"wp","href":"https:\/\/api.w.org\/{rel}","templated":true}]}}