{"id":752,"date":"2023-11-28T16:23:55","date_gmt":"2023-11-28T15:23:55","guid":{"rendered":"https:\/\/bicycool.pl\/?post_type=product&#038;p=752"},"modified":"2023-11-28T16:24:34","modified_gmt":"2023-11-28T15:24:34","slug":"mechanizm-korbowy-sram-2x10s-50-34","status":"publish","type":"product","link":"https:\/\/bicycool.pl\/?product=mechanizm-korbowy-sram-2x10s-50-34","title":{"rendered":"Mechanizm korbowy SRAM 2x10s 50\/34"},"content":{"rendered":"<h3 class=\"Product_product-title__BALAQ\">Mechanizm korbowy SRAM<\/h3>\n<ul>\n<li>D\u0142ugo\u015b\u0107 ramienia &#8211; 175mm<\/li>\n<li>Stopniowanie &#8211; 50\/36<\/li>\n<li>Standard korby &#8211; power spline<\/li>\n<li>Nap\u0119d &#8211; 2&#215;10<\/li>\n<\/ul>\n","protected":false},"excerpt":{"rendered":"<p>Mechanizm korbowy SRAM D\u0142ugo\u015b\u0107 ramienia &#8211; 175mm Stopniowanie &#8211; 50\/36 Standard korby &#8211; power spline Nap\u0119d &#8211; 2&#215;10<\/p>\n","protected":false},"featured_media":750,"comment_status":"open","ping_status":"closed","template":"","meta":[],"product_brand":[],"product_cat":[27,169],"product_tag":[],"class_list":{"0":"post-752","1":"product","2":"type-product","3":"status-publish","4":"has-post-thumbnail","6":"product_cat-czesci-nowe","7":"product_cat-mechanizmy-korbowe","8":"product_shipping_class-mala-paczka","10":"first","11":"instock","12":"shipping-taxable","13":"purchasable","14":"product-type-simple"},"_links":{"self":[{"href":"https:\/\/bicycool.pl\/index.php?rest_route=\/wp\/v2\/product\/752","targetHints":{"allow":["GET"]}}],"collection":[{"href":"https:\/\/bicycool.pl\/index.php?rest_route=\/wp\/v2\/product"}],"about":[{"href":"https:\/\/bicycool.pl\/index.php?rest_route=\/wp\/v2\/types\/product"}],"replies":[{"embeddable":true,"href":"https:\/\/bicycool.pl\/index.php?rest_route=%2Fwp%2Fv2%2Fcomments&post=752"}],"wp:featuredmedia":[{"embeddable":true,"href":"https:\/\/bicycool.pl\/index.php?rest_route=\/wp\/v2\/media\/750"}],"wp:attachment":[{"href":"https:\/\/bicycool.pl\/index.php?rest_route=%2Fwp%2Fv2%2Fmedia&parent=752"}],"wp:term":[{"taxonomy":"product_brand","embeddable":true,"href":"https:\/\/bicycool.pl\/index.php?rest_route=%2Fwp%2Fv2%2Fproduct_brand&post=752"},{"taxonomy":"product_cat","embeddable":true,"href":"https:\/\/bicycool.pl\/index.php?rest_route=%2Fwp%2Fv2%2Fproduct_cat&post=752"},{"taxonomy":"product_tag","embeddable":true,"href":"https:\/\/bicycool.pl\/index.php?rest_route=%2Fwp%2Fv2%2Fproduct_tag&post=752"}],"curies":[{"name":"wp","href":"https:\/\/api.w.org\/{rel}","templated":true}]}}