{"id":7525,"date":"2025-12-01T17:39:04","date_gmt":"2025-12-01T16:39:04","guid":{"rendered":"https:\/\/bicycool.pl\/?post_type=product&#038;p=7525"},"modified":"2025-12-01T17:41:26","modified_gmt":"2025-12-01T16:41:26","slug":"powerway-lefty-1-0-uszczelka-boczna-osi-end-cap-cannondale","status":"publish","type":"product","link":"https:\/\/bicycool.pl\/?product=powerway-lefty-1-0-uszczelka-boczna-osi-end-cap-cannondale","title":{"rendered":"Powerway Lefty 1.0 \u2013 uszczelka boczna osi (end cap) Cannondale"},"content":{"rendered":"<h2 data-start=\"42\" data-end=\"106\"><strong data-start=\"42\" data-end=\"104\">Powerway Lefty 1.0 \u2013 uszczelka boczna osi (end cap)<\/strong><\/h2>\n<p data-start=\"108\" data-end=\"339\">Gumowa uszczelka boczna do piasty <strong data-start=\"142\" data-end=\"164\">Powerway Lefty 1.0<\/strong> \u2013 element zamienny do przednich piast Lefty stosowanych w rowerach MTB (XC\/AM). Zapewnia ochron\u0119 \u0142o\u017cysk przed zabrudzeniami i wilgoci\u0105 oraz stabilne dopasowanie ko\u0144c\u00f3wki osi.<\/p>\n<p data-start=\"341\" data-end=\"360\"><strong data-start=\"341\" data-end=\"358\">Specyfikacja:<\/strong><\/p>\n<ul data-start=\"361\" data-end=\"565\">\n<li data-start=\"361\" data-end=\"400\">\n<p data-start=\"363\" data-end=\"400\">Zastosowanie: przednia piasta Lefty<\/p>\n<\/li>\n<li data-start=\"401\" data-end=\"426\">\n<p data-start=\"403\" data-end=\"426\">Typ hamulca: tarczowy<\/p>\n<\/li>\n<li data-start=\"427\" data-end=\"461\">\n<p data-start=\"429\" data-end=\"461\">Kategoria: piasta na \u0142o\u017cyskach<\/p>\n<\/li>\n<li data-start=\"462\" data-end=\"513\">\n<p data-start=\"464\" data-end=\"513\">Materia\u0142: aluminium (korpus) + guma (uszczelka)<\/p>\n<\/li>\n<\/ul>\n","protected":false},"excerpt":{"rendered":"<p>Powerway Lefty 1.0 \u2013 uszczelka boczna osi (end cap) Gumowa uszczelka boczna do piasty Powerway Lefty 1.0 \u2013 element zamienny do przednich piast Lefty stosowanych w rowerach MTB (XC\/AM). Zapewnia ochron\u0119 \u0142o\u017cysk przed zabrudzeniami i wilgoci\u0105 oraz stabilne dopasowanie ko\u0144c\u00f3wki osi. Specyfikacja: Zastosowanie: przednia piasta Lefty Typ hamulca: tarczowy Kategoria: piasta na \u0142o\u017cyskach Materia\u0142: aluminium&hellip;<\/p>\n","protected":false},"featured_media":7526,"comment_status":"open","ping_status":"closed","template":"","meta":[],"product_brand":[],"product_cat":[27,168],"product_tag":[],"class_list":{"0":"post-7525","1":"product","2":"type-product","3":"status-publish","4":"has-post-thumbnail","6":"product_cat-czesci-nowe","7":"product_cat-piasty","8":"product_shipping_class-mala-paczka","10":"first","11":"instock","12":"shipping-taxable","13":"purchasable","14":"product-type-simple"},"_links":{"self":[{"href":"https:\/\/bicycool.pl\/index.php?rest_route=\/wp\/v2\/product\/7525","targetHints":{"allow":["GET"]}}],"collection":[{"href":"https:\/\/bicycool.pl\/index.php?rest_route=\/wp\/v2\/product"}],"about":[{"href":"https:\/\/bicycool.pl\/index.php?rest_route=\/wp\/v2\/types\/product"}],"replies":[{"embeddable":true,"href":"https:\/\/bicycool.pl\/index.php?rest_route=%2Fwp%2Fv2%2Fcomments&post=7525"}],"wp:featuredmedia":[{"embeddable":true,"href":"https:\/\/bicycool.pl\/index.php?rest_route=\/wp\/v2\/media\/7526"}],"wp:attachment":[{"href":"https:\/\/bicycool.pl\/index.php?rest_route=%2Fwp%2Fv2%2Fmedia&parent=7525"}],"wp:term":[{"taxonomy":"product_brand","embeddable":true,"href":"https:\/\/bicycool.pl\/index.php?rest_route=%2Fwp%2Fv2%2Fproduct_brand&post=7525"},{"taxonomy":"product_cat","embeddable":true,"href":"https:\/\/bicycool.pl\/index.php?rest_route=%2Fwp%2Fv2%2Fproduct_cat&post=7525"},{"taxonomy":"product_tag","embeddable":true,"href":"https:\/\/bicycool.pl\/index.php?rest_route=%2Fwp%2Fv2%2Fproduct_tag&post=7525"}],"curies":[{"name":"wp","href":"https:\/\/api.w.org\/{rel}","templated":true}]}}