{"id":7536,"date":"2025-12-02T12:21:37","date_gmt":"2025-12-02T11:21:37","guid":{"rendered":"https:\/\/bicycool.pl\/?post_type=product&#038;p=7536"},"modified":"2025-12-02T12:33:42","modified_gmt":"2025-12-02T11:33:42","slug":"kolnierz-sterow-specialized-hds-my20","status":"publish","type":"product","link":"https:\/\/bicycool.pl\/?product=kolnierz-sterow-specialized-hds-my20","title":{"rendered":"Ko\u0142nierz ster\u00f3w Specialized HDS MY20"},"content":{"rendered":"<h2 data-start=\"202\" data-end=\"518\"><strong data-start=\"202\" data-end=\"242\">Ko\u0142nierz ster\u00f3w Specialized HDS MY20<\/strong><\/h2>\n<p data-start=\"202\" data-end=\"518\">Precyzyjny element uk\u0142adu sterowego, zaprojektowany do rower\u00f3w szosowych, gravelowych i fitness marki Specialized. Odpowiada za pewne osadzenie \u0142o\u017cysk oraz p\u0142ynne, stabilne prowadzenie ster\u00f3w, co przek\u0142ada si\u0119 na dok\u0142adniejsze kierowanie i wi\u0119ksz\u0105 trwa\u0142o\u015b\u0107 ca\u0142ego systemu.<\/p>\n<p data-start=\"520\" data-end=\"712\">Komponent wykonany jest z wytrzyma\u0142ych materia\u0142\u00f3w i dostosowany do szerokiej gamy modeli z lat 2017\u20132021, co czyni go idealnym wyborem przy serwisie, renowacji lub wymianie oryginalnej cz\u0119\u015bci.<\/p>\n<hr data-start=\"714\" data-end=\"717\" \/>\n<h3 data-start=\"771\" data-end=\"783\"><strong data-start=\"775\" data-end=\"783\">2021<\/strong><\/h3>\n<ul data-start=\"784\" data-end=\"1589\">\n<li data-start=\"784\" data-end=\"807\">\n<p data-start=\"786\" data-end=\"807\">Creo SL Comp Carbon<\/p>\n<\/li>\n<li data-start=\"808\" data-end=\"835\">\n<p data-start=\"810\" data-end=\"835\">Creo SL Comp Carbon Evo<\/p>\n<\/li>\n<li data-start=\"836\" data-end=\"855\">\n<p data-start=\"838\" data-end=\"855\">Creo SL E5 Comp<\/p>\n<\/li>\n<li data-start=\"856\" data-end=\"881\">\n<p data-start=\"858\" data-end=\"881\">Creo SL Expert Carbon<\/p>\n<\/li>\n<li data-start=\"882\" data-end=\"911\">\n<p data-start=\"884\" data-end=\"911\">Creo SL Expert Carbon Evo<\/p>\n<\/li>\n<li data-start=\"912\" data-end=\"933\">\n<p data-start=\"914\" data-end=\"933\">Creo SL SW Carbon<\/p>\n<\/li>\n<li data-start=\"934\" data-end=\"959\">\n<p data-start=\"936\" data-end=\"959\">Creo SL SW Carbon Evo<\/p>\n<\/li>\n<li data-start=\"960\" data-end=\"983\">\n<p data-start=\"962\" data-end=\"983\">Diverge Base Carbon<\/p>\n<\/li>\n<li data-start=\"984\" data-end=\"1007\">\n<p data-start=\"986\" data-end=\"1007\">Diverge Comp Carbon<\/p>\n<\/li>\n<li data-start=\"1008\" data-end=\"1027\">\n<p data-start=\"1010\" data-end=\"1027\">Diverge E5 Comp<\/p>\n<\/li>\n<li data-start=\"1028\" data-end=\"1051\">\n<p data-start=\"1030\" data-end=\"1051\">Diverge E5 Comp Evo<\/p>\n<\/li>\n<li data-start=\"1052\" data-end=\"1078\">\n<p data-start=\"1054\" data-end=\"1078\">Diverge E5 Comp Evo TW<\/p>\n<\/li>\n<li data-start=\"1079\" data-end=\"1101\">\n<p data-start=\"1081\" data-end=\"1101\">Diverge E5 Comp TW<\/p>\n<\/li>\n<li data-start=\"1102\" data-end=\"1127\">\n<p data-start=\"1104\" data-end=\"1127\">Diverge E5 Expert Evo<\/p>\n<\/li>\n<li data-start=\"1128\" data-end=\"1156\">\n<p data-start=\"1130\" data-end=\"1156\">Diverge E5 Expert Evo TW<\/p>\n<\/li>\n<li data-start=\"1157\" data-end=\"1182\">\n<p data-start=\"1159\" data-end=\"1182\">Diverge Expert Carbon<\/p>\n<\/li>\n<li data-start=\"1183\" data-end=\"1205\">\n<p data-start=\"1185\" data-end=\"1205\">Diverge Ltd Carbon<\/p>\n<\/li>\n<li data-start=\"1206\" data-end=\"1233\">\n<p data-start=\"1208\" data-end=\"1233\">Diverge Pro Carbon Etap<\/p>\n<\/li>\n<li data-start=\"1234\" data-end=\"1258\">\n<p data-start=\"1236\" data-end=\"1258\">Diverge Sport Carbon<\/p>\n<\/li>\n<li data-start=\"1259\" data-end=\"1285\">\n<p data-start=\"1261\" data-end=\"1285\">Diverge SW Carbon Etap<\/p>\n<\/li>\n<li data-start=\"1286\" data-end=\"1309\">\n<p data-start=\"1288\" data-end=\"1309\">Diverge SW FrameSet<\/p>\n<\/li>\n<li data-start=\"1310\" data-end=\"1326\">\n<p data-start=\"1312\" data-end=\"1326\">Roubaix Base<\/p>\n<\/li>\n<li data-start=\"1327\" data-end=\"1343\">\n<p data-start=\"1329\" data-end=\"1343\">Roubaix Comp<\/p>\n<\/li>\n<li data-start=\"1344\" data-end=\"1362\">\n<p data-start=\"1346\" data-end=\"1362\">Roubaix Expert<\/p>\n<\/li>\n<li data-start=\"1363\" data-end=\"1378\">\n<p data-start=\"1365\" data-end=\"1378\">Roubaix Pro<\/p>\n<\/li>\n<li data-start=\"1379\" data-end=\"1396\">\n<p data-start=\"1381\" data-end=\"1396\">Roubaix Sport<\/p>\n<\/li>\n<li data-start=\"1397\" data-end=\"1432\">\n<p data-start=\"1399\" data-end=\"1432\">Roubaix SW Di2 Sagan Collection<\/p>\n<\/li>\n<li data-start=\"1433\" data-end=\"1452\">\n<p data-start=\"1435\" data-end=\"1452\">Roubaix SW Etap<\/p>\n<\/li>\n<li data-start=\"1453\" data-end=\"1476\">\n<p data-start=\"1455\" data-end=\"1476\">Roubaix SW FrameSet<\/p>\n<\/li>\n<li data-start=\"1477\" data-end=\"1505\">\n<p data-start=\"1479\" data-end=\"1505\">Roubaix SW Team FrameSet<\/p>\n<\/li>\n<li data-start=\"1506\" data-end=\"1520\">\n<p data-start=\"1508\" data-end=\"1520\">Sirrus 6.0<\/p>\n<\/li>\n<li data-start=\"1521\" data-end=\"1537\">\n<p data-start=\"1523\" data-end=\"1537\">Sirrus X 4.0<\/p>\n<\/li>\n<li data-start=\"1538\" data-end=\"1554\">\n<p data-start=\"1540\" data-end=\"1554\">Sirrus X 5.0<\/p>\n<\/li>\n<li data-start=\"1555\" data-end=\"1570\">\n<p data-start=\"1557\" data-end=\"1570\">Vado SL 5.0<\/p>\n<\/li>\n<li data-start=\"1571\" data-end=\"1589\">\n<p data-start=\"1573\" data-end=\"1589\">Vado SL 5.0 EQ<\/p>\n<\/li>\n<\/ul>\n<h3 data-start=\"1591\" data-end=\"1603\"><strong data-start=\"1595\" data-end=\"1603\">2020<\/strong><\/h3>\n<ul data-start=\"1604\" data-end=\"2620\">\n<li data-start=\"1604\" data-end=\"1627\">\n<p data-start=\"1606\" data-end=\"1627\">Creo SL Comp Carbon<\/p>\n<\/li>\n<li data-start=\"1628\" data-end=\"1655\">\n<p data-start=\"1630\" data-end=\"1655\">Creo SL Comp Carbon Evo<\/p>\n<\/li>\n<li data-start=\"1656\" data-end=\"1675\">\n<p data-start=\"1658\" data-end=\"1675\">Creo SL E5 Comp<\/p>\n<\/li>\n<li data-start=\"1676\" data-end=\"1701\">\n<p data-start=\"1678\" data-end=\"1701\">Creo SL Expert Carbon<\/p>\n<\/li>\n<li data-start=\"1702\" data-end=\"1731\">\n<p data-start=\"1704\" data-end=\"1731\">Creo SL Expert Carbon Evo<\/p>\n<\/li>\n<li data-start=\"1732\" data-end=\"1753\">\n<p data-start=\"1734\" data-end=\"1753\">Creo SL SW Carbon<\/p>\n<\/li>\n<li data-start=\"1754\" data-end=\"1792\">\n<p data-start=\"1756\" data-end=\"1792\">Creo SL SW Carbon Founders Edition<\/p>\n<\/li>\n<li data-start=\"1793\" data-end=\"1819\">\n<p data-start=\"1795\" data-end=\"1819\">Diverge Base Carbon X1<\/p>\n<\/li>\n<li data-start=\"1820\" data-end=\"1843\">\n<p data-start=\"1822\" data-end=\"1843\">Diverge Comp Carbon<\/p>\n<\/li>\n<li data-start=\"1844\" data-end=\"1863\">\n<p data-start=\"1846\" data-end=\"1863\">Diverge E5 Comp<\/p>\n<\/li>\n<li data-start=\"1864\" data-end=\"1884\">\n<p data-start=\"1866\" data-end=\"1884\">Diverge E5 Elite<\/p>\n<\/li>\n<li data-start=\"1885\" data-end=\"1913\">\n<p data-start=\"1887\" data-end=\"1913\">Diverge Expert Carbon X1<\/p>\n<\/li>\n<li data-start=\"1914\" data-end=\"1941\">\n<p data-start=\"1916\" data-end=\"1941\">Diverge Pro Carbon UDi2<\/p>\n<\/li>\n<li data-start=\"1942\" data-end=\"1966\">\n<p data-start=\"1944\" data-end=\"1966\">Diverge Sport Carbon<\/p>\n<\/li>\n<li data-start=\"1967\" data-end=\"1993\">\n<p data-start=\"1969\" data-end=\"1993\">Diverge SW Carbon Etap<\/p>\n<\/li>\n<li data-start=\"1994\" data-end=\"2017\">\n<p data-start=\"1996\" data-end=\"2017\">Diverge SW FrameSet<\/p>\n<\/li>\n<li data-start=\"2018\" data-end=\"2034\">\n<p data-start=\"2020\" data-end=\"2034\">Roubaix Base<\/p>\n<\/li>\n<li data-start=\"2035\" data-end=\"2051\">\n<p data-start=\"2037\" data-end=\"2051\">Roubaix Comp<\/p>\n<\/li>\n<li data-start=\"2052\" data-end=\"2085\">\n<p data-start=\"2054\" data-end=\"2085\">Roubaix Comp Sagan Collection<\/p>\n<\/li>\n<li data-start=\"2086\" data-end=\"2107\">\n<p data-start=\"2088\" data-end=\"2107\">Roubaix Comp UDi2<\/p>\n<\/li>\n<li data-start=\"2108\" data-end=\"2131\">\n<p data-start=\"2110\" data-end=\"2131\">Roubaix Expert UDi2<\/p>\n<\/li>\n<li data-start=\"2132\" data-end=\"2152\">\n<p data-start=\"2134\" data-end=\"2152\">Roubaix Pro Etap<\/p>\n<\/li>\n<li data-start=\"2153\" data-end=\"2170\">\n<p data-start=\"2155\" data-end=\"2170\">Roubaix Sport<\/p>\n<\/li>\n<li data-start=\"2171\" data-end=\"2189\">\n<p data-start=\"2173\" data-end=\"2189\">Roubaix SW Di2<\/p>\n<\/li>\n<li data-start=\"2190\" data-end=\"2225\">\n<p data-start=\"2192\" data-end=\"2225\">Roubaix SW Di2 Sagan Collection<\/p>\n<\/li>\n<li data-start=\"2226\" data-end=\"2245\">\n<p data-start=\"2228\" data-end=\"2245\">Roubaix SW Etap<\/p>\n<\/li>\n<li data-start=\"2246\" data-end=\"2269\">\n<p data-start=\"2248\" data-end=\"2269\">Roubaix SW FrameSet<\/p>\n<\/li>\n<li data-start=\"2270\" data-end=\"2310\">\n<p data-start=\"2272\" data-end=\"2310\">Roubaix SW FrameSet Sagan Collection<\/p>\n<\/li>\n<li data-start=\"2311\" data-end=\"2339\">\n<p data-start=\"2313\" data-end=\"2339\">Roubaix SW Team FrameSet<\/p>\n<\/li>\n<li data-start=\"2340\" data-end=\"2368\">\n<p data-start=\"2342\" data-end=\"2368\">Sirrus Men Expert Carbon<\/p>\n<\/li>\n<li data-start=\"2369\" data-end=\"2401\">\n<p data-start=\"2371\" data-end=\"2401\">Sirrus Men Expert Carbon INT<\/p>\n<\/li>\n<li data-start=\"2402\" data-end=\"2427\">\n<p data-start=\"2404\" data-end=\"2427\">Sirrus Men Pro Carbon<\/p>\n<\/li>\n<li data-start=\"2428\" data-end=\"2456\">\n<p data-start=\"2430\" data-end=\"2456\">Sirrus Men X Comp Carbon<\/p>\n<\/li>\n<li data-start=\"2457\" data-end=\"2489\">\n<p data-start=\"2459\" data-end=\"2489\">Sirrus Men X Comp Carbon INT<\/p>\n<\/li>\n<li data-start=\"2490\" data-end=\"2520\">\n<p data-start=\"2492\" data-end=\"2520\">Sirrus Women Expert Carbon<\/p>\n<\/li>\n<li data-start=\"2521\" data-end=\"2551\">\n<p data-start=\"2523\" data-end=\"2551\">Sirrus Women X Comp Carbon<\/p>\n<\/li>\n<li data-start=\"2552\" data-end=\"2586\">\n<p data-start=\"2554\" data-end=\"2586\">Sirrus Women X Comp Carbon INT<\/p>\n<\/li>\n<li data-start=\"2587\" data-end=\"2603\">\n<p data-start=\"2589\" data-end=\"2603\">Sirrus X 4.0<\/p>\n<\/li>\n<li data-start=\"2604\" data-end=\"2620\">\n<p data-start=\"2606\" data-end=\"2620\">Sirrus X 5.0<\/p>\n<\/li>\n<\/ul>\n<h3 data-start=\"2622\" data-end=\"2634\"><strong data-start=\"2626\" data-end=\"2634\">2019<\/strong><\/h3>\n<ul data-start=\"2635\" data-end=\"3716\">\n<li data-start=\"2635\" data-end=\"2655\">\n<p data-start=\"2637\" data-end=\"2655\">Diverge Men Base<\/p>\n<\/li>\n<li data-start=\"2656\" data-end=\"2676\">\n<p data-start=\"2658\" data-end=\"2676\">Diverge Men Comp<\/p>\n<\/li>\n<li data-start=\"2677\" data-end=\"2700\">\n<p data-start=\"2679\" data-end=\"2700\">Diverge Men E5 Comp<\/p>\n<\/li>\n<li data-start=\"2701\" data-end=\"2726\">\n<p data-start=\"2703\" data-end=\"2726\">Diverge Men Expert X1<\/p>\n<\/li>\n<li data-start=\"2727\" data-end=\"2751\">\n<p data-start=\"2729\" data-end=\"2751\">Diverge Men Pro UDi2<\/p>\n<\/li>\n<li data-start=\"2752\" data-end=\"2773\">\n<p data-start=\"2754\" data-end=\"2773\">Diverge Men Sport<\/p>\n<\/li>\n<li data-start=\"2774\" data-end=\"2796\">\n<p data-start=\"2776\" data-end=\"2796\">Diverge Men SW Di2<\/p>\n<\/li>\n<li data-start=\"2797\" data-end=\"2820\">\n<p data-start=\"2799\" data-end=\"2820\">Diverge SW FrameSet<\/p>\n<\/li>\n<li data-start=\"2821\" data-end=\"2843\">\n<p data-start=\"2823\" data-end=\"2843\">Diverge Women Base<\/p>\n<\/li>\n<li data-start=\"2844\" data-end=\"2866\">\n<p data-start=\"2846\" data-end=\"2866\">Diverge Women Comp<\/p>\n<\/li>\n<li data-start=\"2867\" data-end=\"2892\">\n<p data-start=\"2869\" data-end=\"2892\">Diverge Women E5 Comp<\/p>\n<\/li>\n<li data-start=\"2893\" data-end=\"2920\">\n<p data-start=\"2895\" data-end=\"2920\">Diverge Women Expert X1<\/p>\n<\/li>\n<li data-start=\"2921\" data-end=\"2956\">\n<p data-start=\"2923\" data-end=\"2956\">Diverge Women Expert X1 Mixtape<\/p>\n<\/li>\n<li data-start=\"2957\" data-end=\"2980\">\n<p data-start=\"2959\" data-end=\"2980\">Diverge Women Sport<\/p>\n<\/li>\n<li data-start=\"2981\" data-end=\"2997\">\n<p data-start=\"2983\" data-end=\"2997\">Roubaix Base<\/p>\n<\/li>\n<li data-start=\"2998\" data-end=\"3020\">\n<p data-start=\"3000\" data-end=\"3020\">Roubaix Base Hydro<\/p>\n<\/li>\n<li data-start=\"3021\" data-end=\"3037\">\n<p data-start=\"3023\" data-end=\"3037\">Roubaix Comp<\/p>\n<\/li>\n<li data-start=\"3038\" data-end=\"3059\">\n<p data-start=\"3040\" data-end=\"3059\">Roubaix Comp UDi2<\/p>\n<\/li>\n<li data-start=\"3060\" data-end=\"3081\">\n<p data-start=\"3062\" data-end=\"3081\">Roubaix Expert WF<\/p>\n<\/li>\n<li data-start=\"3082\" data-end=\"3105\">\n<p data-start=\"3084\" data-end=\"3105\">Roubaix Expert UDi2<\/p>\n<\/li>\n<li data-start=\"3106\" data-end=\"3123\">\n<p data-start=\"3108\" data-end=\"3123\">Roubaix Sport<\/p>\n<\/li>\n<li data-start=\"3124\" data-end=\"3141\">\n<p data-start=\"3126\" data-end=\"3141\">Roubaix SW WF<\/p>\n<\/li>\n<li data-start=\"3142\" data-end=\"3160\">\n<p data-start=\"3144\" data-end=\"3160\">Roubaix SW Di2<\/p>\n<\/li>\n<li data-start=\"3161\" data-end=\"3184\">\n<p data-start=\"3163\" data-end=\"3184\">Roubaix SW FrameSet<\/p>\n<\/li>\n<li data-start=\"3185\" data-end=\"3198\">\n<p data-start=\"3187\" data-end=\"3198\">Ruby Base<\/p>\n<\/li>\n<li data-start=\"3199\" data-end=\"3218\">\n<p data-start=\"3201\" data-end=\"3218\">Ruby Base Hydro<\/p>\n<\/li>\n<li data-start=\"3219\" data-end=\"3232\">\n<p data-start=\"3221\" data-end=\"3232\">Ruby Comp<\/p>\n<\/li>\n<li data-start=\"3233\" data-end=\"3251\">\n<p data-start=\"3235\" data-end=\"3251\">Ruby Comp UDi2<\/p>\n<\/li>\n<li data-start=\"3252\" data-end=\"3272\">\n<p data-start=\"3254\" data-end=\"3272\">Ruby Expert UDi2<\/p>\n<\/li>\n<li data-start=\"3273\" data-end=\"3287\">\n<p data-start=\"3275\" data-end=\"3287\">Ruby Sport<\/p>\n<\/li>\n<li data-start=\"3288\" data-end=\"3303\">\n<p data-start=\"3290\" data-end=\"3303\">Ruby SW Di2<\/p>\n<\/li>\n<li data-start=\"3304\" data-end=\"3332\">\n<p data-start=\"3306\" data-end=\"3332\">Sirrus Men Expert Carbon<\/p>\n<\/li>\n<li data-start=\"3333\" data-end=\"3365\">\n<p data-start=\"3335\" data-end=\"3365\">Sirrus Men Expert Carbon INT<\/p>\n<\/li>\n<li data-start=\"3366\" data-end=\"3398\">\n<p data-start=\"3368\" data-end=\"3398\">Sirrus Men Expert Carbon USA<\/p>\n<\/li>\n<li data-start=\"3399\" data-end=\"3424\">\n<p data-start=\"3401\" data-end=\"3424\">Sirrus Men Pro Carbon<\/p>\n<\/li>\n<li data-start=\"3425\" data-end=\"3454\">\n<p data-start=\"3427\" data-end=\"3454\">Sirrus Men Pro Carbon USA<\/p>\n<\/li>\n<li data-start=\"3455\" data-end=\"3483\">\n<p data-start=\"3457\" data-end=\"3483\">Sirrus Men X Comp Carbon<\/p>\n<\/li>\n<li data-start=\"3484\" data-end=\"3516\">\n<p data-start=\"3486\" data-end=\"3516\">Sirrus Men X Comp Carbon INT<\/p>\n<\/li>\n<li data-start=\"3517\" data-end=\"3549\">\n<p data-start=\"3519\" data-end=\"3549\">Sirrus Men X Comp Carbon USA<\/p>\n<\/li>\n<li data-start=\"3550\" data-end=\"3580\">\n<p data-start=\"3552\" data-end=\"3580\">Sirrus Women Expert Carbon<\/p>\n<\/li>\n<li data-start=\"3581\" data-end=\"3615\">\n<p data-start=\"3583\" data-end=\"3615\">Sirrus Women Expert Carbon USA<\/p>\n<\/li>\n<li data-start=\"3616\" data-end=\"3646\">\n<p data-start=\"3618\" data-end=\"3646\">Sirrus Women X Comp Carbon<\/p>\n<\/li>\n<li data-start=\"3647\" data-end=\"3681\">\n<p data-start=\"3649\" data-end=\"3681\">Sirrus Women X Comp Carbon INT<\/p>\n<\/li>\n<li data-start=\"3682\" data-end=\"3716\">\n<p data-start=\"3684\" data-end=\"3716\">Sirrus Women X Comp Carbon USA<\/p>\n<\/li>\n<\/ul>\n<h3 data-start=\"3718\" data-end=\"3730\"><strong data-start=\"3722\" data-end=\"3730\">2018<\/strong><\/h3>\n<ul data-start=\"3731\" data-end=\"4835\">\n<li data-start=\"3731\" data-end=\"3751\">\n<p data-start=\"3733\" data-end=\"3751\">Diverge Men Comp<\/p>\n<\/li>\n<li data-start=\"3752\" data-end=\"3775\">\n<p data-start=\"3754\" data-end=\"3775\">Diverge Men Comp WF<\/p>\n<\/li>\n<li data-start=\"3776\" data-end=\"3799\">\n<p data-start=\"3778\" data-end=\"3799\">Diverge Men E5 Comp<\/p>\n<\/li>\n<li data-start=\"3800\" data-end=\"3827\">\n<p data-start=\"3802\" data-end=\"3827\">Diverge Men E5 FrameSet<\/p>\n<\/li>\n<li data-start=\"3828\" data-end=\"3853\">\n<p data-start=\"3830\" data-end=\"3853\">Diverge Men Expert X1<\/p>\n<\/li>\n<li data-start=\"3854\" data-end=\"3875\">\n<p data-start=\"3856\" data-end=\"3875\">Diverge Men Sport<\/p>\n<\/li>\n<li data-start=\"3876\" data-end=\"3898\">\n<p data-start=\"3878\" data-end=\"3898\">Diverge Men SW Di2<\/p>\n<\/li>\n<li data-start=\"3899\" data-end=\"3926\">\n<p data-start=\"3901\" data-end=\"3926\">Diverge Men SW FrameSet<\/p>\n<\/li>\n<li data-start=\"3927\" data-end=\"3971\">\n<p data-start=\"3929\" data-end=\"3971\">Diverge Men SW FrameSet Sagan Collection<\/p>\n<\/li>\n<li data-start=\"3972\" data-end=\"3994\">\n<p data-start=\"3974\" data-end=\"3994\">Diverge Women Comp<\/p>\n<\/li>\n<li data-start=\"3995\" data-end=\"4020\">\n<p data-start=\"3997\" data-end=\"4020\">Diverge Women E5 Comp<\/p>\n<\/li>\n<li data-start=\"4021\" data-end=\"4044\">\n<p data-start=\"4023\" data-end=\"4044\">Diverge Women Sport<\/p>\n<\/li>\n<li data-start=\"4045\" data-end=\"4061\">\n<p data-start=\"4047\" data-end=\"4061\">Roubaix Base<\/p>\n<\/li>\n<li data-start=\"4062\" data-end=\"4078\">\n<p data-start=\"4064\" data-end=\"4078\">Roubaix Comp<\/p>\n<\/li>\n<li data-start=\"4079\" data-end=\"4112\">\n<p data-start=\"4081\" data-end=\"4112\">Roubaix Comp Sagan Collection<\/p>\n<\/li>\n<li data-start=\"4113\" data-end=\"4130\">\n<p data-start=\"4115\" data-end=\"4130\">Roubaix Elite<\/p>\n<\/li>\n<li data-start=\"4131\" data-end=\"4151\">\n<p data-start=\"4133\" data-end=\"4151\">Roubaix Elite WF<\/p>\n<\/li>\n<li data-start=\"4152\" data-end=\"4170\">\n<p data-start=\"4154\" data-end=\"4170\">Roubaix Expert<\/p>\n<\/li>\n<li data-start=\"4171\" data-end=\"4192\">\n<p data-start=\"4173\" data-end=\"4192\">Roubaix Expert WF<\/p>\n<\/li>\n<li data-start=\"4193\" data-end=\"4216\">\n<p data-start=\"4195\" data-end=\"4216\">Roubaix Expert UDi2<\/p>\n<\/li>\n<li data-start=\"4217\" data-end=\"4243\">\n<p data-start=\"4219\" data-end=\"4243\">Roubaix Expert UDi2 WF<\/p>\n<\/li>\n<li data-start=\"4244\" data-end=\"4272\">\n<p data-start=\"4246\" data-end=\"4272\">Roubaix Expert UDi2 8070<\/p>\n<\/li>\n<li data-start=\"4273\" data-end=\"4288\">\n<p data-start=\"4275\" data-end=\"4288\">Roubaix Pro<\/p>\n<\/li>\n<li data-start=\"4289\" data-end=\"4306\">\n<p data-start=\"4291\" data-end=\"4306\">Roubaix Sport<\/p>\n<\/li>\n<li data-start=\"4307\" data-end=\"4325\">\n<p data-start=\"4309\" data-end=\"4325\">Roubaix SW Di2<\/p>\n<\/li>\n<li data-start=\"4326\" data-end=\"4361\">\n<p data-start=\"4328\" data-end=\"4361\">Roubaix SW Di2 Sagan Collection<\/p>\n<\/li>\n<li data-start=\"4362\" data-end=\"4381\">\n<p data-start=\"4364\" data-end=\"4381\">Roubaix SW Etap<\/p>\n<\/li>\n<li data-start=\"4382\" data-end=\"4404\">\n<p data-start=\"4384\" data-end=\"4404\">Roubaix SW Etap WF<\/p>\n<\/li>\n<li data-start=\"4405\" data-end=\"4428\">\n<p data-start=\"4407\" data-end=\"4428\">Roubaix SW FrameSet<\/p>\n<\/li>\n<li data-start=\"4429\" data-end=\"4468\">\n<p data-start=\"4431\" data-end=\"4468\">Roubaix SW FrameSet Sagan Superstar<\/p>\n<\/li>\n<li data-start=\"4469\" data-end=\"4495\">\n<p data-start=\"4471\" data-end=\"4495\">Roubaix SW McLaren Di2<\/p>\n<\/li>\n<li data-start=\"4496\" data-end=\"4523\">\n<p data-start=\"4498\" data-end=\"4523\">Roubaix SW Rim FrameSet<\/p>\n<\/li>\n<li data-start=\"4524\" data-end=\"4537\">\n<p data-start=\"4526\" data-end=\"4537\">Ruby Base<\/p>\n<\/li>\n<li data-start=\"4538\" data-end=\"4551\">\n<p data-start=\"4540\" data-end=\"4551\">Ruby Comp<\/p>\n<\/li>\n<li data-start=\"4552\" data-end=\"4566\">\n<p data-start=\"4554\" data-end=\"4566\">Ruby Elite<\/p>\n<\/li>\n<li data-start=\"4567\" data-end=\"4582\">\n<p data-start=\"4569\" data-end=\"4582\">Ruby Expert<\/p>\n<\/li>\n<li data-start=\"4583\" data-end=\"4603\">\n<p data-start=\"4585\" data-end=\"4603\">Ruby Expert UDi2<\/p>\n<\/li>\n<li data-start=\"4604\" data-end=\"4618\">\n<p data-start=\"4606\" data-end=\"4618\">Ruby Sport<\/p>\n<\/li>\n<li data-start=\"4619\" data-end=\"4634\">\n<p data-start=\"4621\" data-end=\"4634\">Ruby SW Di2<\/p>\n<\/li>\n<li data-start=\"4635\" data-end=\"4651\">\n<p data-start=\"4637\" data-end=\"4651\">Ruby SW Etap<\/p>\n<\/li>\n<li data-start=\"4652\" data-end=\"4680\">\n<p data-start=\"4654\" data-end=\"4680\">Sirrus Men Expert Carbon<\/p>\n<\/li>\n<li data-start=\"4681\" data-end=\"4713\">\n<p data-start=\"4683\" data-end=\"4713\">Sirrus Men Expert Carbon INT<\/p>\n<\/li>\n<li data-start=\"4714\" data-end=\"4739\">\n<p data-start=\"4716\" data-end=\"4739\">Sirrus Men Pro Carbon<\/p>\n<\/li>\n<li data-start=\"4740\" data-end=\"4769\">\n<p data-start=\"4742\" data-end=\"4769\">Sirrus Men Pro Carbon INT<\/p>\n<\/li>\n<li data-start=\"4770\" data-end=\"4800\">\n<p data-start=\"4772\" data-end=\"4800\">Sirrus Women Expert Carbon<\/p>\n<\/li>\n<li data-start=\"4801\" data-end=\"4835\">\n<p data-start=\"4803\" data-end=\"4835\">Sirrus Women Expert Carbon INT<\/p>\n<\/li>\n<\/ul>\n<h3 data-start=\"4837\" data-end=\"4849\"><strong data-start=\"4841\" data-end=\"4849\">2017<\/strong><\/h3>\n<ul data-start=\"4850\" data-end=\"5164\">\n<li data-start=\"4850\" data-end=\"4870\">\n<p data-start=\"4852\" data-end=\"4870\">Diverge Men Comp<\/p>\n<\/li>\n<li data-start=\"4871\" data-end=\"4887\">\n<p data-start=\"4873\" data-end=\"4887\">Roubaix Comp<\/p>\n<\/li>\n<li data-start=\"4888\" data-end=\"4905\">\n<p data-start=\"4890\" data-end=\"4905\">Roubaix Elite<\/p>\n<\/li>\n<li data-start=\"4906\" data-end=\"4924\">\n<p data-start=\"4908\" data-end=\"4924\">Roubaix Expert<\/p>\n<\/li>\n<li data-start=\"4925\" data-end=\"4948\">\n<p data-start=\"4927\" data-end=\"4948\">Roubaix Expert UDi2<\/p>\n<\/li>\n<li data-start=\"4949\" data-end=\"4969\">\n<p data-start=\"4951\" data-end=\"4969\">Roubaix Pro UDi2<\/p>\n<\/li>\n<li data-start=\"4970\" data-end=\"5000\">\n<p data-start=\"4972\" data-end=\"5000\">Roubaix SW Boonen FrameSet<\/p>\n<\/li>\n<li data-start=\"5001\" data-end=\"5019\">\n<p data-start=\"5003\" data-end=\"5019\">Roubaix SW Di2<\/p>\n<\/li>\n<li data-start=\"5020\" data-end=\"5039\">\n<p data-start=\"5022\" data-end=\"5039\">Roubaix SW Etap<\/p>\n<\/li>\n<li data-start=\"5040\" data-end=\"5063\">\n<p data-start=\"5042\" data-end=\"5063\">Roubaix SW FrameSet<\/p>\n<\/li>\n<li data-start=\"5064\" data-end=\"5077\">\n<p data-start=\"5066\" data-end=\"5077\">Ruby Comp<\/p>\n<\/li>\n<li data-start=\"5078\" data-end=\"5092\">\n<p data-start=\"5080\" data-end=\"5092\">Ruby Elite<\/p>\n<\/li>\n<li data-start=\"5093\" data-end=\"5108\">\n<p data-start=\"5095\" data-end=\"5108\">Ruby Expert<\/p>\n<\/li>\n<li data-start=\"5109\" data-end=\"5129\">\n<p data-start=\"5111\" data-end=\"5129\">Ruby Expert UDi2<\/p>\n<\/li>\n<li data-start=\"5130\" data-end=\"5147\">\n<p data-start=\"5132\" data-end=\"5147\">Ruby Pro UDi2<\/p>\n<\/li>\n<li data-start=\"5148\" data-end=\"5164\">\n<p data-start=\"5150\" data-end=\"5164\">Ruby SW Etap<\/p>\n<\/li>\n<\/ul>\n","protected":false},"excerpt":{"rendered":"<p>Ko\u0142nierz ster\u00f3w Specialized HDS MY20 Precyzyjny element uk\u0142adu sterowego, zaprojektowany do rower\u00f3w szosowych, gravelowych i fitness marki Specialized. Odpowiada za pewne osadzenie \u0142o\u017cysk oraz p\u0142ynne, stabilne prowadzenie ster\u00f3w, co przek\u0142ada si\u0119 na dok\u0142adniejsze kierowanie i wi\u0119ksz\u0105 trwa\u0142o\u015b\u0107 ca\u0142ego systemu. Komponent wykonany jest z wytrzyma\u0142ych materia\u0142\u00f3w i dostosowany do szerokiej gamy modeli z lat 2017\u20132021, co&hellip;<\/p>\n","protected":false},"featured_media":7537,"comment_status":"open","ping_status":"closed","template":"","meta":[],"product_brand":[],"product_cat":[27,161],"product_tag":[],"class_list":{"0":"post-7536","1":"product","2":"type-product","3":"status-publish","4":"has-post-thumbnail","6":"product_cat-czesci-nowe","7":"product_cat-stery-kierownicy-i-czesci","8":"product_shipping_class-mala-paczka","10":"first","11":"instock","12":"shipping-taxable","13":"purchasable","14":"product-type-simple"},"_links":{"self":[{"href":"https:\/\/bicycool.pl\/index.php?rest_route=\/wp\/v2\/product\/7536","targetHints":{"allow":["GET"]}}],"collection":[{"href":"https:\/\/bicycool.pl\/index.php?rest_route=\/wp\/v2\/product"}],"about":[{"href":"https:\/\/bicycool.pl\/index.php?rest_route=\/wp\/v2\/types\/product"}],"replies":[{"embeddable":true,"href":"https:\/\/bicycool.pl\/index.php?rest_route=%2Fwp%2Fv2%2Fcomments&post=7536"}],"wp:featuredmedia":[{"embeddable":true,"href":"https:\/\/bicycool.pl\/index.php?rest_route=\/wp\/v2\/media\/7537"}],"wp:attachment":[{"href":"https:\/\/bicycool.pl\/index.php?rest_route=%2Fwp%2Fv2%2Fmedia&parent=7536"}],"wp:term":[{"taxonomy":"product_brand","embeddable":true,"href":"https:\/\/bicycool.pl\/index.php?rest_route=%2Fwp%2Fv2%2Fproduct_brand&post=7536"},{"taxonomy":"product_cat","embeddable":true,"href":"https:\/\/bicycool.pl\/index.php?rest_route=%2Fwp%2Fv2%2Fproduct_cat&post=7536"},{"taxonomy":"product_tag","embeddable":true,"href":"https:\/\/bicycool.pl\/index.php?rest_route=%2Fwp%2Fv2%2Fproduct_tag&post=7536"}],"curies":[{"name":"wp","href":"https:\/\/api.w.org\/{rel}","templated":true}]}}