{"id":7544,"date":"2025-12-03T10:37:14","date_gmt":"2025-12-03T09:37:14","guid":{"rendered":"https:\/\/bicycool.pl\/?post_type=product&#038;p=7544"},"modified":"2025-12-09T15:29:33","modified_gmt":"2025-12-09T14:29:33","slug":"obejmy-klamkomanetek-shimano-dura-ace-st-9000-komplet","status":"publish","type":"product","link":"https:\/\/bicycool.pl\/?product=obejmy-klamkomanetek-shimano-dura-ace-st-9000-komplet","title":{"rendered":"Obejmy klamkomanetek Shimano Dura-Ace ST-9000 Komplet"},"content":{"rendered":"<h2 data-start=\"63\" data-end=\"158\"><strong data-start=\"63\" data-end=\"158\">Oryginalne opaski do klamkomanetek Shimano Dura-Ace ST-9000 (23.8\u201324.2 mm) \u2013 komplet 2 szt.<\/strong><\/h2>\n<p data-start=\"160\" data-end=\"418\">Przedmiotem sprzeda\u017cy jest komplet <strong data-start=\"195\" data-end=\"230\">oryginalnych obejm <\/strong>do klamkomanetek <strong data-start=\"248\" data-end=\"276\">Shimano Dura-Ace ST-9000<\/strong>. Wykonane z lekkiego i wytrzyma\u0142ego tytanu, zapewniaj\u0105 najwy\u017csz\u0105 jako\u015b\u0107 oraz precyzyjne dopasowanie do kierownic o \u015brednicy <strong data-start=\"401\" data-end=\"417\">23.8\u201324.2 mm<\/strong>.<\/p>\n<p data-start=\"420\" data-end=\"687\">To doskona\u0142e rozwi\u0105zanie zar\u00f3wno jako cz\u0119\u015b\u0107 zamienna, jak i spos\u00f3b na redukcj\u0119 wagi w rowerach wyposa\u017conych w klamkomanetki Shimano. Sama wymiana opasek pozwala <strong data-start=\"589\" data-end=\"629\">zmniejszy\u0107 mas\u0119 zestawu o oko\u0142o 30 gr.<\/strong><\/p>\n<p data-start=\"689\" data-end=\"708\"><strong data-start=\"689\" data-end=\"708\">Cechy produktu:<\/strong><\/p>\n<ul data-start=\"709\" data-end=\"1015\">\n<li data-start=\"709\" data-end=\"757\">\n<p data-start=\"711\" data-end=\"757\">Oryginalne opaski Shimano <strong data-start=\"737\" data-end=\"757\">Dura-Ace ST-9000<\/strong><\/p>\n<\/li>\n<li data-start=\"758\" data-end=\"790\">\n<p data-start=\"760\" data-end=\"790\">Materia\u0142: <strong data-start=\"770\" data-end=\"790\">titanium (titan)<\/strong><\/p>\n<\/li>\n<li data-start=\"791\" data-end=\"826\">\n<p data-start=\"793\" data-end=\"826\">Zakres \u015brednicy: <strong data-start=\"810\" data-end=\"826\">23.8\u201324.2 mm<\/strong><\/p>\n<\/li>\n<li data-start=\"827\" data-end=\"862\">\n<p data-start=\"829\" data-end=\"862\">Cena dotyczy kompletu <strong data-start=\"851\" data-end=\"862\">2 sztuk<\/strong><\/p>\n<\/li>\n<li data-start=\"863\" data-end=\"905\">\n<p data-start=\"865\" data-end=\"905\">Precyzyjne dopasowanie i wysoka trwa\u0142o\u015b\u0107<\/p>\n<\/li>\n<li data-start=\"964\" data-end=\"1015\">\n<p data-start=\"966\" data-end=\"1015\">Idealne jako cz\u0119\u015b\u0107 serwisowa lub upgrade osprz\u0119tu<\/p>\n<\/li>\n<\/ul>\n<p data-start=\"1017\" data-end=\"1030\"><strong data-start=\"1017\" data-end=\"1030\">Korzy\u015bci:<\/strong><\/p>\n<ul data-start=\"1031\" data-end=\"1181\">\n<li data-start=\"1031\" data-end=\"1074\">\n<p data-start=\"1033\" data-end=\"1074\">L\u017cejsza i bardziej wytrzyma\u0142a konstrukcja<\/p>\n<\/li>\n<li data-start=\"1075\" data-end=\"1125\">\n<p data-start=\"1077\" data-end=\"1125\">Mo\u017cliwo\u015b\u0107 odchudzenia zestawu bez du\u017cych koszt\u00f3w<\/p>\n<\/li>\n<li data-start=\"1126\" data-end=\"1181\">\n<p data-start=\"1128\" data-end=\"1181\">Kompatybilno\u015b\u0107 z oryginalnymi klamkomanetkami Shimano<\/p>\n<\/li>\n<\/ul>\n","protected":false},"excerpt":{"rendered":"<p>Oryginalne opaski do klamkomanetek Shimano Dura-Ace ST-9000 (23.8\u201324.2 mm) \u2013 komplet 2 szt. Przedmiotem sprzeda\u017cy jest komplet oryginalnych obejm do klamkomanetek Shimano Dura-Ace ST-9000. Wykonane z lekkiego i wytrzyma\u0142ego tytanu, zapewniaj\u0105 najwy\u017csz\u0105 jako\u015b\u0107 oraz precyzyjne dopasowanie do kierownic o \u015brednicy 23.8\u201324.2 mm. To doskona\u0142e rozwi\u0105zanie zar\u00f3wno jako cz\u0119\u015b\u0107 zamienna, jak i spos\u00f3b na redukcj\u0119 wagi&hellip;<\/p>\n","protected":false},"featured_media":7545,"comment_status":"open","ping_status":"closed","template":"","meta":[],"product_brand":[],"product_cat":[15,27,167],"product_tag":[38,212,211],"class_list":{"0":"post-7544","1":"product","2":"type-product","3":"status-publish","4":"has-post-thumbnail","6":"product_cat-czesci","7":"product_cat-czesci-nowe","8":"product_cat-manetki-klamkomanetki","9":"product_tag-gravel","10":"product_tag-sram","11":"product_tag-sram-rival","12":"product_shipping_class-mala-paczka","14":"first","15":"outofstock","16":"shipping-taxable","17":"purchasable","18":"product-type-simple"},"_links":{"self":[{"href":"https:\/\/bicycool.pl\/index.php?rest_route=\/wp\/v2\/product\/7544","targetHints":{"allow":["GET"]}}],"collection":[{"href":"https:\/\/bicycool.pl\/index.php?rest_route=\/wp\/v2\/product"}],"about":[{"href":"https:\/\/bicycool.pl\/index.php?rest_route=\/wp\/v2\/types\/product"}],"replies":[{"embeddable":true,"href":"https:\/\/bicycool.pl\/index.php?rest_route=%2Fwp%2Fv2%2Fcomments&post=7544"}],"wp:featuredmedia":[{"embeddable":true,"href":"https:\/\/bicycool.pl\/index.php?rest_route=\/wp\/v2\/media\/7545"}],"wp:attachment":[{"href":"https:\/\/bicycool.pl\/index.php?rest_route=%2Fwp%2Fv2%2Fmedia&parent=7544"}],"wp:term":[{"taxonomy":"product_brand","embeddable":true,"href":"https:\/\/bicycool.pl\/index.php?rest_route=%2Fwp%2Fv2%2Fproduct_brand&post=7544"},{"taxonomy":"product_cat","embeddable":true,"href":"https:\/\/bicycool.pl\/index.php?rest_route=%2Fwp%2Fv2%2Fproduct_cat&post=7544"},{"taxonomy":"product_tag","embeddable":true,"href":"https:\/\/bicycool.pl\/index.php?rest_route=%2Fwp%2Fv2%2Fproduct_tag&post=7544"}],"curies":[{"name":"wp","href":"https:\/\/api.w.org\/{rel}","templated":true}]}}