{"id":7560,"date":"2025-12-03T12:04:34","date_gmt":"2025-12-03T11:04:34","guid":{"rendered":"https:\/\/bicycool.pl\/?post_type=product&#038;p=7560"},"modified":"2025-12-03T12:10:41","modified_gmt":"2025-12-03T11:10:41","slug":"suport-shimano-dura-ace-bb-7710-track","status":"publish","type":"product","link":"https:\/\/bicycool.pl\/?product=suport-shimano-dura-ace-bb-7710-track","title":{"rendered":"Suport Shimano Dura-Ace BB-7710 TRACK BSA"},"content":{"rendered":"<p data-start=\"45\" data-end=\"114\"><strong data-start=\"45\" data-end=\"114\">Shimano Dura-Ace BB-7710 TRACK<\/strong><\/p>\n<p data-start=\"116\" data-end=\"406\">Suport <strong data-start=\"123\" data-end=\"142\">Shimano BB-7710<\/strong> to najwy\u017cszej klasy komponent z elitarnej grupy <strong data-start=\"191\" data-end=\"203\">Dura-Ace<\/strong>, zaprojektowany specjalnie z my\u015bl\u0105 o ekstremalnych obci\u0105\u017ceniach jazdy torowej. Jego wyj\u0105tkowa trwa\u0142o\u015b\u0107 oraz precyzja pracy sprawiaj\u0105, \u017ce jest to jeden z najbardziej cenionych suport\u00f3w Octalink na rynku.<\/p>\n<p data-start=\"408\" data-end=\"664\">Wykorzystuje <strong data-start=\"421\" data-end=\"459\">wysokiej jako\u015bci \u0142o\u017cyska maszynowe<\/strong>, kt\u00f3re zapewniaj\u0105 p\u0142ynny obr\u00f3t, doskona\u0142\u0105 responsywno\u015b\u0107 oraz d\u0142ug\u0105 \u017cywotno\u015b\u0107 nawet przy intensywnym u\u017cytkowaniu. Suport pracuje w standardzie <strong data-start=\"602\" data-end=\"609\">BSA<\/strong> i jest kompatybilny z korbami w systemie <strong data-start=\"651\" data-end=\"663\">Octalink<\/strong>.<\/p>\n<p data-start=\"666\" data-end=\"690\"><strong data-start=\"666\" data-end=\"690\">Najwa\u017cniejsze cechy:<\/strong><\/p>\n<ul data-start=\"692\" data-end=\"965\">\n<li data-start=\"692\" data-end=\"718\">\n<p data-start=\"694\" data-end=\"718\"><strong data-start=\"694\" data-end=\"708\">Producent:<\/strong> Shimano<\/p>\n<\/li>\n<li data-start=\"719\" data-end=\"747\">\n<p data-start=\"721\" data-end=\"747\"><strong data-start=\"721\" data-end=\"731\">Grupa:<\/strong> Dura-Ace 7710<\/p>\n<\/li>\n<li data-start=\"748\" data-end=\"770\">\n<p data-start=\"750\" data-end=\"770\"><strong data-start=\"750\" data-end=\"760\">Model:<\/strong> BB-7710<\/p>\n<\/li>\n<li data-start=\"771\" data-end=\"814\">\n<p data-start=\"773\" data-end=\"814\"><strong data-start=\"773\" data-end=\"791\">Przeznaczenie:<\/strong> jazda torowa (track)<\/p>\n<\/li>\n<li data-start=\"815\" data-end=\"845\">\n<p data-start=\"817\" data-end=\"845\"><strong data-start=\"817\" data-end=\"827\">Gwint:<\/strong> BSA (angielski)<\/p>\n<\/li>\n<li data-start=\"846\" data-end=\"880\">\n<p data-start=\"848\" data-end=\"880\"><strong data-start=\"848\" data-end=\"869\">System mocowania:<\/strong> Octalink<\/p>\n<\/li>\n<li data-start=\"881\" data-end=\"931\">\n<p data-start=\"883\" data-end=\"931\"><strong data-start=\"883\" data-end=\"898\">Typ \u0142o\u017cysk:<\/strong> uszczelnione \u0142o\u017cyska maszynowe<\/p>\n<\/li>\n<li data-start=\"932\" data-end=\"965\">\n<p data-start=\"934\" data-end=\"965\"><strong data-start=\"934\" data-end=\"946\">Wymiary:<\/strong> 109.5 mm \/ 68 mm<\/p>\n<\/li>\n<\/ul>\n","protected":false},"excerpt":{"rendered":"<p>Shimano Dura-Ace BB-7710 TRACK Suport Shimano BB-7710 to najwy\u017cszej klasy komponent z elitarnej grupy Dura-Ace, zaprojektowany specjalnie z my\u015bl\u0105 o ekstremalnych obci\u0105\u017ceniach jazdy torowej. Jego wyj\u0105tkowa trwa\u0142o\u015b\u0107 oraz precyzja pracy sprawiaj\u0105, \u017ce jest to jeden z najbardziej cenionych suport\u00f3w Octalink na rynku. Wykorzystuje wysokiej jako\u015bci \u0142o\u017cyska maszynowe, kt\u00f3re zapewniaj\u0105 p\u0142ynny obr\u00f3t, doskona\u0142\u0105 responsywno\u015b\u0107 oraz d\u0142ug\u0105&hellip;<\/p>\n","protected":false},"featured_media":7562,"comment_status":"open","ping_status":"closed","template":"","meta":[],"product_brand":[],"product_cat":[27,234],"product_tag":[],"class_list":{"0":"post-7560","1":"product","2":"type-product","3":"status-publish","4":"has-post-thumbnail","6":"product_cat-czesci-nowe","7":"product_cat-suporty","8":"product_shipping_class-mala-paczka","10":"first","11":"instock","12":"shipping-taxable","13":"purchasable","14":"product-type-simple"},"_links":{"self":[{"href":"https:\/\/bicycool.pl\/index.php?rest_route=\/wp\/v2\/product\/7560","targetHints":{"allow":["GET"]}}],"collection":[{"href":"https:\/\/bicycool.pl\/index.php?rest_route=\/wp\/v2\/product"}],"about":[{"href":"https:\/\/bicycool.pl\/index.php?rest_route=\/wp\/v2\/types\/product"}],"replies":[{"embeddable":true,"href":"https:\/\/bicycool.pl\/index.php?rest_route=%2Fwp%2Fv2%2Fcomments&post=7560"}],"wp:featuredmedia":[{"embeddable":true,"href":"https:\/\/bicycool.pl\/index.php?rest_route=\/wp\/v2\/media\/7562"}],"wp:attachment":[{"href":"https:\/\/bicycool.pl\/index.php?rest_route=%2Fwp%2Fv2%2Fmedia&parent=7560"}],"wp:term":[{"taxonomy":"product_brand","embeddable":true,"href":"https:\/\/bicycool.pl\/index.php?rest_route=%2Fwp%2Fv2%2Fproduct_brand&post=7560"},{"taxonomy":"product_cat","embeddable":true,"href":"https:\/\/bicycool.pl\/index.php?rest_route=%2Fwp%2Fv2%2Fproduct_cat&post=7560"},{"taxonomy":"product_tag","embeddable":true,"href":"https:\/\/bicycool.pl\/index.php?rest_route=%2Fwp%2Fv2%2Fproduct_tag&post=7560"}],"curies":[{"name":"wp","href":"https:\/\/api.w.org\/{rel}","templated":true}]}}