{"id":7564,"date":"2025-12-03T12:15:41","date_gmt":"2025-12-03T11:15:41","guid":{"rendered":"https:\/\/bicycool.pl\/?post_type=product&#038;p=7564"},"modified":"2026-03-24T13:41:55","modified_gmt":"2026-03-24T12:41:55","slug":"shimano-tiagra-st-4703-lewa-oslona-klamkomanetki","status":"publish","type":"product","link":"https:\/\/bicycool.pl\/?product=shimano-tiagra-st-4703-lewa-oslona-klamkomanetki","title":{"rendered":"Kapa d\u017awigni Shimano Tiagra ST-4703 Lewa os\u0142ona klamkomanetki"},"content":{"rendered":"<h2 data-start=\"56\" data-end=\"127\"><strong data-start=\"56\" data-end=\"127\">Shimano Tiagra ST-4703 \u2013 lewa os\u0142ona ze \u015brubk\u0105 mocuj\u0105c\u0105<\/strong><\/h2>\n<p data-start=\"129\" data-end=\"372\">Oryginalna <strong data-start=\"140\" data-end=\"193\">os\u0142ona klamkomanetki<\/strong>\u00a0przeznaczona do lewych klamkomanetek <strong data-start=\"231\" data-end=\"257\">Shimano Tiagra ST-4703<\/strong>. W zestawie znajduje si\u0119 r\u00f3wnie\u017c <strong data-start=\"291\" data-end=\"310\">\u015brubka mocuj\u0105ca<\/strong>, dzi\u0119ki czemu element jest gotowy do natychmiastowej wymiany.<\/p>\n<p data-start=\"374\" data-end=\"536\">To idealna cz\u0119\u015b\u0107 serwisowa dla os\u00f3b, kt\u00f3re chc\u0105 odnowi\u0107 wygl\u0105d klamkomanetki lub wymieni\u0107 uszkodzony element na fabryczny, w pe\u0142ni kompatybilny zamiennik Shimano.<\/p>\n<p data-start=\"538\" data-end=\"557\"><strong data-start=\"538\" data-end=\"557\">Cechy produktu:<\/strong><\/p>\n<ul data-start=\"558\" data-end=\"772\">\n<li data-start=\"558\" data-end=\"586\">\n<p data-start=\"560\" data-end=\"586\">Oryginalna cz\u0119\u015b\u0107 Shimano<\/p>\n<\/li>\n<li data-start=\"587\" data-end=\"639\">\n<p data-start=\"589\" data-end=\"639\">Kompatybilno\u015b\u0107: <strong data-start=\"605\" data-end=\"637\">ST-4703 (lewa klamkomanetka)<\/strong><\/p>\n<\/li>\n<li data-start=\"682\" data-end=\"711\">\n<p data-start=\"684\" data-end=\"711\">\u0141atwa i szybka instalacja<\/p>\n<\/li>\n<li data-start=\"712\" data-end=\"772\">\n<p data-start=\"714\" data-end=\"772\">Idealna do naprawy lub od\u015bwie\u017cenia wygl\u0105du klamkomanetki<\/p>\n<\/li>\n<\/ul>\n","protected":false},"excerpt":{"rendered":"<p>Shimano Tiagra ST-4703 \u2013 lewa os\u0142ona ze \u015brubk\u0105 mocuj\u0105c\u0105 Oryginalna os\u0142ona klamkomanetki\u00a0przeznaczona do lewych klamkomanetek Shimano Tiagra ST-4703. W zestawie znajduje si\u0119 r\u00f3wnie\u017c \u015brubka mocuj\u0105ca, dzi\u0119ki czemu element jest gotowy do natychmiastowej wymiany. To idealna cz\u0119\u015b\u0107 serwisowa dla os\u00f3b, kt\u00f3re chc\u0105 odnowi\u0107 wygl\u0105d klamkomanetki lub wymieni\u0107 uszkodzony element na fabryczny, w pe\u0142ni kompatybilny zamiennik Shimano.&hellip;<\/p>\n","protected":false},"featured_media":7565,"comment_status":"open","ping_status":"closed","template":"","meta":[],"product_brand":[],"product_cat":[15,27,167],"product_tag":[72],"class_list":{"0":"post-7564","1":"product","2":"type-product","3":"status-publish","4":"has-post-thumbnail","6":"product_cat-czesci","7":"product_cat-czesci-nowe","8":"product_cat-manetki-klamkomanetki","9":"product_tag-shimano","10":"product_shipping_class-mala-paczka","12":"first","13":"outofstock","14":"shipping-taxable","15":"purchasable","16":"product-type-simple"},"_links":{"self":[{"href":"https:\/\/bicycool.pl\/index.php?rest_route=\/wp\/v2\/product\/7564","targetHints":{"allow":["GET"]}}],"collection":[{"href":"https:\/\/bicycool.pl\/index.php?rest_route=\/wp\/v2\/product"}],"about":[{"href":"https:\/\/bicycool.pl\/index.php?rest_route=\/wp\/v2\/types\/product"}],"replies":[{"embeddable":true,"href":"https:\/\/bicycool.pl\/index.php?rest_route=%2Fwp%2Fv2%2Fcomments&post=7564"}],"wp:featuredmedia":[{"embeddable":true,"href":"https:\/\/bicycool.pl\/index.php?rest_route=\/wp\/v2\/media\/7565"}],"wp:attachment":[{"href":"https:\/\/bicycool.pl\/index.php?rest_route=%2Fwp%2Fv2%2Fmedia&parent=7564"}],"wp:term":[{"taxonomy":"product_brand","embeddable":true,"href":"https:\/\/bicycool.pl\/index.php?rest_route=%2Fwp%2Fv2%2Fproduct_brand&post=7564"},{"taxonomy":"product_cat","embeddable":true,"href":"https:\/\/bicycool.pl\/index.php?rest_route=%2Fwp%2Fv2%2Fproduct_cat&post=7564"},{"taxonomy":"product_tag","embeddable":true,"href":"https:\/\/bicycool.pl\/index.php?rest_route=%2Fwp%2Fv2%2Fproduct_tag&post=7564"}],"curies":[{"name":"wp","href":"https:\/\/api.w.org\/{rel}","templated":true}]}}