{"id":7570,"date":"2025-12-03T12:48:49","date_gmt":"2025-12-03T11:48:49","guid":{"rendered":"https:\/\/bicycool.pl\/?post_type=product&#038;p=7570"},"modified":"2025-12-03T13:01:25","modified_gmt":"2025-12-03T12:01:25","slug":"shimano-ultegra-st-r8000-lewa-oslona-klamkomanetki","status":"publish","type":"product","link":"https:\/\/bicycool.pl\/?product=shimano-ultegra-st-r8000-lewa-oslona-klamkomanetki","title":{"rendered":"Kapa d\u017awigni Shimano Ultegra ST-R8000  Lewa os\u0142ona klamkomanetki"},"content":{"rendered":"<h2 data-start=\"42\" data-end=\"117\"><strong data-start=\"42\" data-end=\"117\">Shimano Ultegra ST-R8000 &#8211; lewa os\u0142ona klamkomanetki\u00a0<\/strong><\/h2>\n<p>&nbsp;<\/p>\n<p data-start=\"119\" data-end=\"367\">Oryginalna <strong data-start=\"130\" data-end=\"167\">os\u0142ona klamkomanetki\u00a0<\/strong>przeznaczona do modelu <strong data-start=\"191\" data-end=\"225\">Shimano Ultegra ST-R8000 <\/strong>. Element ten pozwala na \u0142atw\u0105 wymian\u0119 uszkodzonej lub zu\u017cytej os\u0142ony, przywracaj\u0105c estetyczny wygl\u0105d oraz pe\u0142n\u0105 funkcjonalno\u015b\u0107 klamkomanetki.<\/p>\n<p data-start=\"494\" data-end=\"513\"><strong data-start=\"494\" data-end=\"513\">Cechy produktu:<\/strong><\/p>\n<ul data-start=\"514\" data-end=\"764\">\n<li data-start=\"514\" data-end=\"550\">\n<p data-start=\"516\" data-end=\"550\">Oryginalna cz\u0119\u015b\u0107 Shimano Ultegra<\/p>\n<\/li>\n<li data-start=\"551\" data-end=\"609\">\n<p data-start=\"553\" data-end=\"609\">Przeznaczona do <strong data-start=\"569\" data-end=\"607\">lewej klamkomanetki ST-R8000<\/strong><\/p>\n<\/li>\n<li data-start=\"610\" data-end=\"659\">\n<p data-start=\"612\" data-end=\"659\">Wysoka jako\u015b\u0107 wykonania i idealne dopasowanie<\/p>\n<\/li>\n<li data-start=\"660\" data-end=\"724\">\n<p data-start=\"662\" data-end=\"724\">\u0141atwa wymiana \u2013 idealna jako cz\u0119\u015b\u0107 serwisowa lub kosmetyczna<\/p>\n<\/li>\n<li data-start=\"725\" data-end=\"764\">\n<p data-start=\"727\" data-end=\"764\">Przywraca fabryczny wygl\u0105d osprz\u0119tu<\/p>\n<\/li>\n<\/ul>\n","protected":false},"excerpt":{"rendered":"<p>Shimano Ultegra ST-R8000 &#8211; lewa os\u0142ona klamkomanetki\u00a0 &nbsp; Oryginalna os\u0142ona klamkomanetki\u00a0przeznaczona do modelu Shimano Ultegra ST-R8000 . Element ten pozwala na \u0142atw\u0105 wymian\u0119 uszkodzonej lub zu\u017cytej os\u0142ony, przywracaj\u0105c estetyczny wygl\u0105d oraz pe\u0142n\u0105 funkcjonalno\u015b\u0107 klamkomanetki. Cechy produktu: Oryginalna cz\u0119\u015b\u0107 Shimano Ultegra Przeznaczona do lewej klamkomanetki ST-R8000 Wysoka jako\u015b\u0107 wykonania i idealne dopasowanie \u0141atwa wymiana \u2013 idealna&hellip;<\/p>\n","protected":false},"featured_media":7571,"comment_status":"open","ping_status":"closed","template":"","meta":[],"product_brand":[],"product_cat":[15,27,167],"product_tag":[72],"class_list":{"0":"post-7570","1":"product","2":"type-product","3":"status-publish","4":"has-post-thumbnail","6":"product_cat-czesci","7":"product_cat-czesci-nowe","8":"product_cat-manetki-klamkomanetki","9":"product_tag-shimano","10":"product_shipping_class-mala-paczka","12":"first","13":"instock","14":"shipping-taxable","15":"purchasable","16":"product-type-simple"},"_links":{"self":[{"href":"https:\/\/bicycool.pl\/index.php?rest_route=\/wp\/v2\/product\/7570","targetHints":{"allow":["GET"]}}],"collection":[{"href":"https:\/\/bicycool.pl\/index.php?rest_route=\/wp\/v2\/product"}],"about":[{"href":"https:\/\/bicycool.pl\/index.php?rest_route=\/wp\/v2\/types\/product"}],"replies":[{"embeddable":true,"href":"https:\/\/bicycool.pl\/index.php?rest_route=%2Fwp%2Fv2%2Fcomments&post=7570"}],"wp:featuredmedia":[{"embeddable":true,"href":"https:\/\/bicycool.pl\/index.php?rest_route=\/wp\/v2\/media\/7571"}],"wp:attachment":[{"href":"https:\/\/bicycool.pl\/index.php?rest_route=%2Fwp%2Fv2%2Fmedia&parent=7570"}],"wp:term":[{"taxonomy":"product_brand","embeddable":true,"href":"https:\/\/bicycool.pl\/index.php?rest_route=%2Fwp%2Fv2%2Fproduct_brand&post=7570"},{"taxonomy":"product_cat","embeddable":true,"href":"https:\/\/bicycool.pl\/index.php?rest_route=%2Fwp%2Fv2%2Fproduct_cat&post=7570"},{"taxonomy":"product_tag","embeddable":true,"href":"https:\/\/bicycool.pl\/index.php?rest_route=%2Fwp%2Fv2%2Fproduct_tag&post=7570"}],"curies":[{"name":"wp","href":"https:\/\/api.w.org\/{rel}","templated":true}]}}