{"id":7573,"date":"2025-12-03T13:06:47","date_gmt":"2025-12-03T12:06:47","guid":{"rendered":"https:\/\/bicycool.pl\/?post_type=product&#038;p=7573"},"modified":"2025-12-03T13:13:00","modified_gmt":"2025-12-03T12:13:00","slug":"pedaly-zatrzaskowe-onza-h-o-clipless-nos","status":"publish","type":"product","link":"https:\/\/bicycool.pl\/?product=pedaly-zatrzaskowe-onza-h-o-clipless-nos","title":{"rendered":"Peda\u0142y zatrzaskowe Onza H.O. Clipless NOS"},"content":{"rendered":"<h2 data-start=\"82\" data-end=\"212\"><strong data-start=\"82\" data-end=\"212\">Onza H.O. Clipless Pedals \u2013 lata 90. Peda\u0142y zatrzaskowe + bloki + dodatkowe elastomery<\/strong><\/h2>\n<p data-start=\"214\" data-end=\"540\">Wyj\u0105tkowo zadbany zestaw kultowych peda\u0142\u00f3w zatrzaskowych <strong data-start=\"271\" data-end=\"298\">Onza High Output (H.O.)<\/strong> z lat 90. Model ceniony przez kolekcjoner\u00f3w i mi\u0142o\u015bnik\u00f3w klasycznego MTB. W komplecie znajduj\u0105 si\u0119 <strong data-start=\"398\" data-end=\"430\">bloki\u00a0<\/strong>oraz zestaw nowych elastomer\u00f3w w dw\u00f3ch twardo\u015bciach: <strong data-start=\"484\" data-end=\"507\">niebieskie \u2013 twarde<\/strong> oraz <strong data-start=\"513\" data-end=\"539\">czarne \u2013 bardzo twarde<\/strong>.<\/p>\n<p data-start=\"542\" data-end=\"651\">Stan: Nieu\u017cywane, NOS<\/p>\n","protected":false},"excerpt":{"rendered":"<p>Onza H.O. Clipless Pedals \u2013 lata 90. Peda\u0142y zatrzaskowe + bloki + dodatkowe elastomery Wyj\u0105tkowo zadbany zestaw kultowych peda\u0142\u00f3w zatrzaskowych Onza High Output (H.O.) z lat 90. Model ceniony przez kolekcjoner\u00f3w i mi\u0142o\u015bnik\u00f3w klasycznego MTB. W komplecie znajduj\u0105 si\u0119 bloki\u00a0oraz zestaw nowych elastomer\u00f3w w dw\u00f3ch twardo\u015bciach: niebieskie \u2013 twarde oraz czarne \u2013 bardzo twarde. Stan:&hellip;<\/p>\n","protected":false},"featured_media":7574,"comment_status":"open","ping_status":"closed","template":"","meta":[],"product_brand":[],"product_cat":[27,85,127],"product_tag":[130,129],"class_list":{"0":"post-7573","1":"product","2":"type-product","3":"status-publish","4":"has-post-thumbnail","6":"product_cat-czesci-nowe","7":"product_cat-outlet","8":"product_cat-pedaly","9":"product_tag-pedaly","10":"product_tag-spd","11":"product_shipping_class-mala-paczka","13":"first","14":"instock","15":"shipping-taxable","16":"purchasable","17":"product-type-simple"},"_links":{"self":[{"href":"https:\/\/bicycool.pl\/index.php?rest_route=\/wp\/v2\/product\/7573","targetHints":{"allow":["GET"]}}],"collection":[{"href":"https:\/\/bicycool.pl\/index.php?rest_route=\/wp\/v2\/product"}],"about":[{"href":"https:\/\/bicycool.pl\/index.php?rest_route=\/wp\/v2\/types\/product"}],"replies":[{"embeddable":true,"href":"https:\/\/bicycool.pl\/index.php?rest_route=%2Fwp%2Fv2%2Fcomments&post=7573"}],"wp:featuredmedia":[{"embeddable":true,"href":"https:\/\/bicycool.pl\/index.php?rest_route=\/wp\/v2\/media\/7574"}],"wp:attachment":[{"href":"https:\/\/bicycool.pl\/index.php?rest_route=%2Fwp%2Fv2%2Fmedia&parent=7573"}],"wp:term":[{"taxonomy":"product_brand","embeddable":true,"href":"https:\/\/bicycool.pl\/index.php?rest_route=%2Fwp%2Fv2%2Fproduct_brand&post=7573"},{"taxonomy":"product_cat","embeddable":true,"href":"https:\/\/bicycool.pl\/index.php?rest_route=%2Fwp%2Fv2%2Fproduct_cat&post=7573"},{"taxonomy":"product_tag","embeddable":true,"href":"https:\/\/bicycool.pl\/index.php?rest_route=%2Fwp%2Fv2%2Fproduct_tag&post=7573"}],"curies":[{"name":"wp","href":"https:\/\/api.w.org\/{rel}","templated":true}]}}