{"id":7578,"date":"2025-12-03T13:13:34","date_gmt":"2025-12-03T12:13:34","guid":{"rendered":"https:\/\/bicycool.pl\/?post_type=product&#038;p=7578"},"modified":"2025-12-17T12:37:43","modified_gmt":"2025-12-17T11:37:43","slug":"pedaly-zatrzaskowe-time-rxs-clipless-szosowe","status":"publish","type":"product","link":"https:\/\/bicycool.pl\/?product=pedaly-zatrzaskowe-time-rxs-clipless-szosowe","title":{"rendered":"Peda\u0142y Zatrzaskowe SPD Shimano PD-M540"},"content":{"rendered":"<h1 data-start=\"82\" data-end=\"212\">Peda\u0142y Zatrzaskowe SPD Shimano PD-M540<\/h1>\n<p>&nbsp;<\/p>\n<p><strong data-start=\"191\" data-end=\"214\">Shimano SPD PD-M540<\/strong> to wysokiej klasy peda\u0142y zatrzaskowe przeznaczone do jazdy MTB oraz trekkingu. Dzi\u0119ki otwartej konstrukcji mechanizmu SPD peda\u0142y dzia\u0142aj\u0105 niezawodnie nawet w trudnych warunkach terenowych, skutecznie oczyszczaj\u0105c si\u0119 z b\u0142ota i zanieczyszcze\u0144.<\/p>\n<p>Solidna konstrukcja oparta na <strong data-start=\"493\" data-end=\"521\">stalowym trzpieniu Cr-Mo<\/strong> oraz <strong data-start=\"527\" data-end=\"551\">szczelnych \u0142o\u017cyskach<\/strong> gwarantuje d\u0142ug\u0105 \u017cywotno\u015b\u0107 i bezproblemow\u0105 eksploatacj\u0119 przez wiele sezon\u00f3w. Aluminiowy korpus zwi\u0119ksza stabilno\u015b\u0107 buta i skutecznie chroni peda\u0142y przed uszkodzeniami mechanicznymi.<\/p>\n<p>Dwustronny mechanizm u\u0142atwia szybkie wpinanie, a regulowana si\u0142a wpi\u0119cia i wypi\u0119cia pozwala dopasowa\u0107 peda\u0142y zar\u00f3wno do pocz\u0105tkuj\u0105cych, jak i bardziej zaawansowanych u\u017cytkownik\u00f3w.<\/p>\n<hr data-start=\"916\" data-end=\"919\" \/>\n<h3 data-start=\"921\" data-end=\"945\">Najwa\u017cniejsze cechy:<\/h3>\n<ul data-start=\"946\" data-end=\"1308\">\n<li data-start=\"946\" data-end=\"963\"><strong>System:<\/strong> SPD<\/li>\n<li><strong>Model:<\/strong> PD-M540<\/li>\n<li data-start=\"964\" data-end=\"1003\"><strong>Zastosowanie:<\/strong>MTB\u00a0 \/ trekking<\/li>\n<li data-start=\"1004\" data-end=\"1052\"><strong>Trzpie\u0144:<\/strong> stal chromowo-molibdenowa (Cr-Mo)<\/li>\n<li data-start=\"1053\" data-end=\"1076\"><strong>Korpus:<\/strong> aluminium<\/li>\n<li data-start=\"1077\" data-end=\"1114\">Regulacja si\u0142y wpinania i wypinania<\/li>\n<li data-start=\"1115\" data-end=\"1165\">Szczelne \u0142o\u017cyska \u2013 minimalne wymagania serwisowe<\/li>\n<li data-start=\"1166\" data-end=\"1220\">Otwarta konstrukcja \u2013 doskona\u0142e oczyszczanie z b\u0142ota<\/li>\n<li data-start=\"1221\" data-end=\"1262\">Konstrukcja dwustronna \u2013 \u0142atwe wpinanie<\/li>\n<li data-start=\"1288\" data-end=\"1308\">Brak blok\u00f3w w zestawie<\/li>\n<li data-start=\"1288\" data-end=\"1308\"><strong>Stan: U\u017cywane<\/strong><\/li>\n<\/ul>\n","protected":false},"excerpt":{"rendered":"<p>Peda\u0142y Zatrzaskowe SPD Shimano PD-M540 &nbsp; Shimano SPD PD-M540 to wysokiej klasy peda\u0142y zatrzaskowe przeznaczone do jazdy MTB oraz trekkingu. Dzi\u0119ki otwartej konstrukcji mechanizmu SPD peda\u0142y dzia\u0142aj\u0105 niezawodnie nawet w trudnych warunkach terenowych, skutecznie oczyszczaj\u0105c si\u0119 z b\u0142ota i zanieczyszcze\u0144. Solidna konstrukcja oparta na stalowym trzpieniu Cr-Mo oraz szczelnych \u0142o\u017cyskach gwarantuje d\u0142ug\u0105 \u017cywotno\u015b\u0107 i bezproblemow\u0105&hellip;<\/p>\n","protected":false},"featured_media":8166,"comment_status":"open","ping_status":"closed","template":"","meta":[],"product_brand":[],"product_cat":[15,28],"product_tag":[130,129],"class_list":{"0":"post-7578","1":"product","2":"type-product","3":"status-publish","4":"has-post-thumbnail","6":"product_cat-czesci","7":"product_cat-czesci-i-akcesoria-uzywane","8":"product_tag-pedaly","9":"product_tag-spd","10":"product_shipping_class-mala-paczka","12":"first","13":"instock","14":"shipping-taxable","15":"purchasable","16":"product-type-simple"},"_links":{"self":[{"href":"https:\/\/bicycool.pl\/index.php?rest_route=\/wp\/v2\/product\/7578","targetHints":{"allow":["GET"]}}],"collection":[{"href":"https:\/\/bicycool.pl\/index.php?rest_route=\/wp\/v2\/product"}],"about":[{"href":"https:\/\/bicycool.pl\/index.php?rest_route=\/wp\/v2\/types\/product"}],"replies":[{"embeddable":true,"href":"https:\/\/bicycool.pl\/index.php?rest_route=%2Fwp%2Fv2%2Fcomments&post=7578"}],"wp:featuredmedia":[{"embeddable":true,"href":"https:\/\/bicycool.pl\/index.php?rest_route=\/wp\/v2\/media\/8166"}],"wp:attachment":[{"href":"https:\/\/bicycool.pl\/index.php?rest_route=%2Fwp%2Fv2%2Fmedia&parent=7578"}],"wp:term":[{"taxonomy":"product_brand","embeddable":true,"href":"https:\/\/bicycool.pl\/index.php?rest_route=%2Fwp%2Fv2%2Fproduct_brand&post=7578"},{"taxonomy":"product_cat","embeddable":true,"href":"https:\/\/bicycool.pl\/index.php?rest_route=%2Fwp%2Fv2%2Fproduct_cat&post=7578"},{"taxonomy":"product_tag","embeddable":true,"href":"https:\/\/bicycool.pl\/index.php?rest_route=%2Fwp%2Fv2%2Fproduct_tag&post=7578"}],"curies":[{"name":"wp","href":"https:\/\/api.w.org\/{rel}","templated":true}]}}