{"id":7607,"date":"2025-12-04T16:27:37","date_gmt":"2025-12-04T15:27:37","guid":{"rendered":"https:\/\/bicycool.pl\/?post_type=product&#038;p=7607"},"modified":"2025-12-06T11:23:26","modified_gmt":"2025-12-06T10:23:26","slug":"__trashed-2","status":"publish","type":"product","link":"https:\/\/bicycool.pl\/?product=__trashed-2","title":{"rendered":"BIKE ATTITUDE \u2013 os\u0142ona przerzutki tylnej i haka"},"content":{"rendered":"<p data-start=\"56\" data-end=\"134\"><strong data-start=\"56\" data-end=\"134\">BIKE ATTITUDE \u2013 os\u0142ona przerzutki tylnej i haka<\/strong><\/p>\n<p data-start=\"136\" data-end=\"394\">Praktyczny zestaw <strong data-start=\"164\" data-end=\"211\">os\u0142ony tylnej przerzutki oraz hak\u00f3w tylnych<\/strong> marki <strong data-start=\"218\" data-end=\"235\">Bike Attitude<\/strong>, dedykowany dla rower\u00f3w z niewymiennym hakiem. Produkt zaprojektowano z my\u015bl\u0105 o ochronie tylnej przerzutki i ramy w czasie transportu, przewozu lub przechowywania roweru.<\/p>\n<p data-start=\"396\" data-end=\"415\"><strong data-start=\"396\" data-end=\"415\">Cechy produktu:<\/strong><\/p>\n<ul data-start=\"416\" data-end=\"795\">\n<li data-start=\"416\" data-end=\"499\">\n<p data-start=\"418\" data-end=\"499\">Os\u0142ona tylnej przerzutki i hak\u00f3w \u2013 chroni delikatne elementy przed uszkodzeniem<\/p>\n<\/li>\n<li data-start=\"619\" data-end=\"701\">\n<p data-start=\"621\" data-end=\"701\">\u0141atwa w monta\u017cu i demonta\u017cu \u2014 mo\u017cna j\u0105 szybko za\u0142o\u017cy\u0107 i zdj\u0105\u0107 w razie potrzeby<\/p>\n<\/li>\n<li data-start=\"702\" data-end=\"795\">\n<p data-start=\"704\" data-end=\"795\">Idealna jako akcesorium do przewozu roweru lub przechowywania, chroni\u0105c ram\u0119 i przerzutk\u0119<\/p>\n<\/li>\n<\/ul>\n<hr data-start=\"983\" data-end=\"986\" \/>\n","protected":false},"excerpt":{"rendered":"<p>BIKE ATTITUDE \u2013 os\u0142ona przerzutki tylnej i haka Praktyczny zestaw os\u0142ony tylnej przerzutki oraz hak\u00f3w tylnych marki Bike Attitude, dedykowany dla rower\u00f3w z niewymiennym hakiem. Produkt zaprojektowano z my\u015bl\u0105 o ochronie tylnej przerzutki i ramy w czasie transportu, przewozu lub przechowywania roweru. Cechy produktu: Os\u0142ona tylnej przerzutki i hak\u00f3w \u2013 chroni delikatne elementy przed uszkodzeniem&hellip;<\/p>\n","protected":false},"featured_media":7605,"comment_status":"open","ping_status":"closed","template":"","meta":[],"product_brand":[],"product_cat":[27,174],"product_tag":[],"class_list":{"0":"post-7607","1":"product","2":"type-product","3":"status-publish","4":"has-post-thumbnail","6":"product_cat-czesci-nowe","7":"product_cat-przerzutki","8":"product_shipping_class-mala-paczka","10":"first","11":"instock","12":"shipping-taxable","13":"purchasable","14":"product-type-simple"},"_links":{"self":[{"href":"https:\/\/bicycool.pl\/index.php?rest_route=\/wp\/v2\/product\/7607","targetHints":{"allow":["GET"]}}],"collection":[{"href":"https:\/\/bicycool.pl\/index.php?rest_route=\/wp\/v2\/product"}],"about":[{"href":"https:\/\/bicycool.pl\/index.php?rest_route=\/wp\/v2\/types\/product"}],"replies":[{"embeddable":true,"href":"https:\/\/bicycool.pl\/index.php?rest_route=%2Fwp%2Fv2%2Fcomments&post=7607"}],"wp:featuredmedia":[{"embeddable":true,"href":"https:\/\/bicycool.pl\/index.php?rest_route=\/wp\/v2\/media\/7605"}],"wp:attachment":[{"href":"https:\/\/bicycool.pl\/index.php?rest_route=%2Fwp%2Fv2%2Fmedia&parent=7607"}],"wp:term":[{"taxonomy":"product_brand","embeddable":true,"href":"https:\/\/bicycool.pl\/index.php?rest_route=%2Fwp%2Fv2%2Fproduct_brand&post=7607"},{"taxonomy":"product_cat","embeddable":true,"href":"https:\/\/bicycool.pl\/index.php?rest_route=%2Fwp%2Fv2%2Fproduct_cat&post=7607"},{"taxonomy":"product_tag","embeddable":true,"href":"https:\/\/bicycool.pl\/index.php?rest_route=%2Fwp%2Fv2%2Fproduct_tag&post=7607"}],"curies":[{"name":"wp","href":"https:\/\/api.w.org\/{rel}","templated":true}]}}