{"id":7609,"date":"2025-12-04T16:41:03","date_gmt":"2025-12-04T15:41:03","guid":{"rendered":"https:\/\/bicycool.pl\/?post_type=product&#038;p=7609"},"modified":"2025-12-04T16:56:54","modified_gmt":"2025-12-04T15:56:54","slug":"shimano-ultegra-fd-6703-przerzutka-przednia-3x10-349-mm","status":"publish","type":"product","link":"https:\/\/bicycool.pl\/?product=shimano-ultegra-fd-6703-przerzutka-przednia-3x10-349-mm","title":{"rendered":"Shimano Ultegra FD-6703 \u2013 Przerzutka przednia 3&#215;10 34,9 mm"},"content":{"rendered":"<h2 data-start=\"85\" data-end=\"180\"><strong data-start=\"89\" data-end=\"180\">Shimano Ultegra FD-6703 \u2013 przednia przerzutka 3&#215;10\u00a0<\/strong><\/h2>\n<p>&nbsp;<\/p>\n<p data-start=\"182\" data-end=\"572\">Przednia przerzutka <strong data-start=\"202\" data-end=\"231\">Shimano Ultegra FD-6703<\/strong>\u00a0to zaawansowany technologicznie komponent klasy wy\u015bcigowej, zaprojektowany z my\u015bl\u0105 o precyzyjnej i p\u0142ynnej zmianie prze\u0142o\u017ce\u0144 w nap\u0119dach <strong data-start=\"368\" data-end=\"376\">3&#215;10<\/strong>. Grupa <strong data-start=\"384\" data-end=\"395\">Ultegra<\/strong> s\u0142ynie z najwy\u017cszej kultury pracy i doskona\u0142ej trwa\u0142o\u015bci, oferuj\u0105c osi\u0105gi bardzo zbli\u017cone do topowej linii <strong data-start=\"503\" data-end=\"515\">Dura-Ace<\/strong>, przy znacznie korzystniejszym stosunku jako\u015bci do ceny.<\/p>\n<p data-start=\"574\" data-end=\"752\">Przerzutka charakteryzuje si\u0119 now\u0105, usztywnion\u0105 konstrukcj\u0105 korpusu i udoskonalon\u0105 prowadnic\u0105 \u0142a\u0144cucha, kt\u00f3re gwarantuj\u0105 pewn\u0105 i szybk\u0105 zmian\u0119 bieg\u00f3w tak\u017ce pod du\u017cym obci\u0105\u017ceniem.<\/p>\n<hr data-start=\"754\" data-end=\"757\" \/>\n<h3 data-start=\"759\" data-end=\"782\"><strong data-start=\"763\" data-end=\"782\">Cechy produktu:<\/strong><\/h3>\n<ul data-start=\"783\" data-end=\"1392\">\n<li data-start=\"783\" data-end=\"809\">\n<p data-start=\"785\" data-end=\"809\"><strong data-start=\"785\" data-end=\"799\">Producent:<\/strong> Shimano<\/p>\n<\/li>\n<li data-start=\"810\" data-end=\"834\">\n<p data-start=\"812\" data-end=\"834\"><strong data-start=\"812\" data-end=\"822\">Model:<\/strong> FD-6703<\/p>\n<\/li>\n<li data-start=\"835\" data-end=\"857\">\n<p data-start=\"837\" data-end=\"857\"><strong data-start=\"837\" data-end=\"847\">Grupa:<\/strong> Ultegra<\/p>\n<\/li>\n<li data-start=\"858\" data-end=\"924\">\n<p data-start=\"860\" data-end=\"924\"><strong data-start=\"860\" data-end=\"879\">Kompatybilno\u015b\u0107:<\/strong> korby <strong data-start=\"886\" data-end=\"899\">3-rz\u0119dowe<\/strong>, nap\u0119dy <strong data-start=\"908\" data-end=\"922\">10-rz\u0119dowe<\/strong><\/p>\n<\/li>\n<li data-start=\"925\" data-end=\"997\">\n<p data-start=\"927\" data-end=\"997\"><strong data-start=\"927\" data-end=\"943\">Typ monta\u017cu:<\/strong> obejma <strong data-start=\"951\" data-end=\"962\">34,9 mm<\/strong><\/p>\n<\/li>\n<li data-start=\"998\" data-end=\"1049\">\n<p data-start=\"1000\" data-end=\"1049\"><strong data-start=\"1000\" data-end=\"1022\">Prowadzenie linki:<\/strong> dolny ci\u0105g (Bottom Pull)<\/p>\n<\/li>\n<li data-start=\"1088\" data-end=\"1120\">\n<p data-start=\"1090\" data-end=\"1120\"><strong data-start=\"1090\" data-end=\"1109\">Linia \u0142a\u0144cucha:<\/strong> HG 45 mm<\/p>\n<\/li>\n<li data-start=\"1121\" data-end=\"1153\">\n<p data-start=\"1123\" data-end=\"1153\"><strong data-start=\"1123\" data-end=\"1140\">G\u00f3rna tarcza:<\/strong> do <strong data-start=\"1144\" data-end=\"1151\">52T<\/strong><\/p>\n<\/li>\n<li data-start=\"1154\" data-end=\"1176\">\n<p data-start=\"1156\" data-end=\"1176\"><strong data-start=\"1156\" data-end=\"1170\">Pojemno\u015b\u0107:<\/strong> 16T<\/p>\n<\/li>\n<li data-start=\"1346\" data-end=\"1369\">\n<p data-start=\"1348\" data-end=\"1369\"><strong data-start=\"1348\" data-end=\"1357\">Waga:<\/strong> ok. 131 g<\/p>\n<\/li>\n<li data-start=\"1370\" data-end=\"1392\">\n<p data-start=\"1372\" data-end=\"1392\"><strong data-start=\"1372\" data-end=\"1382\">Kolor:<\/strong> srebrny<\/p>\n<\/li>\n<li data-start=\"1370\" data-end=\"1392\">\n<p data-start=\"1372\" data-end=\"1392\"><strong>STAN:<\/strong> Nieu\u017cywana, Zdemontowana z nowego roweru, widoczne \u015blady po \u0142a\u0144cuchu.<\/p>\n<\/li>\n<\/ul>\n<p>&nbsp;<\/p>\n","protected":false},"excerpt":{"rendered":"<p>Shimano Ultegra FD-6703 \u2013 przednia przerzutka 3&#215;10\u00a0 &nbsp; Przednia przerzutka Shimano Ultegra FD-6703\u00a0to zaawansowany technologicznie komponent klasy wy\u015bcigowej, zaprojektowany z my\u015bl\u0105 o precyzyjnej i p\u0142ynnej zmianie prze\u0142o\u017ce\u0144 w nap\u0119dach 3&#215;10. Grupa Ultegra s\u0142ynie z najwy\u017cszej kultury pracy i doskona\u0142ej trwa\u0142o\u015bci, oferuj\u0105c osi\u0105gi bardzo zbli\u017cone do topowej linii Dura-Ace, przy znacznie korzystniejszym stosunku jako\u015bci do ceny.&hellip;<\/p>\n","protected":false},"featured_media":7611,"comment_status":"open","ping_status":"closed","template":"","meta":[],"product_brand":[],"product_cat":[27,85,174],"product_tag":[],"class_list":{"0":"post-7609","1":"product","2":"type-product","3":"status-publish","4":"has-post-thumbnail","6":"product_cat-czesci-nowe","7":"product_cat-outlet","8":"product_cat-przerzutki","9":"product_shipping_class-mala-paczka","11":"first","12":"instock","13":"shipping-taxable","14":"purchasable","15":"product-type-simple"},"_links":{"self":[{"href":"https:\/\/bicycool.pl\/index.php?rest_route=\/wp\/v2\/product\/7609","targetHints":{"allow":["GET"]}}],"collection":[{"href":"https:\/\/bicycool.pl\/index.php?rest_route=\/wp\/v2\/product"}],"about":[{"href":"https:\/\/bicycool.pl\/index.php?rest_route=\/wp\/v2\/types\/product"}],"replies":[{"embeddable":true,"href":"https:\/\/bicycool.pl\/index.php?rest_route=%2Fwp%2Fv2%2Fcomments&post=7609"}],"wp:featuredmedia":[{"embeddable":true,"href":"https:\/\/bicycool.pl\/index.php?rest_route=\/wp\/v2\/media\/7611"}],"wp:attachment":[{"href":"https:\/\/bicycool.pl\/index.php?rest_route=%2Fwp%2Fv2%2Fmedia&parent=7609"}],"wp:term":[{"taxonomy":"product_brand","embeddable":true,"href":"https:\/\/bicycool.pl\/index.php?rest_route=%2Fwp%2Fv2%2Fproduct_brand&post=7609"},{"taxonomy":"product_cat","embeddable":true,"href":"https:\/\/bicycool.pl\/index.php?rest_route=%2Fwp%2Fv2%2Fproduct_cat&post=7609"},{"taxonomy":"product_tag","embeddable":true,"href":"https:\/\/bicycool.pl\/index.php?rest_route=%2Fwp%2Fv2%2Fproduct_tag&post=7609"}],"curies":[{"name":"wp","href":"https:\/\/api.w.org\/{rel}","templated":true}]}}