{"id":7635,"date":"2025-12-05T11:10:58","date_gmt":"2025-12-05T10:10:58","guid":{"rendered":"https:\/\/bicycool.pl\/?post_type=product&#038;p=7635"},"modified":"2025-12-05T11:13:59","modified_gmt":"2025-12-05T10:13:59","slug":"specialized-2011-demo-lower-piece-oslona-tylnego-widelca","status":"publish","type":"product","link":"https:\/\/bicycool.pl\/?product=specialized-2011-demo-lower-piece-oslona-tylnego-widelca","title":{"rendered":"Specialized 2011 Demo &#038; Lower piece \u2013 Os\u0142ona tylnego widelca"},"content":{"rendered":"<h3 data-start=\"35\" data-end=\"136\"><strong data-start=\"39\" data-end=\"136\">Specialized 2011 Demo &amp; Lower piece \u2013 Os\u0142ona tylnego widelca (chainstay protector)<\/strong><\/h3>\n<p data-start=\"138\" data-end=\"375\">Oryginalna os\u0142ona tylnego tr\u00f3jk\u0105ta przeznaczona do modeli <strong data-start=\"196\" data-end=\"223\">Specialized\u00a02011 Demo &amp; Lower piece<\/strong>. Skuteczna ochrona ramy przed obiciami \u0142a\u0144cucha i znacz\u0105co redukuje ha\u0142as podczas jazdy w terenie.<\/p>\n<p data-start=\"23\" data-end=\"42\"><strong data-start=\"23\" data-end=\"42\">Cechy produktu:<\/strong><\/p>\n<ul data-start=\"44\" data-end=\"289\" data-is-last-node=\"\" data-is-only-node=\"\">\n<li data-start=\"44\" data-end=\"104\">\n<p data-start=\"46\" data-end=\"104\">Solidna os\u0142ona wykonana z trwa\u0142ego, formowanego tworzywa<\/p>\n<\/li>\n<li data-start=\"105\" data-end=\"185\">\n<p data-start=\"107\" data-end=\"185\">Gumowa pow\u0142oka zewn\u0119trzna skutecznie redukuj\u0105ca ha\u0142as i wstrz\u0105sy od \u0142a\u0144cucha<\/p>\n<\/li>\n<li data-start=\"186\" data-end=\"240\">\n<p data-start=\"188\" data-end=\"240\">Mocne i pewne przyleganie do tylnego tr\u00f3jk\u0105ta ramy<\/p>\n<\/li>\n<li data-start=\"241\" data-end=\"289\" data-is-last-node=\"\">\n<p data-start=\"243\" data-end=\"289\" data-is-last-node=\"\">Prosty, szybki monta\u017c oraz wygodne zdejmowanie<\/p>\n<\/li>\n<\/ul>\n<p>&nbsp;<\/p>\n","protected":false},"excerpt":{"rendered":"<p>Specialized 2011 Demo &amp; Lower piece \u2013 Os\u0142ona tylnego widelca (chainstay protector) Oryginalna os\u0142ona tylnego tr\u00f3jk\u0105ta przeznaczona do modeli Specialized\u00a02011 Demo &amp; Lower piece. Skuteczna ochrona ramy przed obiciami \u0142a\u0144cucha i znacz\u0105co redukuje ha\u0142as podczas jazdy w terenie. Cechy produktu: Solidna os\u0142ona wykonana z trwa\u0142ego, formowanego tworzywa Gumowa pow\u0142oka zewn\u0119trzna skutecznie redukuj\u0105ca ha\u0142as i wstrz\u0105sy&hellip;<\/p>\n","protected":false},"featured_media":7636,"comment_status":"open","ping_status":"closed","template":"","meta":[],"product_brand":[],"product_cat":[29,188],"product_tag":[],"class_list":{"0":"post-7635","1":"product","2":"type-product","3":"status-publish","4":"has-post-thumbnail","6":"product_cat-akcesoria","7":"product_cat-oslony","8":"product_shipping_class-mala-paczka","10":"first","11":"instock","12":"shipping-taxable","13":"purchasable","14":"product-type-simple"},"_links":{"self":[{"href":"https:\/\/bicycool.pl\/index.php?rest_route=\/wp\/v2\/product\/7635","targetHints":{"allow":["GET"]}}],"collection":[{"href":"https:\/\/bicycool.pl\/index.php?rest_route=\/wp\/v2\/product"}],"about":[{"href":"https:\/\/bicycool.pl\/index.php?rest_route=\/wp\/v2\/types\/product"}],"replies":[{"embeddable":true,"href":"https:\/\/bicycool.pl\/index.php?rest_route=%2Fwp%2Fv2%2Fcomments&post=7635"}],"wp:featuredmedia":[{"embeddable":true,"href":"https:\/\/bicycool.pl\/index.php?rest_route=\/wp\/v2\/media\/7636"}],"wp:attachment":[{"href":"https:\/\/bicycool.pl\/index.php?rest_route=%2Fwp%2Fv2%2Fmedia&parent=7635"}],"wp:term":[{"taxonomy":"product_brand","embeddable":true,"href":"https:\/\/bicycool.pl\/index.php?rest_route=%2Fwp%2Fv2%2Fproduct_brand&post=7635"},{"taxonomy":"product_cat","embeddable":true,"href":"https:\/\/bicycool.pl\/index.php?rest_route=%2Fwp%2Fv2%2Fproduct_cat&post=7635"},{"taxonomy":"product_tag","embeddable":true,"href":"https:\/\/bicycool.pl\/index.php?rest_route=%2Fwp%2Fv2%2Fproduct_tag&post=7635"}],"curies":[{"name":"wp","href":"https:\/\/api.w.org\/{rel}","templated":true}]}}