{"id":7639,"date":"2025-12-05T11:15:50","date_gmt":"2025-12-05T10:15:50","guid":{"rendered":"https:\/\/bicycool.pl\/?post_type=product&#038;p=7639"},"modified":"2025-12-05T11:19:32","modified_gmt":"2025-12-05T10:19:32","slug":"specialized-2009-big-hit-oslona-tylnego-widelca","status":"publish","type":"product","link":"https:\/\/bicycool.pl\/?product=specialized-2009-big-hit-oslona-tylnego-widelca","title":{"rendered":"Specialized 2009 Big hit \u2013 Os\u0142ona tylnego widelca"},"content":{"rendered":"<h3 data-start=\"44\" data-end=\"123\"><strong data-start=\"48\" data-end=\"123\">Specialized Big Hit 2009 \u2013 Os\u0142ona tylnego widelca (chainstay protector)<\/strong><\/h3>\n<p data-start=\"125\" data-end=\"326\">Oryginalna os\u0142ona tylnego tr\u00f3jk\u0105ta dedykowana modelowi <strong data-start=\"180\" data-end=\"208\">Specialized Big Hit 2009<\/strong>. Zabezpiecza ram\u0119 przed uderzeniami \u0142a\u0144cucha i skutecznie wycisza prac\u0119 nap\u0119du podczas jazdy po wymagaj\u0105cych trasach.<\/p>\n<p data-start=\"328\" data-end=\"347\"><strong data-start=\"328\" data-end=\"347\">Cechy produktu:<\/strong><\/p>\n<ul data-start=\"349\" data-end=\"661\">\n<li data-start=\"349\" data-end=\"420\">\n<p data-start=\"351\" data-end=\"420\">Wykonana z wytrzyma\u0142ego, formowanego tworzywa o wysokiej odporno\u015bci<\/p>\n<\/li>\n<li data-start=\"421\" data-end=\"507\">\n<p data-start=\"423\" data-end=\"507\">Zewn\u0119trzna gumowa warstwa minimalizuj\u0105ca ha\u0142as i drgania powodowane prac\u0105 \u0142a\u0144cucha<\/p>\n<\/li>\n<li data-start=\"508\" data-end=\"577\">\n<p data-start=\"510\" data-end=\"577\">Stabilne i trwa\u0142e mocowanie zapewniaj\u0105ce pewne trzymanie na ramie<\/p>\n<\/li>\n<li data-start=\"578\" data-end=\"661\">\n<p data-start=\"580\" data-end=\"661\">\u0141atwa instalacja oraz szybki demonta\u017c, bez potrzeby u\u017cycia specjalnych narz\u0119dzi<\/p>\n<\/li>\n<\/ul>\n","protected":false},"excerpt":{"rendered":"<p>Specialized Big Hit 2009 \u2013 Os\u0142ona tylnego widelca (chainstay protector) Oryginalna os\u0142ona tylnego tr\u00f3jk\u0105ta dedykowana modelowi Specialized Big Hit 2009. Zabezpiecza ram\u0119 przed uderzeniami \u0142a\u0144cucha i skutecznie wycisza prac\u0119 nap\u0119du podczas jazdy po wymagaj\u0105cych trasach. Cechy produktu: Wykonana z wytrzyma\u0142ego, formowanego tworzywa o wysokiej odporno\u015bci Zewn\u0119trzna gumowa warstwa minimalizuj\u0105ca ha\u0142as i drgania powodowane prac\u0105 \u0142a\u0144cucha&hellip;<\/p>\n","protected":false},"featured_media":7640,"comment_status":"open","ping_status":"closed","template":"","meta":[],"product_brand":[],"product_cat":[29,188],"product_tag":[],"class_list":{"0":"post-7639","1":"product","2":"type-product","3":"status-publish","4":"has-post-thumbnail","6":"product_cat-akcesoria","7":"product_cat-oslony","8":"product_shipping_class-mala-paczka","10":"first","11":"instock","12":"shipping-taxable","13":"purchasable","14":"product-type-simple"},"_links":{"self":[{"href":"https:\/\/bicycool.pl\/index.php?rest_route=\/wp\/v2\/product\/7639","targetHints":{"allow":["GET"]}}],"collection":[{"href":"https:\/\/bicycool.pl\/index.php?rest_route=\/wp\/v2\/product"}],"about":[{"href":"https:\/\/bicycool.pl\/index.php?rest_route=\/wp\/v2\/types\/product"}],"replies":[{"embeddable":true,"href":"https:\/\/bicycool.pl\/index.php?rest_route=%2Fwp%2Fv2%2Fcomments&post=7639"}],"wp:featuredmedia":[{"embeddable":true,"href":"https:\/\/bicycool.pl\/index.php?rest_route=\/wp\/v2\/media\/7640"}],"wp:attachment":[{"href":"https:\/\/bicycool.pl\/index.php?rest_route=%2Fwp%2Fv2%2Fmedia&parent=7639"}],"wp:term":[{"taxonomy":"product_brand","embeddable":true,"href":"https:\/\/bicycool.pl\/index.php?rest_route=%2Fwp%2Fv2%2Fproduct_brand&post=7639"},{"taxonomy":"product_cat","embeddable":true,"href":"https:\/\/bicycool.pl\/index.php?rest_route=%2Fwp%2Fv2%2Fproduct_cat&post=7639"},{"taxonomy":"product_tag","embeddable":true,"href":"https:\/\/bicycool.pl\/index.php?rest_route=%2Fwp%2Fv2%2Fproduct_tag&post=7639"}],"curies":[{"name":"wp","href":"https:\/\/api.w.org\/{rel}","templated":true}]}}