{"id":7688,"date":"2025-12-08T13:56:30","date_gmt":"2025-12-08T12:56:30","guid":{"rendered":"https:\/\/bicycool.pl\/?post_type=product&#038;p=7688"},"modified":"2025-12-08T14:02:55","modified_gmt":"2025-12-08T13:02:55","slug":"piasta-przod-piasta-shimano-nexave-hb-t400-nos","status":"publish","type":"product","link":"https:\/\/bicycool.pl\/?product=piasta-przod-piasta-shimano-nexave-hb-t400-nos","title":{"rendered":"Piasta prz\u00f3d Piasta Shimano Nexave HB-T400 NOS"},"content":{"rendered":"<h1 class=\"Product_product-title__BALAQ\">Piasta Prz\u00f3d Shimano Nexave HB-T400<\/h1>\n<article class=\"text-token-text-primary w-full focus:outline-none [--shadow-height:45px] has-data-writing-block:pointer-events-none has-data-writing-block:-mt-(--shadow-height) has-data-writing-block:pt-(--shadow-height) [&amp;:has([data-writing-block])&gt;*]:pointer-events-auto scroll-mt-[calc(var(--header-height)+min(200px,max(70px,20svh)))]\" dir=\"auto\" tabindex=\"-1\" data-turn-id=\"request-WEB:bb983429-6dd7-4534-b9d3-efbc845b9df0-8\" data-testid=\"conversation-turn-4\" data-scroll-anchor=\"true\" data-turn=\"assistant\">\n<div class=\"text-base my-auto mx-auto pb-10 [--thread-content-margin:--spacing(4)] @w-sm\/main:[--thread-content-margin:--spacing(6)] @w-lg\/main:[--thread-content-margin:--spacing(16)] px-(--thread-content-margin)\">\n<div class=\"[--thread-content-max-width:40rem] @w-lg\/main:[--thread-content-max-width:48rem] mx-auto max-w-(--thread-content-max-width) flex-1 group\/turn-messages focus-visible:outline-hidden relative flex w-full min-w-0 flex-col agent-turn\" tabindex=\"-1\">\n<div class=\"flex max-w-full flex-col grow\">\n<div class=\"min-h-8 text-message relative flex w-full flex-col items-end gap-2 text-start break-words whitespace-normal [.text-message+&amp;]:mt-1\" dir=\"auto\" data-message-author-role=\"assistant\" data-message-id=\"3a73edec-208e-4975-82c9-c2f0605ddf84\" data-message-model-slug=\"gpt-5-1\">\n<div class=\"flex w-full flex-col gap-1 empty:hidden first:pt-[1px]\">\n<div>\n<p data-start=\"417\" data-end=\"725\">\n<\/div>\n<\/div>\n<\/div>\n<\/div>\n<\/div>\n<\/div>\n<\/article>\n<ul>\n<li><strong>Prz\u00f3d<\/strong><\/li>\n<li><strong>Rodzaj hamulca<\/strong>:\u00a0 Obr\u0119czowy<\/li>\n<li><strong>Liczba otwor\u00f3w: <\/strong>36<\/li>\n<li><strong>Kolor:<\/strong> Srebrny<\/li>\n<li><strong>Rozstaw:<\/strong> 100mm<\/li>\n<li><strong>Stan &#8211;<\/strong> Nieu\u017cywany \/ NOS<\/li>\n<\/ul>\n","protected":false},"excerpt":{"rendered":"<p>Piasta Prz\u00f3d Shimano Nexave HB-T400 Prz\u00f3d Rodzaj hamulca:\u00a0 Obr\u0119czowy Liczba otwor\u00f3w: 36 Kolor: Srebrny Rozstaw: 100mm Stan &#8211; Nieu\u017cywany \/ NOS<\/p>\n","protected":false},"featured_media":7690,"comment_status":"open","ping_status":"closed","template":"","meta":[],"product_brand":[],"product_cat":[27,85,168],"product_tag":[],"class_list":{"0":"post-7688","1":"product","2":"type-product","3":"status-publish","4":"has-post-thumbnail","6":"product_cat-czesci-nowe","7":"product_cat-outlet","8":"product_cat-piasty","9":"product_shipping_class-mala-paczka","11":"first","12":"instock","13":"shipping-taxable","14":"purchasable","15":"product-type-simple"},"_links":{"self":[{"href":"https:\/\/bicycool.pl\/index.php?rest_route=\/wp\/v2\/product\/7688","targetHints":{"allow":["GET"]}}],"collection":[{"href":"https:\/\/bicycool.pl\/index.php?rest_route=\/wp\/v2\/product"}],"about":[{"href":"https:\/\/bicycool.pl\/index.php?rest_route=\/wp\/v2\/types\/product"}],"replies":[{"embeddable":true,"href":"https:\/\/bicycool.pl\/index.php?rest_route=%2Fwp%2Fv2%2Fcomments&post=7688"}],"wp:featuredmedia":[{"embeddable":true,"href":"https:\/\/bicycool.pl\/index.php?rest_route=\/wp\/v2\/media\/7690"}],"wp:attachment":[{"href":"https:\/\/bicycool.pl\/index.php?rest_route=%2Fwp%2Fv2%2Fmedia&parent=7688"}],"wp:term":[{"taxonomy":"product_brand","embeddable":true,"href":"https:\/\/bicycool.pl\/index.php?rest_route=%2Fwp%2Fv2%2Fproduct_brand&post=7688"},{"taxonomy":"product_cat","embeddable":true,"href":"https:\/\/bicycool.pl\/index.php?rest_route=%2Fwp%2Fv2%2Fproduct_cat&post=7688"},{"taxonomy":"product_tag","embeddable":true,"href":"https:\/\/bicycool.pl\/index.php?rest_route=%2Fwp%2Fv2%2Fproduct_tag&post=7688"}],"curies":[{"name":"wp","href":"https:\/\/api.w.org\/{rel}","templated":true}]}}