{"id":769,"date":"2023-11-28T16:42:25","date_gmt":"2023-11-28T15:42:25","guid":{"rendered":"https:\/\/bicycool.pl\/?post_type=product&#038;p=769"},"modified":"2023-12-01T15:22:27","modified_gmt":"2023-12-01T14:22:27","slug":"kierownica-szosowa-baranek-satori-ram-carbon-al-44cm-318mm","status":"publish","type":"product","link":"https:\/\/bicycool.pl\/?product=kierownica-szosowa-baranek-satori-ram-carbon-al-44cm-318mm","title":{"rendered":"Kierownica szosowa baranek SATORI RAM Carbon-Al 44cm 31,8mm NOS"},"content":{"rendered":"<h3 class=\"Product_product-title__BALAQ\">Kierownica SATORI RAM<\/h3>\n<ul>\n<li><strong>Szeroko\u015b\u0107<\/strong> &#8211; 44cm<\/li>\n<li><strong>Monta\u017c<\/strong> &#8211; 31,8mm<\/li>\n<li><strong>Materia\u0142<\/strong> &#8211; Karbon &#8211; Aluminium<\/li>\n<li><strong>Produkt powystawowy &#8211; posiada\u00a0 ryski, g\u0142\u00f3wnie w miejscu montowania owijki oraz mostka. Jeden odprysk lakieru 3x2mm w miejscu montowania ta\u015bmy.<\/strong><\/li>\n<\/ul>\n","protected":false},"excerpt":{"rendered":"<p>Kierownica SATORI RAM Szeroko\u015b\u0107 &#8211; 44cm Monta\u017c &#8211; 31,8mm Materia\u0142 &#8211; Karbon &#8211; Aluminium Produkt powystawowy &#8211; posiada\u00a0 ryski, g\u0142\u00f3wnie w miejscu montowania owijki oraz mostka. Jeden odprysk lakieru 3x2mm w miejscu montowania ta\u015bmy.<\/p>\n","protected":false},"featured_media":766,"comment_status":"open","ping_status":"closed","template":"","meta":[],"product_brand":[],"product_cat":[27,170,85],"product_tag":[],"class_list":{"0":"post-769","1":"product","2":"type-product","3":"status-publish","4":"has-post-thumbnail","6":"product_cat-czesci-nowe","7":"product_cat-kierownice","8":"product_cat-outlet","9":"product_shipping_class-mala-paczka","11":"first","12":"instock","13":"shipping-taxable","14":"purchasable","15":"product-type-simple"},"_links":{"self":[{"href":"https:\/\/bicycool.pl\/index.php?rest_route=\/wp\/v2\/product\/769","targetHints":{"allow":["GET"]}}],"collection":[{"href":"https:\/\/bicycool.pl\/index.php?rest_route=\/wp\/v2\/product"}],"about":[{"href":"https:\/\/bicycool.pl\/index.php?rest_route=\/wp\/v2\/types\/product"}],"replies":[{"embeddable":true,"href":"https:\/\/bicycool.pl\/index.php?rest_route=%2Fwp%2Fv2%2Fcomments&post=769"}],"wp:featuredmedia":[{"embeddable":true,"href":"https:\/\/bicycool.pl\/index.php?rest_route=\/wp\/v2\/media\/766"}],"wp:attachment":[{"href":"https:\/\/bicycool.pl\/index.php?rest_route=%2Fwp%2Fv2%2Fmedia&parent=769"}],"wp:term":[{"taxonomy":"product_brand","embeddable":true,"href":"https:\/\/bicycool.pl\/index.php?rest_route=%2Fwp%2Fv2%2Fproduct_brand&post=769"},{"taxonomy":"product_cat","embeddable":true,"href":"https:\/\/bicycool.pl\/index.php?rest_route=%2Fwp%2Fv2%2Fproduct_cat&post=769"},{"taxonomy":"product_tag","embeddable":true,"href":"https:\/\/bicycool.pl\/index.php?rest_route=%2Fwp%2Fv2%2Fproduct_tag&post=769"}],"curies":[{"name":"wp","href":"https:\/\/api.w.org\/{rel}","templated":true}]}}