{"id":7692,"date":"2025-12-08T14:17:40","date_gmt":"2025-12-08T13:17:40","guid":{"rendered":"https:\/\/bicycool.pl\/?post_type=product&#038;p=7692"},"modified":"2026-04-14T01:19:04","modified_gmt":"2026-04-13T23:19:04","slug":"sztyca-podsiodlowa-newmen-evolution-27-2-x-400-mm","status":"publish","type":"product","link":"https:\/\/bicycool.pl\/?product=sztyca-podsiodlowa-newmen-evolution-27-2-x-400-mm","title":{"rendered":"Sztyca podsiod\u0142owa Newmen Evolution 27.2 \u00d7 400 mm\u00a0"},"content":{"rendered":"<h2 data-start=\"118\" data-end=\"176\"><strong data-start=\"121\" data-end=\"176\">Newmen Evolution\u00a0<\/strong><\/h2>\n<p data-start=\"178\" data-end=\"512\">Sztyca <strong data-start=\"185\" data-end=\"205\">Newmen Evolution<\/strong> to solidna, aluminiowa konstrukcja zaprojektowana z my\u015bl\u0105 o trwa\u0142o\u015bci, bezpiecze\u0144stwie i maksymalnym komforcie jazdy. Wyr\u00f3\u017cnia si\u0119 prost\u0105 obs\u0142ug\u0105, precyzyjn\u0105 regulacj\u0105 oraz niezawodnym systemem mocowania siod\u0142a, kt\u00f3ry chroni szyny przed uszkodzeniami. \u015awietny wyb\u00f3r zar\u00f3wno do rower\u00f3w MTB, jak i szosowych.<\/p>\n<h3 data-start=\"514\" data-end=\"562\"><strong data-start=\"518\" data-end=\"562\">Cechy g\u0142\u00f3wne \u2013 Newmen Evolution Seatpost<\/strong><\/h3>\n<ul data-start=\"563\" data-end=\"797\">\n<li data-start=\"563\" data-end=\"588\">\n<p data-start=\"565\" data-end=\"588\">\u0141atwy i szybki monta\u017c<\/p>\n<\/li>\n<li data-start=\"589\" data-end=\"634\">\n<p data-start=\"591\" data-end=\"634\">Dok\u0142adna regulacja k\u0105ta nachylenia siod\u0142a<\/p>\n<\/li>\n<li data-start=\"635\" data-end=\"707\">\n<p data-start=\"637\" data-end=\"707\">Delikatny, dwubolcowy mechanizm mocowania \u2013 nie uszkadza szyn siod\u0142a<\/p>\n<\/li>\n<li data-start=\"708\" data-end=\"755\">\n<p data-start=\"710\" data-end=\"755\">Bardzo wysoka wytrzyma\u0142o\u015b\u0107 i bezpiecze\u0144stwo<\/p>\n<\/li>\n<\/ul>\n<h3 data-start=\"799\" data-end=\"828\"><strong data-start=\"803\" data-end=\"828\">Specyfikacja produktu<\/strong><\/h3>\n<ul data-start=\"829\" data-end=\"1157\">\n<li data-start=\"829\" data-end=\"861\">\n<p data-start=\"831\" data-end=\"861\"><strong data-start=\"831\" data-end=\"848\">Zastosowanie:<\/strong> MTB, Szosa<\/p>\n<\/li>\n<li data-start=\"862\" data-end=\"887\">\n<p data-start=\"864\" data-end=\"887\"><strong data-start=\"864\" data-end=\"877\">\u015arednica:<\/strong> 27,2 mm<\/p>\n<\/li>\n<li data-start=\"888\" data-end=\"911\">\n<p data-start=\"890\" data-end=\"911\"><strong data-start=\"890\" data-end=\"902\">D\u0142ugo\u015b\u0107:<\/strong> 400 mm<\/p>\n<\/li>\n<li data-start=\"912\" data-end=\"932\">\n<p data-start=\"914\" data-end=\"932\"><strong data-start=\"914\" data-end=\"925\">Offset:<\/strong> 0 mm<\/p>\n<\/li>\n<li data-start=\"933\" data-end=\"982\">\n<p data-start=\"935\" data-end=\"982\"><strong data-start=\"935\" data-end=\"956\">Mocowanie siod\u0142a:<\/strong> Two-Bolt (na dwa \u015bruby)<\/p>\n<\/li>\n<li data-start=\"983\" data-end=\"1025\">\n<p data-start=\"985\" data-end=\"1025\"><strong data-start=\"985\" data-end=\"1016\">Maks. wysoko\u015b\u0107 szyn siod\u0142a:<\/strong> 9,5 mm<\/p>\n<\/li>\n<li data-start=\"1070\" data-end=\"1097\">\n<p data-start=\"1072\" data-end=\"1097\"><strong data-start=\"1072\" data-end=\"1085\">Materia\u0142:<\/strong> Aluminium<\/p>\n<\/li>\n<li data-start=\"1098\" data-end=\"1133\">\n<p data-start=\"1100\" data-end=\"1133\"><strong data-start=\"1100\" data-end=\"1110\">Kolor:<\/strong> czarny<\/p>\n<\/li>\n<li data-start=\"1134\" data-end=\"1157\">\n<p data-start=\"1136\" data-end=\"1157\"><strong data-start=\"1136\" data-end=\"1145\">Waga:<\/strong> ok. 275 g<\/p>\n<\/li>\n<li data-start=\"1134\" data-end=\"1157\"><strong>Stan:<\/strong> Nieu\u017cywany \/ Powystawowy \/ Mo\u017ce posiada\u0107 delikatne ryski<\/li>\n<\/ul>\n","protected":false},"excerpt":{"rendered":"<p>Newmen Evolution\u00a0 Sztyca Newmen Evolution to solidna, aluminiowa konstrukcja zaprojektowana z my\u015bl\u0105 o trwa\u0142o\u015bci, bezpiecze\u0144stwie i maksymalnym komforcie jazdy. Wyr\u00f3\u017cnia si\u0119 prost\u0105 obs\u0142ug\u0105, precyzyjn\u0105 regulacj\u0105 oraz niezawodnym systemem mocowania siod\u0142a, kt\u00f3ry chroni szyny przed uszkodzeniami. \u015awietny wyb\u00f3r zar\u00f3wno do rower\u00f3w MTB, jak i szosowych. Cechy g\u0142\u00f3wne \u2013 Newmen Evolution Seatpost \u0141atwy i szybki monta\u017c Dok\u0142adna&hellip;<\/p>\n","protected":false},"featured_media":7693,"comment_status":"open","ping_status":"closed","template":"","meta":[],"product_brand":[],"product_cat":[28,85,123],"product_tag":[],"class_list":{"0":"post-7692","1":"product","2":"type-product","3":"status-publish","4":"has-post-thumbnail","6":"product_cat-czesci-i-akcesoria-uzywane","7":"product_cat-outlet","8":"product_cat-sztyce-podsiodlowe","9":"product_shipping_class-mala-paczka","11":"first","12":"outofstock","13":"shipping-taxable","14":"purchasable","15":"product-type-simple"},"_links":{"self":[{"href":"https:\/\/bicycool.pl\/index.php?rest_route=\/wp\/v2\/product\/7692","targetHints":{"allow":["GET"]}}],"collection":[{"href":"https:\/\/bicycool.pl\/index.php?rest_route=\/wp\/v2\/product"}],"about":[{"href":"https:\/\/bicycool.pl\/index.php?rest_route=\/wp\/v2\/types\/product"}],"replies":[{"embeddable":true,"href":"https:\/\/bicycool.pl\/index.php?rest_route=%2Fwp%2Fv2%2Fcomments&post=7692"}],"wp:featuredmedia":[{"embeddable":true,"href":"https:\/\/bicycool.pl\/index.php?rest_route=\/wp\/v2\/media\/7693"}],"wp:attachment":[{"href":"https:\/\/bicycool.pl\/index.php?rest_route=%2Fwp%2Fv2%2Fmedia&parent=7692"}],"wp:term":[{"taxonomy":"product_brand","embeddable":true,"href":"https:\/\/bicycool.pl\/index.php?rest_route=%2Fwp%2Fv2%2Fproduct_brand&post=7692"},{"taxonomy":"product_cat","embeddable":true,"href":"https:\/\/bicycool.pl\/index.php?rest_route=%2Fwp%2Fv2%2Fproduct_cat&post=7692"},{"taxonomy":"product_tag","embeddable":true,"href":"https:\/\/bicycool.pl\/index.php?rest_route=%2Fwp%2Fv2%2Fproduct_tag&post=7692"}],"curies":[{"name":"wp","href":"https:\/\/api.w.org\/{rel}","templated":true}]}}