{"id":7697,"date":"2025-12-08T14:27:06","date_gmt":"2025-12-08T13:27:06","guid":{"rendered":"https:\/\/bicycool.pl\/?post_type=product&#038;p=7697"},"modified":"2025-12-08T16:14:42","modified_gmt":"2025-12-08T15:14:42","slug":"sztyca-podsiodlowa-3t-doric-pro-309mm-400mm","status":"publish","type":"product","link":"https:\/\/bicycool.pl\/?product=sztyca-podsiodlowa-3t-doric-pro-309mm-400mm","title":{"rendered":"Sztyca podsiod\u0142owa 3T Doric PRO 30,9mm 400mm"},"content":{"rendered":"<h2 data-start=\"118\" data-end=\"176\">3T Doric PRO<\/h2>\n<p data-start=\"113\" data-end=\"446\"><strong data-start=\"113\" data-end=\"130\">3T Doric Pro<\/strong> to podstawowa sztyca podsiod\u0142owa bez offsetetu w ofercie marki 3T. Wykonana z wysokiej jako\u015bci stopu aluminium, \u0142\u0105czy klasyczny design z nowoczesn\u0105 technologi\u0105.<\/p>\n<h3 data-start=\"514\" data-end=\"562\"><strong data-start=\"518\" data-end=\"562\">Cechy g\u0142\u00f3wne \u2013 <\/strong>3T Doric PRO<\/h3>\n<ul data-start=\"563\" data-end=\"797\">\n<li data-start=\"563\" data-end=\"588\">\n<p data-start=\"565\" data-end=\"588\">\u0141atwy i szybki monta\u017c<\/p>\n<\/li>\n<li data-start=\"589\" data-end=\"634\">\n<p data-start=\"591\" data-end=\"634\">Dok\u0142adna regulacja k\u0105ta nachylenia siod\u0142a<\/p>\n<\/li>\n<li data-start=\"708\" data-end=\"755\">\n<p data-start=\"710\" data-end=\"755\">Bardzo wysoka wytrzyma\u0142o\u015b\u0107 i bezpiecze\u0144stwo<\/p>\n<\/li>\n<\/ul>\n<h3 data-start=\"799\" data-end=\"828\"><strong data-start=\"803\" data-end=\"828\">Specyfikacja produktu<\/strong><\/h3>\n<ul data-start=\"829\" data-end=\"1157\">\n<li data-start=\"829\" data-end=\"861\">\n<p data-start=\"831\" data-end=\"861\"><strong data-start=\"831\" data-end=\"848\">Zastosowanie:<\/strong> MTB, Szosa<\/p>\n<\/li>\n<li data-start=\"862\" data-end=\"887\">\n<p data-start=\"864\" data-end=\"887\"><strong data-start=\"864\" data-end=\"877\">\u015arednica:<\/strong> 30,9mm<\/p>\n<\/li>\n<li data-start=\"888\" data-end=\"911\">\n<p data-start=\"890\" data-end=\"911\"><strong data-start=\"890\" data-end=\"902\">D\u0142ugo\u015b\u0107:<\/strong> 400 mm<\/p>\n<\/li>\n<li data-start=\"912\" data-end=\"932\">\n<p data-start=\"914\" data-end=\"932\"><strong data-start=\"914\" data-end=\"925\">Offset:<\/strong> 0 mm<\/p>\n<\/li>\n<li data-start=\"933\" data-end=\"982\">\n<p data-start=\"935\" data-end=\"982\"><strong data-start=\"935\" data-end=\"956\">Mocowanie siod\u0142a:<\/strong> Two-Bolt (na dwa \u015bruby)<\/p>\n<\/li>\n<li data-start=\"1070\" data-end=\"1097\">\n<p data-start=\"1072\" data-end=\"1097\"><strong data-start=\"1072\" data-end=\"1085\">Materia\u0142:<\/strong> Aluminium<\/p>\n<\/li>\n<li data-start=\"1098\" data-end=\"1133\">\n<p data-start=\"1100\" data-end=\"1133\"><strong data-start=\"1100\" data-end=\"1110\">Kolor:<\/strong> czarny \/ bia\u0142y<\/p>\n<\/li>\n<li data-start=\"1134\" data-end=\"1157\">\n<p data-start=\"1136\" data-end=\"1157\"><strong data-start=\"1136\" data-end=\"1145\">Waga:<\/strong> ok. 300gr<\/p>\n<\/li>\n<li data-start=\"1134\" data-end=\"1157\"><strong>Stan:<\/strong> U\u017cywana<\/li>\n<\/ul>\n","protected":false},"excerpt":{"rendered":"<p>3T Doric PRO 3T Doric Pro to podstawowa sztyca podsiod\u0142owa bez offsetetu w ofercie marki 3T. Wykonana z wysokiej jako\u015bci stopu aluminium, \u0142\u0105czy klasyczny design z nowoczesn\u0105 technologi\u0105. Cechy g\u0142\u00f3wne \u2013 3T Doric PRO \u0141atwy i szybki monta\u017c Dok\u0142adna regulacja k\u0105ta nachylenia siod\u0142a Bardzo wysoka wytrzyma\u0142o\u015b\u0107 i bezpiecze\u0144stwo Specyfikacja produktu Zastosowanie: MTB, Szosa \u015arednica: 30,9mm&hellip;<\/p>\n","protected":false},"featured_media":7700,"comment_status":"open","ping_status":"closed","template":"","meta":[],"product_brand":[],"product_cat":[28],"product_tag":[],"class_list":{"0":"post-7697","1":"product","2":"type-product","3":"status-publish","4":"has-post-thumbnail","6":"product_cat-czesci-i-akcesoria-uzywane","7":"product_shipping_class-mala-paczka","9":"first","10":"instock","11":"shipping-taxable","12":"purchasable","13":"product-type-simple"},"_links":{"self":[{"href":"https:\/\/bicycool.pl\/index.php?rest_route=\/wp\/v2\/product\/7697","targetHints":{"allow":["GET"]}}],"collection":[{"href":"https:\/\/bicycool.pl\/index.php?rest_route=\/wp\/v2\/product"}],"about":[{"href":"https:\/\/bicycool.pl\/index.php?rest_route=\/wp\/v2\/types\/product"}],"replies":[{"embeddable":true,"href":"https:\/\/bicycool.pl\/index.php?rest_route=%2Fwp%2Fv2%2Fcomments&post=7697"}],"wp:featuredmedia":[{"embeddable":true,"href":"https:\/\/bicycool.pl\/index.php?rest_route=\/wp\/v2\/media\/7700"}],"wp:attachment":[{"href":"https:\/\/bicycool.pl\/index.php?rest_route=%2Fwp%2Fv2%2Fmedia&parent=7697"}],"wp:term":[{"taxonomy":"product_brand","embeddable":true,"href":"https:\/\/bicycool.pl\/index.php?rest_route=%2Fwp%2Fv2%2Fproduct_brand&post=7697"},{"taxonomy":"product_cat","embeddable":true,"href":"https:\/\/bicycool.pl\/index.php?rest_route=%2Fwp%2Fv2%2Fproduct_cat&post=7697"},{"taxonomy":"product_tag","embeddable":true,"href":"https:\/\/bicycool.pl\/index.php?rest_route=%2Fwp%2Fv2%2Fproduct_tag&post=7697"}],"curies":[{"name":"wp","href":"https:\/\/api.w.org\/{rel}","templated":true}]}}