{"id":770,"date":"2023-11-28T16:45:14","date_gmt":"2023-11-28T15:45:14","guid":{"rendered":"https:\/\/bicycool.pl\/?post_type=product&#038;p=770"},"modified":"2023-12-01T15:22:09","modified_gmt":"2023-12-01T14:22:09","slug":"kierownica-szosowa-baranek-ritchey-carbon-wcs-45cm-318mm","status":"publish","type":"product","link":"https:\/\/bicycool.pl\/?product=kierownica-szosowa-baranek-ritchey-carbon-wcs-45cm-318mm","title":{"rendered":"Kierownica szosowa baranek RITCHEY Carbon WCS 45cm 31,8mm NOS"},"content":{"rendered":"<h3 class=\"Product_product-title__BALAQ\">Kierownica RITCHEY WCS<\/h3>\n<ul>\n<li><strong>Szeroko\u015b\u0107<\/strong> &#8211; 45cm<\/li>\n<li><strong>Monta\u017c<\/strong> &#8211; 31,8mm<\/li>\n<li><strong>Materia\u0142<\/strong> &#8211; Karbon<\/li>\n<li><strong>Produkt powystawowy &#8211; posiada delikatne ryski<\/strong><\/li>\n<\/ul>\n","protected":false},"excerpt":{"rendered":"<p>Kierownica RITCHEY WCS Szeroko\u015b\u0107 &#8211; 45cm Monta\u017c &#8211; 31,8mm Materia\u0142 &#8211; Karbon Produkt powystawowy &#8211; posiada delikatne ryski<\/p>\n","protected":false},"featured_media":773,"comment_status":"open","ping_status":"closed","template":"","meta":[],"product_brand":[],"product_cat":[27,170,85],"product_tag":[],"class_list":{"0":"post-770","1":"product","2":"type-product","3":"status-publish","4":"has-post-thumbnail","6":"product_cat-czesci-nowe","7":"product_cat-kierownice","8":"product_cat-outlet","9":"product_shipping_class-mala-paczka","11":"first","12":"instock","13":"shipping-taxable","14":"purchasable","15":"product-type-simple"},"_links":{"self":[{"href":"https:\/\/bicycool.pl\/index.php?rest_route=\/wp\/v2\/product\/770","targetHints":{"allow":["GET"]}}],"collection":[{"href":"https:\/\/bicycool.pl\/index.php?rest_route=\/wp\/v2\/product"}],"about":[{"href":"https:\/\/bicycool.pl\/index.php?rest_route=\/wp\/v2\/types\/product"}],"replies":[{"embeddable":true,"href":"https:\/\/bicycool.pl\/index.php?rest_route=%2Fwp%2Fv2%2Fcomments&post=770"}],"wp:featuredmedia":[{"embeddable":true,"href":"https:\/\/bicycool.pl\/index.php?rest_route=\/wp\/v2\/media\/773"}],"wp:attachment":[{"href":"https:\/\/bicycool.pl\/index.php?rest_route=%2Fwp%2Fv2%2Fmedia&parent=770"}],"wp:term":[{"taxonomy":"product_brand","embeddable":true,"href":"https:\/\/bicycool.pl\/index.php?rest_route=%2Fwp%2Fv2%2Fproduct_brand&post=770"},{"taxonomy":"product_cat","embeddable":true,"href":"https:\/\/bicycool.pl\/index.php?rest_route=%2Fwp%2Fv2%2Fproduct_cat&post=770"},{"taxonomy":"product_tag","embeddable":true,"href":"https:\/\/bicycool.pl\/index.php?rest_route=%2Fwp%2Fv2%2Fproduct_tag&post=770"}],"curies":[{"name":"wp","href":"https:\/\/api.w.org\/{rel}","templated":true}]}}