{"id":7707,"date":"2025-12-08T14:59:17","date_gmt":"2025-12-08T13:59:17","guid":{"rendered":"https:\/\/bicycool.pl\/?post_type=product&#038;p=7707"},"modified":"2025-12-08T15:05:08","modified_gmt":"2025-12-08T14:05:08","slug":"przerzutka-przednia-sram-rival-2x10s","status":"publish","type":"product","link":"https:\/\/bicycool.pl\/?product=przerzutka-przednia-sram-rival-2x10s","title":{"rendered":"Przerzutka przednia SRAM Rival 2x10s"},"content":{"rendered":"<h2 data-start=\"159\" data-end=\"219\"><strong data-start=\"162\" data-end=\"219\">SRAM Rival \u2013 Przerzutka przednia do nap\u0119d\u00f3w szosowych<\/strong><\/h2>\n<p data-start=\"221\" data-end=\"640\">Przednia przerzutka <strong data-start=\"241\" data-end=\"255\">SRAM Rival<\/strong> zosta\u0142a zaprojektowana z my\u015bl\u0105 o p\u0142ynnej, szybkiej i precyzyjnej zmianie bieg\u00f3w w rowerach szosowych. Stabilna konstrukcja i dopracowana geometria gwarantuj\u0105 niezawodne dzia\u0142anie zar\u00f3wno z klasycznymi zestawami tarcz, jak i z popularnymi kompaktami. Mechanizm pracuje lekko i pewnie, a regulacja jest intuicyjna i prosta, co przek\u0142ada si\u0119 na bezproblemow\u0105 obs\u0142ug\u0119 w ka\u017cdych warunkach.<\/p>\n<p data-start=\"642\" data-end=\"784\">\n<h3 data-start=\"786\" data-end=\"814\"><strong data-start=\"790\" data-end=\"814\">Najwa\u017cniejsze zalety<\/strong><\/h3>\n<ul data-start=\"815\" data-end=\"1038\">\n<li data-start=\"815\" data-end=\"880\">\n<p data-start=\"817\" data-end=\"880\">P\u0142ynna i dok\u0142adna praca dzi\u0119ki technologii zmiany bieg\u00f3w SRAM<\/p>\n<\/li>\n<li data-start=\"881\" data-end=\"943\">\n<p data-start=\"883\" data-end=\"943\">Stabilna konstrukcja zapewniaj\u0105ca wysok\u0105 kultur\u0119 dzia\u0142ania<\/p>\n<\/li>\n<li data-start=\"944\" data-end=\"999\">\n<p data-start=\"946\" data-end=\"999\">Kompatybilna z korbami standardowymi i kompaktowymi<\/p>\n<\/li>\n<li data-start=\"1000\" data-end=\"1038\">\n<p data-start=\"1002\" data-end=\"1038\">\u0141atwa regulacja i trwa\u0142e materia\u0142y<\/p>\n<\/li>\n<\/ul>\n<h3 data-start=\"1040\" data-end=\"1071\"><strong data-start=\"1044\" data-end=\"1071\">Specyfikacja techniczna<\/strong><\/h3>\n<ul data-start=\"1072\" data-end=\"1393\">\n<li data-start=\"1072\" data-end=\"1114\">\n<p data-start=\"1074\" data-end=\"1114\"><strong data-start=\"1074\" data-end=\"1090\">Technologia:<\/strong> SRAM Shift Technology<\/p>\n<\/li>\n<li data-start=\"1115\" data-end=\"1146\">\n<p data-start=\"1117\" data-end=\"1146\"><strong data-start=\"1117\" data-end=\"1132\">Typ nap\u0119du:<\/strong> 2\u00d7 (Double)<\/p>\n<\/li>\n<li data-start=\"1147\" data-end=\"1193\">\n<p data-start=\"1149\" data-end=\"1193\"><strong data-start=\"1149\" data-end=\"1158\">Waga:<\/strong> 88 g (braze-on)<\/p>\n<\/li>\n<li data-start=\"1194\" data-end=\"1242\">\n<p data-start=\"1196\" data-end=\"1242\"><strong data-start=\"1196\" data-end=\"1209\">Materia\u0142:<\/strong> aluminium + stalowa prowadnica<\/p>\n<\/li>\n<li data-start=\"1243\" data-end=\"1340\">\n<p data-start=\"1245\" data-end=\"1340\"><strong data-start=\"1245\" data-end=\"1279\">Kompatybilno\u015b\u0107 zestaw\u00f3w tarcz:<\/strong><br data-start=\"1279\" data-end=\"1282\" \/>55\/42, 54\/42, 53\/39, 52\/38, 52\/36, 50\/34, 46\/38, 46\/34<\/p>\n<\/li>\n<li data-start=\"1341\" data-end=\"1393\">\n<p data-start=\"1343\" data-end=\"1393\"><strong data-start=\"1343\" data-end=\"1382\">R\u00f3\u017cnica maksymalna mi\u0119dzy tarczami:<\/strong> 16 z\u0119b\u00f3w<\/p>\n<\/li>\n<li data-start=\"1341\" data-end=\"1393\"><strong>Stan:<\/strong> Nieu\u017cywany \/ Powystawowy \/ Mo\u017ce posiada\u0107 \u015blady od przemierzania na rower<\/li>\n<\/ul>\n","protected":false},"excerpt":{"rendered":"<p>SRAM Rival \u2013 Przerzutka przednia do nap\u0119d\u00f3w szosowych Przednia przerzutka SRAM Rival zosta\u0142a zaprojektowana z my\u015bl\u0105 o p\u0142ynnej, szybkiej i precyzyjnej zmianie bieg\u00f3w w rowerach szosowych. Stabilna konstrukcja i dopracowana geometria gwarantuj\u0105 niezawodne dzia\u0142anie zar\u00f3wno z klasycznymi zestawami tarcz, jak i z popularnymi kompaktami. Mechanizm pracuje lekko i pewnie, a regulacja jest intuicyjna i prosta,&hellip;<\/p>\n","protected":false},"featured_media":7709,"comment_status":"open","ping_status":"closed","template":"","meta":[],"product_brand":[],"product_cat":[27,85,174],"product_tag":[],"class_list":{"0":"post-7707","1":"product","2":"type-product","3":"status-publish","4":"has-post-thumbnail","6":"product_cat-czesci-nowe","7":"product_cat-outlet","8":"product_cat-przerzutki","9":"product_shipping_class-mala-paczka","11":"first","12":"instock","13":"shipping-taxable","14":"purchasable","15":"product-type-simple"},"_links":{"self":[{"href":"https:\/\/bicycool.pl\/index.php?rest_route=\/wp\/v2\/product\/7707","targetHints":{"allow":["GET"]}}],"collection":[{"href":"https:\/\/bicycool.pl\/index.php?rest_route=\/wp\/v2\/product"}],"about":[{"href":"https:\/\/bicycool.pl\/index.php?rest_route=\/wp\/v2\/types\/product"}],"replies":[{"embeddable":true,"href":"https:\/\/bicycool.pl\/index.php?rest_route=%2Fwp%2Fv2%2Fcomments&post=7707"}],"wp:featuredmedia":[{"embeddable":true,"href":"https:\/\/bicycool.pl\/index.php?rest_route=\/wp\/v2\/media\/7709"}],"wp:attachment":[{"href":"https:\/\/bicycool.pl\/index.php?rest_route=%2Fwp%2Fv2%2Fmedia&parent=7707"}],"wp:term":[{"taxonomy":"product_brand","embeddable":true,"href":"https:\/\/bicycool.pl\/index.php?rest_route=%2Fwp%2Fv2%2Fproduct_brand&post=7707"},{"taxonomy":"product_cat","embeddable":true,"href":"https:\/\/bicycool.pl\/index.php?rest_route=%2Fwp%2Fv2%2Fproduct_cat&post=7707"},{"taxonomy":"product_tag","embeddable":true,"href":"https:\/\/bicycool.pl\/index.php?rest_route=%2Fwp%2Fv2%2Fproduct_tag&post=7707"}],"curies":[{"name":"wp","href":"https:\/\/api.w.org\/{rel}","templated":true}]}}