{"id":7711,"date":"2025-12-08T15:58:17","date_gmt":"2025-12-08T14:58:17","guid":{"rendered":"https:\/\/bicycool.pl\/?post_type=product&#038;p=7711"},"modified":"2025-12-08T16:13:38","modified_gmt":"2025-12-08T15:13:38","slug":"sztyca-podsiodlowa-cannondale-272mm-300mm","status":"publish","type":"product","link":"https:\/\/bicycool.pl\/?product=sztyca-podsiodlowa-cannondale-272mm-300mm","title":{"rendered":"Sztyca podsiod\u0142owa Cannondale 27,2mm 300mm"},"content":{"rendered":"<h2 data-start=\"118\" data-end=\"176\">Cannondale<\/h2>\n<p data-start=\"710\" data-end=\"755\">\n<h3 data-start=\"799\" data-end=\"828\"><strong data-start=\"803\" data-end=\"828\">Specyfikacja produktu<\/strong><\/h3>\n<ul data-start=\"829\" data-end=\"1157\">\n<li data-start=\"829\" data-end=\"861\">\n<p data-start=\"831\" data-end=\"861\"><strong data-start=\"831\" data-end=\"848\">Zastosowanie:<\/strong> MTB, Szosa<\/p>\n<\/li>\n<li data-start=\"862\" data-end=\"887\">\n<p data-start=\"864\" data-end=\"887\"><strong data-start=\"864\" data-end=\"877\">\u015arednica:<\/strong> 27,2mm<\/p>\n<\/li>\n<li data-start=\"888\" data-end=\"911\">\n<p data-start=\"890\" data-end=\"911\"><strong data-start=\"890\" data-end=\"902\">D\u0142ugo\u015b\u0107:<\/strong> 300 mm<\/p>\n<\/li>\n<li data-start=\"912\" data-end=\"932\">\n<p data-start=\"914\" data-end=\"932\"><strong data-start=\"914\" data-end=\"925\">Offset:<\/strong> 9 mm<\/p>\n<\/li>\n<li data-start=\"933\" data-end=\"982\">\n<p data-start=\"935\" data-end=\"982\"><strong data-start=\"935\" data-end=\"956\">Mocowanie siod\u0142a:<\/strong> Two-Bolt (na dwa \u015bruby)<\/p>\n<\/li>\n<li data-start=\"1070\" data-end=\"1097\">\n<p data-start=\"1072\" data-end=\"1097\"><strong data-start=\"1072\" data-end=\"1085\">Materia\u0142:<\/strong> Aluminium<\/p>\n<\/li>\n<li data-start=\"1098\" data-end=\"1133\">\n<p data-start=\"1100\" data-end=\"1133\"><strong data-start=\"1100\" data-end=\"1110\">Kolor:<\/strong> czarny<\/p>\n<\/li>\n<li data-start=\"1134\" data-end=\"1157\">\n<p data-start=\"1136\" data-end=\"1157\"><strong data-start=\"1136\" data-end=\"1145\">Waga:<\/strong> ok. 300gr<\/p>\n<\/li>\n<li data-start=\"1134\" data-end=\"1157\"><strong>Stan:<\/strong> Nieu\u017cywany \/ Powystawowy \/\u00a0 posiada delikatne ryski<\/li>\n<\/ul>\n","protected":false},"excerpt":{"rendered":"<p>Cannondale Specyfikacja produktu Zastosowanie: MTB, Szosa \u015arednica: 27,2mm D\u0142ugo\u015b\u0107: 300 mm Offset: 9 mm Mocowanie siod\u0142a: Two-Bolt (na dwa \u015bruby) Materia\u0142: Aluminium Kolor: czarny Waga: ok. 300gr Stan: Nieu\u017cywany \/ Powystawowy \/\u00a0 posiada delikatne ryski<\/p>\n","protected":false},"featured_media":7713,"comment_status":"open","ping_status":"closed","template":"","meta":[],"product_brand":[],"product_cat":[27,85,123],"product_tag":[],"class_list":{"0":"post-7711","1":"product","2":"type-product","3":"status-publish","4":"has-post-thumbnail","6":"product_cat-czesci-nowe","7":"product_cat-outlet","8":"product_cat-sztyce-podsiodlowe","9":"product_shipping_class-mala-paczka","11":"first","12":"instock","13":"shipping-taxable","14":"purchasable","15":"product-type-simple"},"_links":{"self":[{"href":"https:\/\/bicycool.pl\/index.php?rest_route=\/wp\/v2\/product\/7711","targetHints":{"allow":["GET"]}}],"collection":[{"href":"https:\/\/bicycool.pl\/index.php?rest_route=\/wp\/v2\/product"}],"about":[{"href":"https:\/\/bicycool.pl\/index.php?rest_route=\/wp\/v2\/types\/product"}],"replies":[{"embeddable":true,"href":"https:\/\/bicycool.pl\/index.php?rest_route=%2Fwp%2Fv2%2Fcomments&post=7711"}],"wp:featuredmedia":[{"embeddable":true,"href":"https:\/\/bicycool.pl\/index.php?rest_route=\/wp\/v2\/media\/7713"}],"wp:attachment":[{"href":"https:\/\/bicycool.pl\/index.php?rest_route=%2Fwp%2Fv2%2Fmedia&parent=7711"}],"wp:term":[{"taxonomy":"product_brand","embeddable":true,"href":"https:\/\/bicycool.pl\/index.php?rest_route=%2Fwp%2Fv2%2Fproduct_brand&post=7711"},{"taxonomy":"product_cat","embeddable":true,"href":"https:\/\/bicycool.pl\/index.php?rest_route=%2Fwp%2Fv2%2Fproduct_cat&post=7711"},{"taxonomy":"product_tag","embeddable":true,"href":"https:\/\/bicycool.pl\/index.php?rest_route=%2Fwp%2Fv2%2Fproduct_tag&post=7711"}],"curies":[{"name":"wp","href":"https:\/\/api.w.org\/{rel}","templated":true}]}}