{"id":7728,"date":"2025-12-08T17:13:32","date_gmt":"2025-12-08T16:13:32","guid":{"rendered":"https:\/\/bicycool.pl\/?post_type=product&#038;p=7728"},"modified":"2025-12-08T17:33:35","modified_gmt":"2025-12-08T16:33:35","slug":"prawa-korba-miche-monolithic-48-40-165mm","status":"publish","type":"product","link":"https:\/\/bicycool.pl\/?product=prawa-korba-miche-monolithic-48-40-165mm","title":{"rendered":"PRAWA Korba Miche Monolithic  48\/40 165mm"},"content":{"rendered":"<h2 class=\"Product_product-title__BALAQ\">PRAWA Korba Miche Monolithic<\/h2>\n<ul>\n<li><strong>D\u0142ugo\u015b\u0107 ramienia<\/strong>\u00a0 165mm<\/li>\n<li><strong>Nap\u0119d<\/strong> 2x7s<\/li>\n<li><strong>Suport<\/strong> kwadrat<\/li>\n<li><strong>Stan<\/strong> Nieu\u017cywana, NOS, posiada bardzo drobne ryski<\/li>\n<\/ul>\n","protected":false},"excerpt":{"rendered":"<p>PRAWA Korba Miche Monolithic D\u0142ugo\u015b\u0107 ramienia\u00a0 165mm Nap\u0119d 2x7s Suport kwadrat Stan Nieu\u017cywana, NOS, posiada bardzo drobne ryski<\/p>\n","protected":false},"featured_media":7734,"comment_status":"open","ping_status":"closed","template":"","meta":[],"product_brand":[],"product_cat":[27,169,85],"product_tag":[],"class_list":{"0":"post-7728","1":"product","2":"type-product","3":"status-publish","4":"has-post-thumbnail","6":"product_cat-czesci-nowe","7":"product_cat-mechanizmy-korbowe","8":"product_cat-outlet","9":"product_shipping_class-mala-paczka","11":"first","12":"instock","13":"shipping-taxable","14":"purchasable","15":"product-type-simple"},"_links":{"self":[{"href":"https:\/\/bicycool.pl\/index.php?rest_route=\/wp\/v2\/product\/7728","targetHints":{"allow":["GET"]}}],"collection":[{"href":"https:\/\/bicycool.pl\/index.php?rest_route=\/wp\/v2\/product"}],"about":[{"href":"https:\/\/bicycool.pl\/index.php?rest_route=\/wp\/v2\/types\/product"}],"replies":[{"embeddable":true,"href":"https:\/\/bicycool.pl\/index.php?rest_route=%2Fwp%2Fv2%2Fcomments&post=7728"}],"wp:featuredmedia":[{"embeddable":true,"href":"https:\/\/bicycool.pl\/index.php?rest_route=\/wp\/v2\/media\/7734"}],"wp:attachment":[{"href":"https:\/\/bicycool.pl\/index.php?rest_route=%2Fwp%2Fv2%2Fmedia&parent=7728"}],"wp:term":[{"taxonomy":"product_brand","embeddable":true,"href":"https:\/\/bicycool.pl\/index.php?rest_route=%2Fwp%2Fv2%2Fproduct_brand&post=7728"},{"taxonomy":"product_cat","embeddable":true,"href":"https:\/\/bicycool.pl\/index.php?rest_route=%2Fwp%2Fv2%2Fproduct_cat&post=7728"},{"taxonomy":"product_tag","embeddable":true,"href":"https:\/\/bicycool.pl\/index.php?rest_route=%2Fwp%2Fv2%2Fproduct_tag&post=7728"}],"curies":[{"name":"wp","href":"https:\/\/api.w.org\/{rel}","templated":true}]}}