{"id":7776,"date":"2025-12-09T14:47:30","date_gmt":"2025-12-09T13:47:30","guid":{"rendered":"https:\/\/bicycool.pl\/?post_type=product&#038;p=7776"},"modified":"2025-12-09T14:50:48","modified_gmt":"2025-12-09T13:50:48","slug":"zebatka-46t-bbb-bcr-21c-campagnolo-9-10s","status":"publish","type":"product","link":"https:\/\/bicycool.pl\/?product=zebatka-46t-bbb-bcr-21c-campagnolo-9-10s","title":{"rendered":"Z\u0119batka 46T BBB BCR-21C Campagnolo 9\/10s"},"content":{"rendered":"<h2 data-start=\"47\" data-end=\"114\"><strong data-start=\"50\" data-end=\"114\">BBB BCR-21C \u2013 Z\u0119batka 46T Campagnolo 9\/10-rz\u0119dowa (5\u00d7135 mm)<\/strong><\/h2>\n<p data-start=\"116\" data-end=\"357\">Wytrzyma\u0142a i lekka z\u0119batka <strong data-start=\"143\" data-end=\"158\">BBB BCR-21C<\/strong> przeznaczona do korb Campagnolo o rozstawie <strong data-start=\"203\" data-end=\"215\">5\u00d7135 mm<\/strong>. Wykonana z wysokiej klasy aluminium <strong data-start=\"253\" data-end=\"264\">7075-T6<\/strong>, oferuje \u015bwietn\u0105 sztywno\u015b\u0107, d\u0142ug\u0105 \u017cywotno\u015b\u0107 i precyzyjn\u0105 prac\u0119 z nap\u0119dami 9- i 10-rz\u0119dowymi.<\/p>\n<p data-start=\"359\" data-end=\"426\">Idealna jako wymiennik w klasycznych szosowych nap\u0119dach Campagnolo.<\/p>\n<h3 data-start=\"428\" data-end=\"448\"><strong data-start=\"432\" data-end=\"448\">Specyfikacja<\/strong><\/h3>\n<ul data-start=\"449\" data-end=\"656\">\n<li data-start=\"449\" data-end=\"475\">\n<p data-start=\"451\" data-end=\"475\"><strong data-start=\"451\" data-end=\"461\">Model:<\/strong> BBB BCR-21C<\/p>\n<\/li>\n<li data-start=\"476\" data-end=\"501\">\n<p data-start=\"478\" data-end=\"501\"><strong data-start=\"478\" data-end=\"495\">Liczba z\u0119b\u00f3w:<\/strong> 46T<\/p>\n<\/li>\n<li data-start=\"502\" data-end=\"537\">\n<p data-start=\"504\" data-end=\"537\"><strong data-start=\"504\" data-end=\"517\">Materia\u0142:<\/strong> aluminium 7075-T6<\/p>\n<\/li>\n<li data-start=\"538\" data-end=\"572\">\n<p data-start=\"540\" data-end=\"572\"><strong data-start=\"540\" data-end=\"563\">Rozstaw \u015brub (BCD):<\/strong> 135 mm<\/p>\n<\/li>\n<li data-start=\"573\" data-end=\"602\">\n<p data-start=\"575\" data-end=\"602\"><strong data-start=\"575\" data-end=\"589\">Mocowanie:<\/strong> 5-ramienne<\/p>\n<\/li>\n<li data-start=\"603\" data-end=\"656\">\n<p data-start=\"605\" data-end=\"656\"><strong data-start=\"605\" data-end=\"624\">Kompatybilno\u015b\u0107:<\/strong> korby Campagnolo 9\/10-rz\u0119dowe<\/p>\n<\/li>\n<\/ul>\n","protected":false},"excerpt":{"rendered":"<p>BBB BCR-21C \u2013 Z\u0119batka 46T Campagnolo 9\/10-rz\u0119dowa (5\u00d7135 mm) Wytrzyma\u0142a i lekka z\u0119batka BBB BCR-21C przeznaczona do korb Campagnolo o rozstawie 5\u00d7135 mm. Wykonana z wysokiej klasy aluminium 7075-T6, oferuje \u015bwietn\u0105 sztywno\u015b\u0107, d\u0142ug\u0105 \u017cywotno\u015b\u0107 i precyzyjn\u0105 prac\u0119 z nap\u0119dami 9- i 10-rz\u0119dowymi. Idealna jako wymiennik w klasycznych szosowych nap\u0119dach Campagnolo. Specyfikacja Model: BBB BCR-21C Liczba&hellip;<\/p>\n","protected":false},"featured_media":7777,"comment_status":"open","ping_status":"closed","template":"","meta":[],"product_brand":[],"product_cat":[15,27,85,145],"product_tag":[242,226],"class_list":{"0":"post-7776","1":"product","2":"type-product","3":"status-publish","4":"has-post-thumbnail","6":"product_cat-czesci","7":"product_cat-czesci-nowe","8":"product_cat-outlet","9":"product_cat-tarcze-mechanizmu-korbowego","10":"product_tag-bbb","11":"product_tag-campagnolo","12":"product_shipping_class-mala-paczka","14":"first","15":"instock","16":"shipping-taxable","17":"purchasable","18":"product-type-simple"},"_links":{"self":[{"href":"https:\/\/bicycool.pl\/index.php?rest_route=\/wp\/v2\/product\/7776","targetHints":{"allow":["GET"]}}],"collection":[{"href":"https:\/\/bicycool.pl\/index.php?rest_route=\/wp\/v2\/product"}],"about":[{"href":"https:\/\/bicycool.pl\/index.php?rest_route=\/wp\/v2\/types\/product"}],"replies":[{"embeddable":true,"href":"https:\/\/bicycool.pl\/index.php?rest_route=%2Fwp%2Fv2%2Fcomments&post=7776"}],"wp:featuredmedia":[{"embeddable":true,"href":"https:\/\/bicycool.pl\/index.php?rest_route=\/wp\/v2\/media\/7777"}],"wp:attachment":[{"href":"https:\/\/bicycool.pl\/index.php?rest_route=%2Fwp%2Fv2%2Fmedia&parent=7776"}],"wp:term":[{"taxonomy":"product_brand","embeddable":true,"href":"https:\/\/bicycool.pl\/index.php?rest_route=%2Fwp%2Fv2%2Fproduct_brand&post=7776"},{"taxonomy":"product_cat","embeddable":true,"href":"https:\/\/bicycool.pl\/index.php?rest_route=%2Fwp%2Fv2%2Fproduct_cat&post=7776"},{"taxonomy":"product_tag","embeddable":true,"href":"https:\/\/bicycool.pl\/index.php?rest_route=%2Fwp%2Fv2%2Fproduct_tag&post=7776"}],"curies":[{"name":"wp","href":"https:\/\/api.w.org\/{rel}","templated":true}]}}