{"id":7800,"date":"2025-12-09T17:10:12","date_gmt":"2025-12-09T16:10:12","guid":{"rendered":"https:\/\/bicycool.pl\/?post_type=product&#038;p=7800"},"modified":"2025-12-09T17:16:41","modified_gmt":"2025-12-09T16:16:41","slug":"zebatka-tarcza-korby-32t-104-bcd","status":"publish","type":"product","link":"https:\/\/bicycool.pl\/?product=zebatka-tarcza-korby-32t-104-bcd","title":{"rendered":"Z\u0119batka Tarcza korby 32T 104 BCD"},"content":{"rendered":"<h3>Z\u0119batka Tarcza korby 32T 104 BCD<\/h3>\n<p>&nbsp;<\/p>\n<ul>\n<li><strong>Ramiona:<\/strong> 4-ramienny<\/li>\n<li><strong>Prze\u0142o\u017cenia<\/strong>: 3&#215;8<\/li>\n<li><strong>Kolor<\/strong>: Srebrny<\/li>\n<li><strong>Z\u0119by<\/strong>: 32T<\/li>\n<li><strong>Rozstaw \u015brub tarczy:<\/strong> 104mm<\/li>\n<\/ul>\n","protected":false},"excerpt":{"rendered":"<p>Z\u0119batka Tarcza korby 32T 104 BCD &nbsp; Ramiona: 4-ramienny Prze\u0142o\u017cenia: 3&#215;8 Kolor: Srebrny Z\u0119by: 32T Rozstaw \u015brub tarczy: 104mm<\/p>\n","protected":false},"featured_media":7802,"comment_status":"open","ping_status":"closed","template":"","meta":[],"product_brand":[],"product_cat":[15,27,145],"product_tag":[148],"class_list":{"0":"post-7800","1":"product","2":"type-product","3":"status-publish","4":"has-post-thumbnail","6":"product_cat-czesci","7":"product_cat-czesci-nowe","8":"product_cat-tarcze-mechanizmu-korbowego","9":"product_tag-bcd-104mm","10":"product_shipping_class-mala-paczka","12":"first","13":"instock","14":"shipping-taxable","15":"purchasable","16":"product-type-simple"},"_links":{"self":[{"href":"https:\/\/bicycool.pl\/index.php?rest_route=\/wp\/v2\/product\/7800","targetHints":{"allow":["GET"]}}],"collection":[{"href":"https:\/\/bicycool.pl\/index.php?rest_route=\/wp\/v2\/product"}],"about":[{"href":"https:\/\/bicycool.pl\/index.php?rest_route=\/wp\/v2\/types\/product"}],"replies":[{"embeddable":true,"href":"https:\/\/bicycool.pl\/index.php?rest_route=%2Fwp%2Fv2%2Fcomments&post=7800"}],"wp:featuredmedia":[{"embeddable":true,"href":"https:\/\/bicycool.pl\/index.php?rest_route=\/wp\/v2\/media\/7802"}],"wp:attachment":[{"href":"https:\/\/bicycool.pl\/index.php?rest_route=%2Fwp%2Fv2%2Fmedia&parent=7800"}],"wp:term":[{"taxonomy":"product_brand","embeddable":true,"href":"https:\/\/bicycool.pl\/index.php?rest_route=%2Fwp%2Fv2%2Fproduct_brand&post=7800"},{"taxonomy":"product_cat","embeddable":true,"href":"https:\/\/bicycool.pl\/index.php?rest_route=%2Fwp%2Fv2%2Fproduct_cat&post=7800"},{"taxonomy":"product_tag","embeddable":true,"href":"https:\/\/bicycool.pl\/index.php?rest_route=%2Fwp%2Fv2%2Fproduct_tag&post=7800"}],"curies":[{"name":"wp","href":"https:\/\/api.w.org\/{rel}","templated":true}]}}