{"id":7836,"date":"2025-12-10T14:21:38","date_gmt":"2025-12-10T13:21:38","guid":{"rendered":"https:\/\/bicycool.pl\/?post_type=product&#038;p=7836"},"modified":"2025-12-10T14:25:51","modified_gmt":"2025-12-10T13:25:51","slug":"mostek-rowerowy-a-head-40mm-1-1-8-318mm","status":"publish","type":"product","link":"https:\/\/bicycool.pl\/?product=mostek-rowerowy-a-head-40mm-1-1-8-318mm","title":{"rendered":"Mostek rowerowy A-head 40mm 1 1\/8&#8243; 31,8mm"},"content":{"rendered":"<h3 class=\"Product_product-title__BALAQ\">Mostek<\/h3>\n<ul>\n<li><strong>Przeznaczenie:<\/strong> MTB<\/li>\n<li><strong>Materia\u0142: <\/strong>Aluminium<\/li>\n<li><strong>Rozmiar: <\/strong>1 1\/8<\/li>\n<li><strong>Monta\u017c kierownicy:<\/strong> 31,8mm<\/li>\n<li><strong>D\u0142ugo\u015b\u0107:<\/strong> 40mm<\/li>\n<li><strong>Stan:<\/strong> Nowy \/ Powystawowy \/ Bardzo delikatne ryski<\/li>\n<\/ul>\n","protected":false},"excerpt":{"rendered":"<p>Mostek Przeznaczenie: MTB Materia\u0142: Aluminium Rozmiar: 1 1\/8 Monta\u017c kierownicy: 31,8mm D\u0142ugo\u015b\u0107: 40mm Stan: Nowy \/ Powystawowy \/ Bardzo delikatne ryski<\/p>\n","protected":false},"featured_media":7839,"comment_status":"open","ping_status":"closed","template":"","meta":[],"product_brand":[],"product_cat":[27,175,85],"product_tag":[],"class_list":{"0":"post-7836","1":"product","2":"type-product","3":"status-publish","4":"has-post-thumbnail","6":"product_cat-czesci-nowe","7":"product_cat-mostki-wsporniki-kierownicy","8":"product_cat-outlet","9":"product_shipping_class-mala-paczka","11":"first","12":"instock","13":"shipping-taxable","14":"purchasable","15":"product-type-simple"},"_links":{"self":[{"href":"https:\/\/bicycool.pl\/index.php?rest_route=\/wp\/v2\/product\/7836","targetHints":{"allow":["GET"]}}],"collection":[{"href":"https:\/\/bicycool.pl\/index.php?rest_route=\/wp\/v2\/product"}],"about":[{"href":"https:\/\/bicycool.pl\/index.php?rest_route=\/wp\/v2\/types\/product"}],"replies":[{"embeddable":true,"href":"https:\/\/bicycool.pl\/index.php?rest_route=%2Fwp%2Fv2%2Fcomments&post=7836"}],"wp:featuredmedia":[{"embeddable":true,"href":"https:\/\/bicycool.pl\/index.php?rest_route=\/wp\/v2\/media\/7839"}],"wp:attachment":[{"href":"https:\/\/bicycool.pl\/index.php?rest_route=%2Fwp%2Fv2%2Fmedia&parent=7836"}],"wp:term":[{"taxonomy":"product_brand","embeddable":true,"href":"https:\/\/bicycool.pl\/index.php?rest_route=%2Fwp%2Fv2%2Fproduct_brand&post=7836"},{"taxonomy":"product_cat","embeddable":true,"href":"https:\/\/bicycool.pl\/index.php?rest_route=%2Fwp%2Fv2%2Fproduct_cat&post=7836"},{"taxonomy":"product_tag","embeddable":true,"href":"https:\/\/bicycool.pl\/index.php?rest_route=%2Fwp%2Fv2%2Fproduct_tag&post=7836"}],"curies":[{"name":"wp","href":"https:\/\/api.w.org\/{rel}","templated":true}]}}