{"id":7883,"date":"2025-12-10T16:52:45","date_gmt":"2025-12-10T15:52:45","guid":{"rendered":"https:\/\/bicycool.pl\/?post_type=product&#038;p=7883"},"modified":"2026-04-14T01:19:04","modified_gmt":"2026-04-13T23:19:04","slug":"mostek-giant-pro-ext-222mm-x-254mm-110mm","status":"publish","type":"product","link":"https:\/\/bicycool.pl\/?product=mostek-giant-pro-ext-222mm-x-254mm-110mm","title":{"rendered":"Mostek GIANT PRO EXT 22,2mm x 25,4mm 110mm"},"content":{"rendered":"<h3 class=\"Product_product-title__BALAQ\">Mostek Giant EXT PRO<\/h3>\n<p data-start=\"158\" data-end=\"495\">Mostek Giant EXT PRO to solidny, aluminiowy komponent z ko\u0144ca lat 90., stworzony z my\u015bl\u0105 o rowerach trekkingowych i miejskich. \u0141\u0105czy w sobie klasyczny design tamtej epoki z praktyczn\u0105 regulacj\u0105 k\u0105ta, pozwalaj\u0105c\u0105 dopasowa\u0107 pozycj\u0119 za kierownic\u0105 do w\u0142asnych preferencji \u2013 od bardziej sportowej po w pe\u0142ni komfortow\u0105, wyprostowan\u0105 sylwetk\u0119.<\/p>\n<p data-start=\"497\" data-end=\"730\">Wykonany z trwa\u0142ego aluminium i przygotowany pod standardy kokpitu typowe dla tamtego okresu, b\u0119dzie idealnym wyborem przy renowacji roweru, budowie retro-trekkingu lub po prostu dla os\u00f3b ceni\u0105cych niezawodn\u0105, tradycyjn\u0105 konstrukcj\u0119.<\/p>\n<p data-start=\"497\" data-end=\"730\"><strong>Specyfikacja:<\/strong><\/p>\n<ul>\n<li><strong>Przeznaczenie:<\/strong> Trekking \/ city<\/li>\n<li><strong>Materia\u0142:<\/strong> Aluminium<\/li>\n<li><strong>Rozmiar: <\/strong>22,2mm<\/li>\n<li><strong>Monta\u017c kierownicy:<\/strong> 25,4mm<\/li>\n<li><strong>D\u0142ugo\u015b\u0107:<\/strong> 110mm<\/li>\n<li><strong>Stan:<\/strong> Nieu\u017cywany \/ NOS \/ Mo\u017ce posiada\u0107 delikatne ryski<\/li>\n<\/ul>\n<p>&nbsp;<\/p>\n<p>&nbsp;<\/p>\n","protected":false},"excerpt":{"rendered":"<p>Mostek Giant EXT PRO Mostek Giant EXT PRO to solidny, aluminiowy komponent z ko\u0144ca lat 90., stworzony z my\u015bl\u0105 o rowerach trekkingowych i miejskich. \u0141\u0105czy w sobie klasyczny design tamtej epoki z praktyczn\u0105 regulacj\u0105 k\u0105ta, pozwalaj\u0105c\u0105 dopasowa\u0107 pozycj\u0119 za kierownic\u0105 do w\u0142asnych preferencji \u2013 od bardziej sportowej po w pe\u0142ni komfortow\u0105, wyprostowan\u0105 sylwetk\u0119. Wykonany z&hellip;<\/p>\n","protected":false},"featured_media":7884,"comment_status":"open","ping_status":"closed","template":"","meta":[],"product_brand":[],"product_cat":[27,175,85],"product_tag":[88],"class_list":{"0":"post-7883","1":"product","2":"type-product","3":"status-publish","4":"has-post-thumbnail","6":"product_cat-czesci-nowe","7":"product_cat-mostki-wsporniki-kierownicy","8":"product_cat-outlet","9":"product_tag-retro-mtb","10":"product_shipping_class-mala-paczka","12":"first","13":"outofstock","14":"shipping-taxable","15":"purchasable","16":"product-type-simple"},"_links":{"self":[{"href":"https:\/\/bicycool.pl\/index.php?rest_route=\/wp\/v2\/product\/7883","targetHints":{"allow":["GET"]}}],"collection":[{"href":"https:\/\/bicycool.pl\/index.php?rest_route=\/wp\/v2\/product"}],"about":[{"href":"https:\/\/bicycool.pl\/index.php?rest_route=\/wp\/v2\/types\/product"}],"replies":[{"embeddable":true,"href":"https:\/\/bicycool.pl\/index.php?rest_route=%2Fwp%2Fv2%2Fcomments&post=7883"}],"wp:featuredmedia":[{"embeddable":true,"href":"https:\/\/bicycool.pl\/index.php?rest_route=\/wp\/v2\/media\/7884"}],"wp:attachment":[{"href":"https:\/\/bicycool.pl\/index.php?rest_route=%2Fwp%2Fv2%2Fmedia&parent=7883"}],"wp:term":[{"taxonomy":"product_brand","embeddable":true,"href":"https:\/\/bicycool.pl\/index.php?rest_route=%2Fwp%2Fv2%2Fproduct_brand&post=7883"},{"taxonomy":"product_cat","embeddable":true,"href":"https:\/\/bicycool.pl\/index.php?rest_route=%2Fwp%2Fv2%2Fproduct_cat&post=7883"},{"taxonomy":"product_tag","embeddable":true,"href":"https:\/\/bicycool.pl\/index.php?rest_route=%2Fwp%2Fv2%2Fproduct_tag&post=7883"}],"curies":[{"name":"wp","href":"https:\/\/api.w.org\/{rel}","templated":true}]}}