{"id":7889,"date":"2025-12-12T10:45:00","date_gmt":"2025-12-12T09:45:00","guid":{"rendered":"https:\/\/bicycool.pl\/?post_type=product&#038;p=7889"},"modified":"2025-12-12T10:55:22","modified_gmt":"2025-12-12T09:55:22","slug":"okladziny-hamulcowe-shimano-deore-brm-555-metaliczne-y8b598010","status":"publish","type":"product","link":"https:\/\/bicycool.pl\/?product=okladziny-hamulcowe-shimano-deore-brm-555-metaliczne-y8b598010","title":{"rendered":"Ok\u0142adziny hamulcowe SHIMANO Deore BRM-555 METALICZNE Y8B598010"},"content":{"rendered":"<h2 data-start=\"55\" data-end=\"114\"><strong data-start=\"55\" data-end=\"114\">Metaliczne ok\u0142adziny hamulcowe do Shimano BR-M555 Deore<\/strong><\/h2>\n<p data-start=\"116\" data-end=\"515\">Metaliczne ok\u0142adziny hamulcowe przeznaczone do zacisku Shimano BR-M555 Deore zapewniaj\u0105 wysok\u0105 skuteczno\u015b\u0107 hamowania oraz d\u0142ug\u0105 \u017cywotno\u015b\u0107 w ka\u017cdych warunkach. Wykonane z trwa\u0142ej mieszanki metalicznej gwarantuj\u0105 stabiln\u0105 si\u0142\u0119 hamowania zar\u00f3wno na sucho, jak i podczas jazdy w deszczu czy b\u0142ocie \u2014 idealne dla os\u00f3b oczekuj\u0105cych niezawodno\u015bci na trasach trekkingowych, g\u00f3rskich i codziennych dojazdach.<\/p>\n<p data-start=\"517\" data-end=\"536\"><strong data-start=\"517\" data-end=\"536\">Cechy produktu:<\/strong><\/p>\n<ul data-start=\"537\" data-end=\"783\">\n<li data-start=\"537\" data-end=\"580\">\n<p data-start=\"539\" data-end=\"580\">Kompatybilno\u015b\u0107: <strong data-start=\"555\" data-end=\"580\">Shimano BR-M555 Deore<\/strong><\/p>\n<\/li>\n<li data-start=\"581\" data-end=\"612\">\n<p data-start=\"583\" data-end=\"612\">Typ: <strong data-start=\"588\" data-end=\"612\">ok\u0142adziny metaliczne<\/strong><\/p>\n<\/li>\n<li data-start=\"645\" data-end=\"715\">\n<p data-start=\"647\" data-end=\"715\">Bardzo dobra skuteczno\u015b\u0107 hamowania w trudnych warunkach pogodowych<\/p>\n<\/li>\n<li data-start=\"716\" data-end=\"783\">\n<p data-start=\"718\" data-end=\"783\">Stabilne, przewidywalne dzia\u0142anie nawet podczas d\u0142ugich zjazd\u00f3w<\/p>\n<\/li>\n<\/ul>\n<p data-start=\"785\" data-end=\"917\">\u015awietny wyb\u00f3r dla rowerzyst\u00f3w, kt\u00f3rzy potrzebuj\u0105 trwa\u0142ych i mocnych hamulc\u00f3w, a nie chc\u0105 i\u015b\u0107 na kompromisy w kwestii bezpiecze\u0144stwa.<\/p>\n","protected":false},"excerpt":{"rendered":"<p>Metaliczne ok\u0142adziny hamulcowe do Shimano BR-M555 Deore Metaliczne ok\u0142adziny hamulcowe przeznaczone do zacisku Shimano BR-M555 Deore zapewniaj\u0105 wysok\u0105 skuteczno\u015b\u0107 hamowania oraz d\u0142ug\u0105 \u017cywotno\u015b\u0107 w ka\u017cdych warunkach. Wykonane z trwa\u0142ej mieszanki metalicznej gwarantuj\u0105 stabiln\u0105 si\u0142\u0119 hamowania zar\u00f3wno na sucho, jak i podczas jazdy w deszczu czy b\u0142ocie \u2014 idealne dla os\u00f3b oczekuj\u0105cych niezawodno\u015bci na trasach trekkingowych,&hellip;<\/p>\n","protected":false},"featured_media":7890,"comment_status":"open","ping_status":"closed","template":"","meta":[],"product_brand":[],"product_cat":[15,27,136],"product_tag":[146],"class_list":{"0":"post-7889","1":"product","2":"type-product","3":"status-publish","4":"has-post-thumbnail","6":"product_cat-czesci","7":"product_cat-czesci-nowe","8":"product_cat-hamulce","9":"product_tag-shimano-deore","10":"product_shipping_class-mala-paczka","12":"first","13":"instock","14":"shipping-taxable","15":"purchasable","16":"product-type-simple"},"_links":{"self":[{"href":"https:\/\/bicycool.pl\/index.php?rest_route=\/wp\/v2\/product\/7889","targetHints":{"allow":["GET"]}}],"collection":[{"href":"https:\/\/bicycool.pl\/index.php?rest_route=\/wp\/v2\/product"}],"about":[{"href":"https:\/\/bicycool.pl\/index.php?rest_route=\/wp\/v2\/types\/product"}],"replies":[{"embeddable":true,"href":"https:\/\/bicycool.pl\/index.php?rest_route=%2Fwp%2Fv2%2Fcomments&post=7889"}],"wp:featuredmedia":[{"embeddable":true,"href":"https:\/\/bicycool.pl\/index.php?rest_route=\/wp\/v2\/media\/7890"}],"wp:attachment":[{"href":"https:\/\/bicycool.pl\/index.php?rest_route=%2Fwp%2Fv2%2Fmedia&parent=7889"}],"wp:term":[{"taxonomy":"product_brand","embeddable":true,"href":"https:\/\/bicycool.pl\/index.php?rest_route=%2Fwp%2Fv2%2Fproduct_brand&post=7889"},{"taxonomy":"product_cat","embeddable":true,"href":"https:\/\/bicycool.pl\/index.php?rest_route=%2Fwp%2Fv2%2Fproduct_cat&post=7889"},{"taxonomy":"product_tag","embeddable":true,"href":"https:\/\/bicycool.pl\/index.php?rest_route=%2Fwp%2Fv2%2Fproduct_tag&post=7889"}],"curies":[{"name":"wp","href":"https:\/\/api.w.org\/{rel}","templated":true}]}}