{"id":7892,"date":"2025-12-12T10:49:37","date_gmt":"2025-12-12T09:49:37","guid":{"rendered":"https:\/\/bicycool.pl\/?post_type=product&#038;p=7892"},"modified":"2025-12-12T10:55:41","modified_gmt":"2025-12-12T09:55:41","slug":"okladziny-hamulcowe-shimano-deore-brm-555-resin-y8b598040","status":"publish","type":"product","link":"https:\/\/bicycool.pl\/?product=okladziny-hamulcowe-shimano-deore-brm-555-resin-y8b598040","title":{"rendered":"Ok\u0142adziny hamulcowe SHIMANO Deore BRM-555 RESIN Y8B598040"},"content":{"rendered":"<h2 data-start=\"73\" data-end=\"130\"><strong data-start=\"73\" data-end=\"130\">\u017bywiczne ok\u0142adziny hamulcowe do Shimano BR-M555 Deore<\/strong><\/h2>\n<p data-start=\"132\" data-end=\"510\">\u017bywiczne ok\u0142adziny hamulcowe kompatybilne z Shimano BR-M555 Deore zapewniaj\u0105 cich\u0105, p\u0142ynn\u0105 i bardzo dobrze wyczuwaln\u0105 prac\u0119 hamulca. Dzi\u0119ki mi\u0119kszej mieszance resin oferuj\u0105 \u015bwietn\u0105 modulacj\u0119 oraz wysok\u0105 kultur\u0119 pracy, szczeg\u00f3lnie w warunkach miejskich i trekkingowych. To idealny wyb\u00f3r dla os\u00f3b, kt\u00f3re preferuj\u0105 delikatniejsze, bardziej kontrolowane hamowanie i minimalny ha\u0142as.<\/p>\n<p data-start=\"512\" data-end=\"531\"><strong data-start=\"512\" data-end=\"531\">Cechy produktu:<\/strong><\/p>\n<ul data-start=\"532\" data-end=\"820\">\n<li data-start=\"532\" data-end=\"575\">\n<p data-start=\"534\" data-end=\"575\">Kompatybilno\u015b\u0107: <strong data-start=\"550\" data-end=\"575\">Shimano BR-M555 Deore<\/strong><\/p>\n<\/li>\n<li data-start=\"576\" data-end=\"613\">\n<p data-start=\"578\" data-end=\"613\">Typ: <strong data-start=\"583\" data-end=\"613\">ok\u0142adziny \u017cywiczne (resin)<\/strong><\/p>\n<\/li>\n<li data-start=\"614\" data-end=\"666\">\n<p data-start=\"616\" data-end=\"666\">Bardzo dobra modulacja i kontrola si\u0142y hamowania<\/p>\n<\/li>\n<li data-start=\"667\" data-end=\"711\">\n<p data-start=\"669\" data-end=\"711\">Cicha praca nawet przy cz\u0119stym hamowaniu<\/p>\n<\/li>\n<li data-start=\"712\" data-end=\"760\">\n<p data-start=\"714\" data-end=\"760\">Przyjazne dla tarcz, ograniczaj\u0105 ich zu\u017cycie<\/p>\n<\/li>\n<li data-start=\"761\" data-end=\"820\">\n<p data-start=\"763\" data-end=\"820\">Idealne do jazdy miejskiej, trekkingowej i rekreacyjnej<\/p>\n<\/li>\n<\/ul>\n<p data-start=\"822\" data-end=\"931\">Praktyczne, ciche i komfortowe \u2014 \u015bwietny wyb\u00f3r dla tych, kt\u00f3rzy ceni\u0105 p\u0142ynno\u015b\u0107 i precyzj\u0119 dzia\u0142ania hamulc\u00f3w.<\/p>\n","protected":false},"excerpt":{"rendered":"<p>\u017bywiczne ok\u0142adziny hamulcowe do Shimano BR-M555 Deore \u017bywiczne ok\u0142adziny hamulcowe kompatybilne z Shimano BR-M555 Deore zapewniaj\u0105 cich\u0105, p\u0142ynn\u0105 i bardzo dobrze wyczuwaln\u0105 prac\u0119 hamulca. Dzi\u0119ki mi\u0119kszej mieszance resin oferuj\u0105 \u015bwietn\u0105 modulacj\u0119 oraz wysok\u0105 kultur\u0119 pracy, szczeg\u00f3lnie w warunkach miejskich i trekkingowych. To idealny wyb\u00f3r dla os\u00f3b, kt\u00f3re preferuj\u0105 delikatniejsze, bardziej kontrolowane hamowanie i minimalny ha\u0142as.&hellip;<\/p>\n","protected":false},"featured_media":7893,"comment_status":"open","ping_status":"closed","template":"","meta":[],"product_brand":[],"product_cat":[15,27,136],"product_tag":[146],"class_list":{"0":"post-7892","1":"product","2":"type-product","3":"status-publish","4":"has-post-thumbnail","6":"product_cat-czesci","7":"product_cat-czesci-nowe","8":"product_cat-hamulce","9":"product_tag-shimano-deore","10":"product_shipping_class-mala-paczka","12":"first","13":"instock","14":"shipping-taxable","15":"purchasable","16":"product-type-simple"},"_links":{"self":[{"href":"https:\/\/bicycool.pl\/index.php?rest_route=\/wp\/v2\/product\/7892","targetHints":{"allow":["GET"]}}],"collection":[{"href":"https:\/\/bicycool.pl\/index.php?rest_route=\/wp\/v2\/product"}],"about":[{"href":"https:\/\/bicycool.pl\/index.php?rest_route=\/wp\/v2\/types\/product"}],"replies":[{"embeddable":true,"href":"https:\/\/bicycool.pl\/index.php?rest_route=%2Fwp%2Fv2%2Fcomments&post=7892"}],"wp:featuredmedia":[{"embeddable":true,"href":"https:\/\/bicycool.pl\/index.php?rest_route=\/wp\/v2\/media\/7893"}],"wp:attachment":[{"href":"https:\/\/bicycool.pl\/index.php?rest_route=%2Fwp%2Fv2%2Fmedia&parent=7892"}],"wp:term":[{"taxonomy":"product_brand","embeddable":true,"href":"https:\/\/bicycool.pl\/index.php?rest_route=%2Fwp%2Fv2%2Fproduct_brand&post=7892"},{"taxonomy":"product_cat","embeddable":true,"href":"https:\/\/bicycool.pl\/index.php?rest_route=%2Fwp%2Fv2%2Fproduct_cat&post=7892"},{"taxonomy":"product_tag","embeddable":true,"href":"https:\/\/bicycool.pl\/index.php?rest_route=%2Fwp%2Fv2%2Fproduct_tag&post=7892"}],"curies":[{"name":"wp","href":"https:\/\/api.w.org\/{rel}","templated":true}]}}