{"id":79,"date":"2023-11-15T23:59:27","date_gmt":"2023-11-15T22:59:27","guid":{"rendered":"http:\/\/bicycool.pl\/?post_type=product&#038;p=79"},"modified":"2024-12-03T17:27:24","modified_gmt":"2024-12-03T16:27:24","slug":"romet-finale","status":"publish","type":"product","link":"https:\/\/bicycool.pl\/?product=romet-finale","title":{"rendered":"Romet Finale"},"content":{"rendered":"<p><strong>Romet Finale<\/strong><\/p>\n<p>Wielodniowe wyprawy z namiotem lub chamakiem. Jednym s\u0142owem: <span class=\"caps\">PRZYGODA<\/span>. To musi by\u0107 Romet Finale, kt\u00f3ry bikepacking ma wpisany w swoje <span class=\"caps\">DNA<\/span>.<\/p>\n<p>Stal ma w sobie to co\u015b i niew\u0105tpliwie rama naszego Finale r\u00f3wnie\u017c. To materia\u0142 wyj\u0105tkowo wytrzyma\u0142y, ale posiadaj\u0105cy r\u00f3wnie\u017c w\u0142a\u015bciwo\u015b\u0107 doskona\u0142ego t\u0142umienia wszelkich nier\u00f3wno\u015bci. Ram\u0119 uzbroili\u015bmy w niezb\u0119dne w bikepackingu mocowania, co b\u0119dzie nieocenione podczas d\u0142ugich wypraw, ale r\u00f3wnie\u017c w codziennej eksploatacji jak np: dojazdy do pracy.<\/p>\n<p>Romet Finale jest urodzonym w\u0119drowcem \u017c\u0105dnym przyg\u00f3d.Stalowa, prosta w konstrukcji rama pozwoli na komfortow\u0105, wielogdzinn\u0105 jazd\u0119. Naszego wsz\u0119do\u0142aza zbudowali\u015bmy w oparciu o sprawdzony i charakteryzuj\u0105cy si\u0119 szerokim zakresem pracy nap\u0119d Shimano Claris w uk\u0142adzie 2\u00d78. Wysoka kultura pracy oraz niemal bezobs\u0142ugowe dzia\u0142anie zas\u0142uguj\u0105 z pewno\u015bci\u0105 na podkre\u015blenie. Wiemy jak du\u017co potrafi wa\u017cy\u0107 wyprawowy ekwipunek dlatego Finale wyposa\u017cyli\u015bmy w mechaniczny hamulec tarczowy RS317, kt\u00f3rego prostota budowy na pewno zostanie doceniona daleko od serwisu rowerowego. Opony Schwalbe G-One o szeroko\u015bci 38C zapewni\u0105 odpowiedni\u0105 przyczepno\u015b\u0107 i niskie opory toczenia w zr\u00f3\u017cnicowanym terenie, a kierownica <span class=\"caps\">ROMET<\/span> z flar\u0105 pozwoli na pewny i wygodny chwyt oraz pozwoli na monta\u017c opcjonalnej torby o sporym litra\u017cu.<\/p>\n<p><strong>Specyfikacja:<\/strong><\/p>\n<div class=\"element ng-star-inserted\">\n<div class=\"element__content open ng-star-inserted\">\n<ul class=\"properties-list\">\n<li class=\"ng-star-inserted\"><span class=\"property-name\"><strong>KO\u0141A, RAMA<\/strong> <\/span><span class=\"ng-star-inserted\">700C \/ Cr-Mo<\/span><\/li>\n<li class=\"ng-star-inserted\"><span class=\"property-name\"><strong>WIDELEC <\/strong><\/span><span class=\"ng-star-inserted\">Cr-Mo<\/span><\/li>\n<li class=\"ng-star-inserted\"><span class=\"property-name\"><strong>PRZERZUTKA PRZ\u00d3D<\/strong> <\/span><span class=\"ng-star-inserted\">Shimano Claris FD-R2000<\/span><\/li>\n<li class=\"ng-star-inserted\"><span class=\"property-name\"><strong>PRZERZUTKA TY\u0141<\/strong> <\/span><span class=\"ng-star-inserted\">Shimano Claris RD-R2000<\/span><\/li>\n<li class=\"ng-star-inserted\"><span class=\"property-name\"><strong>MANETKI PRZ\u00d3D<\/strong> <\/span><span class=\"ng-star-inserted\">Shimano Claris ST-R2000, 2s<\/span><\/li>\n<li class=\"ng-star-inserted\"><span class=\"property-name\"><strong>MANETKI TY\u0141<\/strong> <\/span><span class=\"ng-star-inserted\">Shimano Claris ST-R2000, 2s<\/span><\/li>\n<li class=\"ng-star-inserted\"><span class=\"property-name\"><strong>MECHANIZM KORBOWY<\/strong> <\/span><span class=\"ng-star-inserted\">Shimano Claris FC-RS200, 46\/34T, 170\/175 mm<\/span><\/li>\n<li class=\"ng-star-inserted\"><span class=\"property-name\"><strong>KASETA<\/strong> <\/span><span class=\"ng-star-inserted\">Shimano HG200 (12-32), 8s<\/span><\/li>\n<li class=\"ng-star-inserted\"><span class=\"property-name\"><strong>NAP\u0118D<\/strong> <\/span><span class=\"ng-star-inserted\">16 bieg\u00f3w<\/span><\/li>\n<li class=\"ng-star-inserted\"><span class=\"property-name\"><strong>HAMULEC PRZ\u00d3D<\/strong> <\/span><span class=\"ng-star-inserted\">Shimano BR-RS317<\/span><\/li>\n<li class=\"ng-star-inserted\"><span class=\"property-name\"><strong>HAMULEC TY\u0141<\/strong> <\/span><span class=\"ng-star-inserted\">Shimano BR-RS317<\/span><\/li>\n<li class=\"ng-star-inserted\"><span class=\"property-name\"><strong>ROZMIAR KO\u0141A<\/strong> <\/span><span class=\"ng-star-inserted\">28<\/span><\/li>\n<li class=\"ng-star-inserted\"><span class=\"property-name\"><strong>OPONY<\/strong> <\/span><span class=\"ng-star-inserted\">700\u00d738C<\/span><\/li>\n<li class=\"ng-star-inserted\"><span class=\"property-name\"><strong>PIASTA PRZ\u00d3D<\/strong> <\/span><span class=\"ng-star-inserted\">Shimano HB-TX505<\/span><\/li>\n<li class=\"ng-star-inserted\"><span class=\"property-name\"><strong>PIASTA TY\u0141<\/strong> <\/span><span class=\"ng-star-inserted\">Shimano FH-TX505<\/span><\/li>\n<li class=\"ng-star-inserted\"><span class=\"property-name\"><strong>KIEROWNICA<\/strong> <\/span><span class=\"ng-star-inserted\">Romet Gravel aluminiowa 420 mm<\/span><\/li>\n<li class=\"ng-star-inserted\"><span class=\"property-name\"><strong>MOSTEK KIEROWNICY<\/strong> <\/span><span class=\"ng-star-inserted\">Romet aluminiowy 90\/100\/110 mm<\/span><\/li>\n<li class=\"ng-star-inserted\"><span class=\"property-name\"><strong>SZTYCA<\/strong> <\/span><span class=\"ng-star-inserted\">Romet alu. 27,2 mm 300\/350 mm<\/span><\/li>\n<li class=\"ng-star-inserted\"><span class=\"property-name\"><strong>SIOD\u0141O<\/strong> <\/span><span class=\"ng-star-inserted\">Selle Italia X-Base<\/span><\/li>\n<li class=\"ng-star-inserted\"><span class=\"property-name\"><strong>PEDA\u0141Y<\/strong> <\/span><span class=\"ng-star-inserted\">FP-971<\/span><\/li>\n<li class=\"ng-star-inserted\"><span class=\"property-name\"><strong>OBR\u0118CZE<\/strong> <\/span><span class=\"ng-star-inserted\">Aluminiowe dwukomorowe<\/span><\/li>\n<li class=\"ng-star-inserted\"><span class=\"property-name\"><strong>KOLOR<\/strong> <\/span><span class=\"ng-star-inserted\">ciemnozielony<\/span><\/li>\n<li class=\"ng-star-inserted\"><strong><span class=\"property-name\">WAGA<\/span><\/strong><span class=\"ng-star-inserted\"><strong>13,0<\/strong> kg<\/span><\/li>\n<li class=\"ng-star-inserted\"><span class=\"property-name\"><strong>TARCZA<\/strong> HAMULCOWA PRZ\u00d3D<\/span><span class=\"ng-star-inserted\">Shimano SM-RT10 160 mm<\/span><\/li>\n<li class=\"ng-star-inserted\"><span class=\"property-name\"><strong>TARCZA<\/strong> HAMULCOWA TY\u0141<\/span><span class=\"ng-star-inserted\">Shimano SM-RT10 160 mm<\/span><\/li>\n<\/ul>\n<\/div>\n<\/div>\n<div class=\"element ng-star-inserted\">\n<div class=\"element__content ng-star-inserted\">\n<div class=\"sizetable_container\">\n<div class=\"table ng-star-inserted\">\n<div class=\"table-img\"><\/div>\n<\/div>\n<\/div>\n<\/div>\n<\/div>\n","protected":false},"excerpt":{"rendered":"<p>Romet Finale Gravel<\/p>\n","protected":false},"featured_media":81,"comment_status":"closed","ping_status":"closed","template":"","meta":[],"product_brand":[],"product_cat":[44,26,23],"product_tag":[],"class_list":{"0":"post-79","1":"product","2":"type-product","3":"status-publish","4":"has-post-thumbnail","6":"product_cat-gravel","7":"product_cat-rowery-2","8":"product_cat-rowery","9":"product_shipping_class-rower","11":"first","12":"instock","13":"shipping-taxable","14":"purchasable","15":"product-type-variable"},"_links":{"self":[{"href":"https:\/\/bicycool.pl\/index.php?rest_route=\/wp\/v2\/product\/79","targetHints":{"allow":["GET"]}}],"collection":[{"href":"https:\/\/bicycool.pl\/index.php?rest_route=\/wp\/v2\/product"}],"about":[{"href":"https:\/\/bicycool.pl\/index.php?rest_route=\/wp\/v2\/types\/product"}],"replies":[{"embeddable":true,"href":"https:\/\/bicycool.pl\/index.php?rest_route=%2Fwp%2Fv2%2Fcomments&post=79"}],"wp:featuredmedia":[{"embeddable":true,"href":"https:\/\/bicycool.pl\/index.php?rest_route=\/wp\/v2\/media\/81"}],"wp:attachment":[{"href":"https:\/\/bicycool.pl\/index.php?rest_route=%2Fwp%2Fv2%2Fmedia&parent=79"}],"wp:term":[{"taxonomy":"product_brand","embeddable":true,"href":"https:\/\/bicycool.pl\/index.php?rest_route=%2Fwp%2Fv2%2Fproduct_brand&post=79"},{"taxonomy":"product_cat","embeddable":true,"href":"https:\/\/bicycool.pl\/index.php?rest_route=%2Fwp%2Fv2%2Fproduct_cat&post=79"},{"taxonomy":"product_tag","embeddable":true,"href":"https:\/\/bicycool.pl\/index.php?rest_route=%2Fwp%2Fv2%2Fproduct_tag&post=79"}],"curies":[{"name":"wp","href":"https:\/\/api.w.org\/{rel}","templated":true}]}}