{"id":790,"date":"2023-11-28T17:20:34","date_gmt":"2023-11-28T16:20:34","guid":{"rendered":"https:\/\/bicycool.pl\/?post_type=product&#038;p=790"},"modified":"2023-11-28T17:22:03","modified_gmt":"2023-11-28T16:22:03","slug":"kierownica-szosowa-baranek-42cm-318mm-2","status":"publish","type":"product","link":"https:\/\/bicycool.pl\/?product=kierownica-szosowa-baranek-42cm-318mm-2","title":{"rendered":"Kierownica szosowa baranek 42cm 31,8mm"},"content":{"rendered":"<h3 class=\"Product_product-title__BALAQ\">Kierownica szosowa<\/h3>\n<ul>\n<li><strong>Szeroko\u015b\u0107<\/strong> &#8211; 42cm<\/li>\n<li><strong>Monta\u017c<\/strong> &#8211; 31,8mm<\/li>\n<li><strong>Materia\u0142<\/strong> &#8211; Aluminium<\/li>\n<li><strong>Produkt powystawowy \u2013 posiada\u00a0 ryski, g\u0142\u00f3wnie w miejscu montowania owijki.<\/strong><\/li>\n<\/ul>\n","protected":false},"excerpt":{"rendered":"<p>Kierownica szosowa Szeroko\u015b\u0107 &#8211; 42cm Monta\u017c &#8211; 31,8mm Materia\u0142 &#8211; Aluminium Produkt powystawowy \u2013 posiada\u00a0 ryski, g\u0142\u00f3wnie w miejscu montowania owijki.<\/p>\n","protected":false},"featured_media":786,"comment_status":"open","ping_status":"closed","template":"","meta":[],"product_brand":[],"product_cat":[27,170,85],"product_tag":[],"class_list":{"0":"post-790","1":"product","2":"type-product","3":"status-publish","4":"has-post-thumbnail","6":"product_cat-czesci-nowe","7":"product_cat-kierownice","8":"product_cat-outlet","9":"product_shipping_class-mala-paczka","11":"first","12":"instock","13":"shipping-taxable","14":"purchasable","15":"product-type-simple"},"_links":{"self":[{"href":"https:\/\/bicycool.pl\/index.php?rest_route=\/wp\/v2\/product\/790","targetHints":{"allow":["GET"]}}],"collection":[{"href":"https:\/\/bicycool.pl\/index.php?rest_route=\/wp\/v2\/product"}],"about":[{"href":"https:\/\/bicycool.pl\/index.php?rest_route=\/wp\/v2\/types\/product"}],"replies":[{"embeddable":true,"href":"https:\/\/bicycool.pl\/index.php?rest_route=%2Fwp%2Fv2%2Fcomments&post=790"}],"wp:featuredmedia":[{"embeddable":true,"href":"https:\/\/bicycool.pl\/index.php?rest_route=\/wp\/v2\/media\/786"}],"wp:attachment":[{"href":"https:\/\/bicycool.pl\/index.php?rest_route=%2Fwp%2Fv2%2Fmedia&parent=790"}],"wp:term":[{"taxonomy":"product_brand","embeddable":true,"href":"https:\/\/bicycool.pl\/index.php?rest_route=%2Fwp%2Fv2%2Fproduct_brand&post=790"},{"taxonomy":"product_cat","embeddable":true,"href":"https:\/\/bicycool.pl\/index.php?rest_route=%2Fwp%2Fv2%2Fproduct_cat&post=790"},{"taxonomy":"product_tag","embeddable":true,"href":"https:\/\/bicycool.pl\/index.php?rest_route=%2Fwp%2Fv2%2Fproduct_tag&post=790"}],"curies":[{"name":"wp","href":"https:\/\/api.w.org\/{rel}","templated":true}]}}