{"id":7905,"date":"2025-12-12T12:35:54","date_gmt":"2025-12-12T11:35:54","guid":{"rendered":"https:\/\/bicycool.pl\/?post_type=product&#038;p=7905"},"modified":"2025-12-12T12:58:51","modified_gmt":"2025-12-12T11:58:51","slug":"klocki-hamulcowe-v-brake-uchwyt-shimano-deore-xt-br-m739","status":"publish","type":"product","link":"https:\/\/bicycool.pl\/?product=klocki-hamulcowe-v-brake-uchwyt-shimano-deore-xt-br-m739","title":{"rendered":"Klocki hamulcowe v-brake Uchwyt Shimano Deore XT BR-M739"},"content":{"rendered":"<h2 data-start=\"47\" data-end=\"101\"><strong data-start=\"47\" data-end=\"101\">Uchwyty do ok\u0142adzin Shimano Deore XT<\/strong><\/h2>\n<p data-start=\"103\" data-end=\"411\">\n<p data-start=\"413\" data-end=\"432\"><strong data-start=\"413\" data-end=\"432\">Cechy produktu:<\/strong><\/p>\n<ul data-start=\"433\" data-end=\"571\">\n<li data-start=\"433\" data-end=\"459\"><strong data-start=\"435\" data-end=\"449\">Producent:<\/strong> Shimano<\/li>\n<li data-start=\"460\" data-end=\"480\"><strong data-start=\"462\" data-end=\"472\">Model:<\/strong> Deore XT<\/li>\n<li data-start=\"513\" data-end=\"550\"><strong data-start=\"515\" data-end=\"523\">Typ:<\/strong> Klocki hamulcowe V-Brake<\/li>\n<li data-start=\"551\" data-end=\"571\"><strong data-start=\"553\" data-end=\"564\">Zestaw:<\/strong> 1 para<\/li>\n<li data-start=\"551\" data-end=\"571\"><strong>Stan: <\/strong>Nieu\u017cywane \/ NOS \/<strong> SAME UCHWYTY, brak trzpieni do przykr\u0119cania, zawleczki i ok\u0142adzin!<\/strong><\/li>\n<\/ul>\n<p data-start=\"573\" data-end=\"604\"><strong data-start=\"573\" data-end=\"604\">Kompatybilno\u015b\u0107:<\/strong><\/p>\n<ul data-start=\"605\" data-end=\"650\">\n<li data-start=\"605\" data-end=\"620\"><strong data-start=\"607\" data-end=\"618\">BR-M950<\/strong><\/li>\n<li><strong data-start=\"607\" data-end=\"618\">BR-M739<\/strong><\/li>\n<li data-start=\"605\" data-end=\"620\">BL-M950<\/li>\n<li data-start=\"605\" data-end=\"620\">ST-M950<\/li>\n<li data-start=\"605\" data-end=\"620\">BL-M739<\/li>\n<li data-start=\"605\" data-end=\"620\">ST-M739<\/li>\n<li data-start=\"605\" data-end=\"620\">BL-M600<\/li>\n<\/ul>\n<p data-start=\"152\" data-end=\"536\">\n","protected":false},"excerpt":{"rendered":"<p>Uchwyty do ok\u0142adzin Shimano Deore XT Cechy produktu: Producent: Shimano Model: Deore XT Typ: Klocki hamulcowe V-Brake Zestaw: 1 para Stan: Nieu\u017cywane \/ NOS \/ SAME UCHWYTY, brak trzpieni do przykr\u0119cania, zawleczki i ok\u0142adzin! Kompatybilno\u015b\u0107: BR-M950 BR-M739 BL-M950 ST-M950 BL-M739 ST-M739 BL-M600<\/p>\n","protected":false},"featured_media":7906,"comment_status":"open","ping_status":"closed","template":"","meta":[],"product_brand":[],"product_cat":[15,27,136,85],"product_tag":[247],"class_list":{"0":"post-7905","1":"product","2":"type-product","3":"status-publish","4":"has-post-thumbnail","6":"product_cat-czesci","7":"product_cat-czesci-nowe","8":"product_cat-hamulce","9":"product_cat-outlet","10":"product_tag-shimano-deore-xt","11":"product_shipping_class-mala-paczka","13":"first","14":"instock","15":"shipping-taxable","16":"purchasable","17":"product-type-simple"},"_links":{"self":[{"href":"https:\/\/bicycool.pl\/index.php?rest_route=\/wp\/v2\/product\/7905","targetHints":{"allow":["GET"]}}],"collection":[{"href":"https:\/\/bicycool.pl\/index.php?rest_route=\/wp\/v2\/product"}],"about":[{"href":"https:\/\/bicycool.pl\/index.php?rest_route=\/wp\/v2\/types\/product"}],"replies":[{"embeddable":true,"href":"https:\/\/bicycool.pl\/index.php?rest_route=%2Fwp%2Fv2%2Fcomments&post=7905"}],"wp:featuredmedia":[{"embeddable":true,"href":"https:\/\/bicycool.pl\/index.php?rest_route=\/wp\/v2\/media\/7906"}],"wp:attachment":[{"href":"https:\/\/bicycool.pl\/index.php?rest_route=%2Fwp%2Fv2%2Fmedia&parent=7905"}],"wp:term":[{"taxonomy":"product_brand","embeddable":true,"href":"https:\/\/bicycool.pl\/index.php?rest_route=%2Fwp%2Fv2%2Fproduct_brand&post=7905"},{"taxonomy":"product_cat","embeddable":true,"href":"https:\/\/bicycool.pl\/index.php?rest_route=%2Fwp%2Fv2%2Fproduct_cat&post=7905"},{"taxonomy":"product_tag","embeddable":true,"href":"https:\/\/bicycool.pl\/index.php?rest_route=%2Fwp%2Fv2%2Fproduct_tag&post=7905"}],"curies":[{"name":"wp","href":"https:\/\/api.w.org\/{rel}","templated":true}]}}