{"id":7916,"date":"2025-12-12T13:21:49","date_gmt":"2025-12-12T12:21:49","guid":{"rendered":"https:\/\/bicycool.pl\/?post_type=product&#038;p=7916"},"modified":"2025-12-12T13:28:01","modified_gmt":"2025-12-12T12:28:01","slug":"klocki-hamulcowe-bbs-carbstop-bbs-25-4szt","status":"publish","type":"product","link":"https:\/\/bicycool.pl\/?product=klocki-hamulcowe-bbs-carbstop-bbs-25-4szt","title":{"rendered":"Klocki hamulcowe BBS CarbStop BBS-25 4szt"},"content":{"rendered":"<h2 data-start=\"65\" data-end=\"146\"><strong data-start=\"65\" data-end=\"146\">BBS CarbStop BBS-25 &#8211; Ok\u0142adziny hamulcowe do obr\u0119czy karbonowych\u00a0<\/strong><\/h2>\n<p>&nbsp;<\/p>\n<p data-start=\"148\" data-end=\"445\">Wysokiej jako\u015bci ok\u0142adziny hamulcowe stworzone specjalnie z my\u015bl\u0105 o obr\u0119czach wykonanych z kompozyt\u00f3w w\u0142\u00f3kna w\u0119glowego. Zastosowana mieszanka gwarantuje pewne, kontrolowane i mocne hamowanie zar\u00f3wno w suchych, jak i mokrych warunkach, a jednocze\u015bnie chroni delikatn\u0105 struktur\u0119 obr\u0119czy karbonowych.<\/p>\n<p data-start=\"447\" data-end=\"749\">Dzi\u0119ki zoptymalizowanemu kszta\u0142towi i odpowiednio dobranej mieszance klocki skutecznie redukuj\u0105 ha\u0142as oraz ograniczaj\u0105 nagrzewanie obr\u0119czy podczas d\u0142ugiego hamowania. To idealne rozwi\u0105zanie dla wymagaj\u0105cych rowerzyst\u00f3w, kt\u00f3rzy oczekuj\u0105 bezpiecze\u0144stwa, ciszy i bezkompromisowej jako\u015bci w \u015bwietnej cenie.<\/p>\n<p data-start=\"751\" data-end=\"770\"><strong data-start=\"751\" data-end=\"770\">Cechy produktu:<\/strong><\/p>\n<ul data-start=\"771\" data-end=\"1062\">\n<li data-start=\"771\" data-end=\"811\">\n<p data-start=\"773\" data-end=\"811\">Komplet na ca\u0142y rower: <strong data-start=\"796\" data-end=\"811\">4 ok\u0142adziny<\/strong><\/p>\n<\/li>\n<li data-start=\"812\" data-end=\"881\">\n<p data-start=\"814\" data-end=\"881\">Specjalna mieszanka dedykowana wy\u0142\u0105cznie do <strong data-start=\"858\" data-end=\"881\">obr\u0119czy karbonowych<\/strong><\/p>\n<\/li>\n<li data-start=\"882\" data-end=\"943\">\n<p data-start=\"884\" data-end=\"943\">Bardzo dobra si\u0142a hamowania w suchych i mokrych warunkach<\/p>\n<\/li>\n<li data-start=\"944\" data-end=\"1004\">\n<p data-start=\"946\" data-end=\"1004\">Konstrukcja minimalizuj\u0105ca ha\u0142as i przegrzewanie obr\u0119czy<\/p>\n<\/li>\n<\/ul>\n","protected":false},"excerpt":{"rendered":"<p>BBS CarbStop BBS-25 &#8211; Ok\u0142adziny hamulcowe do obr\u0119czy karbonowych\u00a0 &nbsp; Wysokiej jako\u015bci ok\u0142adziny hamulcowe stworzone specjalnie z my\u015bl\u0105 o obr\u0119czach wykonanych z kompozyt\u00f3w w\u0142\u00f3kna w\u0119glowego. Zastosowana mieszanka gwarantuje pewne, kontrolowane i mocne hamowanie zar\u00f3wno w suchych, jak i mokrych warunkach, a jednocze\u015bnie chroni delikatn\u0105 struktur\u0119 obr\u0119czy karbonowych. Dzi\u0119ki zoptymalizowanemu kszta\u0142towi i odpowiednio dobranej mieszance klocki&hellip;<\/p>\n","protected":false},"featured_media":7917,"comment_status":"open","ping_status":"closed","template":"","meta":[],"product_brand":[],"product_cat":[15,27,136,85],"product_tag":[246],"class_list":{"0":"post-7916","1":"product","2":"type-product","3":"status-publish","4":"has-post-thumbnail","6":"product_cat-czesci","7":"product_cat-czesci-nowe","8":"product_cat-hamulce","9":"product_cat-outlet","10":"product_tag-shiamno-deore","11":"product_shipping_class-mala-paczka","13":"first","14":"instock","15":"shipping-taxable","16":"purchasable","17":"product-type-simple"},"_links":{"self":[{"href":"https:\/\/bicycool.pl\/index.php?rest_route=\/wp\/v2\/product\/7916","targetHints":{"allow":["GET"]}}],"collection":[{"href":"https:\/\/bicycool.pl\/index.php?rest_route=\/wp\/v2\/product"}],"about":[{"href":"https:\/\/bicycool.pl\/index.php?rest_route=\/wp\/v2\/types\/product"}],"replies":[{"embeddable":true,"href":"https:\/\/bicycool.pl\/index.php?rest_route=%2Fwp%2Fv2%2Fcomments&post=7916"}],"wp:featuredmedia":[{"embeddable":true,"href":"https:\/\/bicycool.pl\/index.php?rest_route=\/wp\/v2\/media\/7917"}],"wp:attachment":[{"href":"https:\/\/bicycool.pl\/index.php?rest_route=%2Fwp%2Fv2%2Fmedia&parent=7916"}],"wp:term":[{"taxonomy":"product_brand","embeddable":true,"href":"https:\/\/bicycool.pl\/index.php?rest_route=%2Fwp%2Fv2%2Fproduct_brand&post=7916"},{"taxonomy":"product_cat","embeddable":true,"href":"https:\/\/bicycool.pl\/index.php?rest_route=%2Fwp%2Fv2%2Fproduct_cat&post=7916"},{"taxonomy":"product_tag","embeddable":true,"href":"https:\/\/bicycool.pl\/index.php?rest_route=%2Fwp%2Fv2%2Fproduct_tag&post=7916"}],"curies":[{"name":"wp","href":"https:\/\/api.w.org\/{rel}","templated":true}]}}