{"id":7920,"date":"2025-12-12T13:39:37","date_gmt":"2025-12-12T12:39:37","guid":{"rendered":"https:\/\/bicycool.pl\/?post_type=product&#038;p=7920"},"modified":"2025-12-12T13:50:55","modified_gmt":"2025-12-12T12:50:55","slug":"klocki-hamulcowe-bbs-techstop-bbs-23ct","status":"publish","type":"product","link":"https:\/\/bicycool.pl\/?product=klocki-hamulcowe-bbs-techstop-bbs-23ct","title":{"rendered":"Klocki hamulcowe BBS Techstop BBS-23CT"},"content":{"rendered":"<h2 data-start=\"97\" data-end=\"177\"><strong data-start=\"97\" data-end=\"177\">Ok\u0142adziny BBS Techstop BBS-23CT \u2013 kompatybilne z hamulcami Campagnolo<\/strong><\/h2>\n<p data-start=\"179\" data-end=\"513\">Klocki hamulcowe BBS Techstop BBS-23CT to wysokiej jako\u015bci ok\u0142adziny przeznaczone do klasycznych hamulc\u00f3w szosowych Campagnolo. Zapewniaj\u0105 pewn\u0105 si\u0142\u0119 hamowania, dobr\u0105 modulacj\u0119 oraz stabiln\u0105 prac\u0119 zar\u00f3wno w suchych, jak i mokrych warunkach. Idealne dla wymagaj\u0105cych u\u017cytkownik\u00f3w, ceni\u0105cych sobie precyzj\u0119 i kultur\u0119 dzia\u0142ania hamulc\u00f3w.<\/p>\n<p data-start=\"179\" data-end=\"513\">\n<p data-start=\"592\" data-end=\"611\"><strong data-start=\"592\" data-end=\"611\">Cechy produktu:<\/strong><\/p>\n<ul data-start=\"612\" data-end=\"768\">\n<li data-start=\"612\" data-end=\"648\">\n<p data-start=\"614\" data-end=\"648\"><strong data-start=\"614\" data-end=\"624\">Model:<\/strong> BBS Techstop BBS-23CT<\/p>\n<\/li>\n<li data-start=\"649\" data-end=\"680\">\n<p data-start=\"651\" data-end=\"680\"><strong data-start=\"651\" data-end=\"660\">Stan:<\/strong> nowe<\/p>\n<\/li>\n<li data-start=\"681\" data-end=\"730\">\n<p data-start=\"683\" data-end=\"730\"><strong data-start=\"683\" data-end=\"701\">Przeznaczenie:<\/strong> hamulce szosowe Campagnolo<\/p>\n<\/li>\n<li data-start=\"731\" data-end=\"768\">\n<p data-start=\"733\" data-end=\"768\"><strong data-start=\"733\" data-end=\"744\">Zestaw:<\/strong> komplet ok\u0142adzin (gumi)<\/p>\n<\/li>\n<\/ul>\n<p data-start=\"770\" data-end=\"798\"><strong data-start=\"770\" data-end=\"798\">Kompatybilne z modelami:<\/strong><\/p>\n<ul data-start=\"799\" data-end=\"901\">\n<li data-start=\"799\" data-end=\"824\">\n<p data-start=\"801\" data-end=\"824\"><strong data-start=\"801\" data-end=\"822\">Campagnolo Record<\/strong><\/p>\n<\/li>\n<li data-start=\"825\" data-end=\"850\">\n<p data-start=\"827\" data-end=\"850\"><strong data-start=\"827\" data-end=\"848\">Campagnolo Chorus<\/strong><\/p>\n<\/li>\n<li data-start=\"851\" data-end=\"877\">\n<p data-start=\"853\" data-end=\"877\"><strong data-start=\"853\" data-end=\"875\">Campagnolo Centaur<\/strong><\/p>\n<\/li>\n<li data-start=\"878\" data-end=\"901\">\n<p data-start=\"880\" data-end=\"901\"><strong data-start=\"880\" data-end=\"901\">Campagnolo Veloce<\/strong><\/p>\n<\/li>\n<\/ul>\n<p data-start=\"903\" data-end=\"1048\">\n","protected":false},"excerpt":{"rendered":"<p>Ok\u0142adziny BBS Techstop BBS-23CT \u2013 kompatybilne z hamulcami Campagnolo Klocki hamulcowe BBS Techstop BBS-23CT to wysokiej jako\u015bci ok\u0142adziny przeznaczone do klasycznych hamulc\u00f3w szosowych Campagnolo. Zapewniaj\u0105 pewn\u0105 si\u0142\u0119 hamowania, dobr\u0105 modulacj\u0119 oraz stabiln\u0105 prac\u0119 zar\u00f3wno w suchych, jak i mokrych warunkach. Idealne dla wymagaj\u0105cych u\u017cytkownik\u00f3w, ceni\u0105cych sobie precyzj\u0119 i kultur\u0119 dzia\u0142ania hamulc\u00f3w. Cechy produktu: Model: BBS&hellip;<\/p>\n","protected":false},"featured_media":7921,"comment_status":"open","ping_status":"closed","template":"","meta":[],"product_brand":[],"product_cat":[15,27,136,85],"product_tag":[242,226],"class_list":{"0":"post-7920","1":"product","2":"type-product","3":"status-publish","4":"has-post-thumbnail","6":"product_cat-czesci","7":"product_cat-czesci-nowe","8":"product_cat-hamulce","9":"product_cat-outlet","10":"product_tag-bbb","11":"product_tag-campagnolo","12":"product_shipping_class-mala-paczka","14":"first","15":"instock","16":"shipping-taxable","17":"purchasable","18":"product-type-simple"},"_links":{"self":[{"href":"https:\/\/bicycool.pl\/index.php?rest_route=\/wp\/v2\/product\/7920","targetHints":{"allow":["GET"]}}],"collection":[{"href":"https:\/\/bicycool.pl\/index.php?rest_route=\/wp\/v2\/product"}],"about":[{"href":"https:\/\/bicycool.pl\/index.php?rest_route=\/wp\/v2\/types\/product"}],"replies":[{"embeddable":true,"href":"https:\/\/bicycool.pl\/index.php?rest_route=%2Fwp%2Fv2%2Fcomments&post=7920"}],"wp:featuredmedia":[{"embeddable":true,"href":"https:\/\/bicycool.pl\/index.php?rest_route=\/wp\/v2\/media\/7921"}],"wp:attachment":[{"href":"https:\/\/bicycool.pl\/index.php?rest_route=%2Fwp%2Fv2%2Fmedia&parent=7920"}],"wp:term":[{"taxonomy":"product_brand","embeddable":true,"href":"https:\/\/bicycool.pl\/index.php?rest_route=%2Fwp%2Fv2%2Fproduct_brand&post=7920"},{"taxonomy":"product_cat","embeddable":true,"href":"https:\/\/bicycool.pl\/index.php?rest_route=%2Fwp%2Fv2%2Fproduct_cat&post=7920"},{"taxonomy":"product_tag","embeddable":true,"href":"https:\/\/bicycool.pl\/index.php?rest_route=%2Fwp%2Fv2%2Fproduct_tag&post=7920"}],"curies":[{"name":"wp","href":"https:\/\/api.w.org\/{rel}","templated":true}]}}