{"id":7926,"date":"2025-12-12T14:02:37","date_gmt":"2025-12-12T13:02:37","guid":{"rendered":"https:\/\/bicycool.pl\/?post_type=product&#038;p=7926"},"modified":"2025-12-12T14:04:35","modified_gmt":"2025-12-12T13:04:35","slug":"klocki-hamulcowe-okladziny-con-tec-crp-500-mtb-72mm","status":"publish","type":"product","link":"https:\/\/bicycool.pl\/?product=klocki-hamulcowe-okladziny-con-tec-crp-500-mtb-72mm","title":{"rendered":"Klocki hamulcowe Ok\u0142adziny CON-TEC CRP-500 MTB 72mm"},"content":{"rendered":"<h2 data-start=\"97\" data-end=\"177\">Klocki hamulcowe Ok\u0142adziny Con-Tec CRP-500 72mm<\/h2>\n<p data-start=\"592\" data-end=\"611\"><strong data-start=\"592\" data-end=\"611\">Cechy produktu:<\/strong><\/p>\n<ul data-start=\"612\" data-end=\"768\">\n<li data-start=\"612\" data-end=\"648\">\n<p data-start=\"614\" data-end=\"648\"><strong data-start=\"614\" data-end=\"624\">Model: <\/strong>Con-Tec CRP-500<\/p>\n<\/li>\n<li data-start=\"649\" data-end=\"680\">\n<p data-start=\"651\" data-end=\"680\"><strong data-start=\"651\" data-end=\"660\">Stan:<\/strong> Nowe \/ powystawowe<\/p>\n<\/li>\n<li data-start=\"681\" data-end=\"730\">\n<p data-start=\"683\" data-end=\"730\"><strong data-start=\"683\" data-end=\"701\">Przeznaczenie:<\/strong> MTB<\/p>\n<\/li>\n<li data-start=\"731\" data-end=\"768\">\n<p data-start=\"733\" data-end=\"768\"><strong data-start=\"733\" data-end=\"744\">Zestaw:<\/strong> komplet ok\u0142adzin<\/p>\n<\/li>\n<li data-start=\"731\" data-end=\"768\"><strong>D\u0142ugo\u015b\u0107 ok\u0142adziny:<\/strong> 72mm<\/li>\n<\/ul>\n<p data-start=\"770\" data-end=\"798\">\n<p data-start=\"903\" data-end=\"1048\">\n","protected":false},"excerpt":{"rendered":"<p>Klocki hamulcowe Ok\u0142adziny Con-Tec CRP-500 72mm Cechy produktu: Model: Con-Tec CRP-500 Stan: Nowe \/ powystawowe Przeznaczenie: MTB Zestaw: komplet ok\u0142adzin D\u0142ugo\u015b\u0107 ok\u0142adziny: 72mm<\/p>\n","protected":false},"featured_media":7927,"comment_status":"open","ping_status":"closed","template":"","meta":[],"product_brand":[],"product_cat":[15,27,136,85],"product_tag":[251,72,156],"class_list":{"0":"post-7926","1":"product","2":"type-product","3":"status-publish","4":"has-post-thumbnail","6":"product_cat-czesci","7":"product_cat-czesci-nowe","8":"product_cat-hamulce","9":"product_cat-outlet","10":"product_tag-dura-ace","11":"product_tag-shimano","12":"product_tag-ultegra","13":"product_shipping_class-mala-paczka","15":"first","16":"instock","17":"shipping-taxable","18":"purchasable","19":"product-type-simple"},"_links":{"self":[{"href":"https:\/\/bicycool.pl\/index.php?rest_route=\/wp\/v2\/product\/7926","targetHints":{"allow":["GET"]}}],"collection":[{"href":"https:\/\/bicycool.pl\/index.php?rest_route=\/wp\/v2\/product"}],"about":[{"href":"https:\/\/bicycool.pl\/index.php?rest_route=\/wp\/v2\/types\/product"}],"replies":[{"embeddable":true,"href":"https:\/\/bicycool.pl\/index.php?rest_route=%2Fwp%2Fv2%2Fcomments&post=7926"}],"wp:featuredmedia":[{"embeddable":true,"href":"https:\/\/bicycool.pl\/index.php?rest_route=\/wp\/v2\/media\/7927"}],"wp:attachment":[{"href":"https:\/\/bicycool.pl\/index.php?rest_route=%2Fwp%2Fv2%2Fmedia&parent=7926"}],"wp:term":[{"taxonomy":"product_brand","embeddable":true,"href":"https:\/\/bicycool.pl\/index.php?rest_route=%2Fwp%2Fv2%2Fproduct_brand&post=7926"},{"taxonomy":"product_cat","embeddable":true,"href":"https:\/\/bicycool.pl\/index.php?rest_route=%2Fwp%2Fv2%2Fproduct_cat&post=7926"},{"taxonomy":"product_tag","embeddable":true,"href":"https:\/\/bicycool.pl\/index.php?rest_route=%2Fwp%2Fv2%2Fproduct_tag&post=7926"}],"curies":[{"name":"wp","href":"https:\/\/api.w.org\/{rel}","templated":true}]}}