{"id":7930,"date":"2025-12-12T14:05:39","date_gmt":"2025-12-12T13:05:39","guid":{"rendered":"https:\/\/bicycool.pl\/?post_type=product&#038;p=7930"},"modified":"2025-12-12T14:27:25","modified_gmt":"2025-12-12T13:27:25","slug":"okladziny-hamulcowe-shimano-r55c4-105-ultegra-dura-ace","status":"publish","type":"product","link":"https:\/\/bicycool.pl\/?product=okladziny-hamulcowe-shimano-r55c4-105-ultegra-dura-ace","title":{"rendered":"Ok\u0142adziny hamulcowe Shimano R55C4 105 \/ Ultegra \/ Dura-Ace"},"content":{"rendered":"<p data-start=\"55\" data-end=\"114\"><strong data-start=\"55\" data-end=\"114\">Ok\u0142adziny hamulcowe Shimano R55C4\u00a0<\/strong><\/p>\n<p data-start=\"116\" data-end=\"470\">Oryginalne ok\u0142adziny Shimano R55C4 to wysokiej jako\u015bci klocki hamulcowe przeznaczone do zacisk\u00f3w szosowych. Zapewniaj\u0105 pewne, mocne i przewidywalne hamowanie w zr\u00f3\u017cnicowanych warunkach pogodowych, a dzi\u0119ki zoptymalizowanej mieszance gwarantuj\u0105 \u015bwietn\u0105 modulacj\u0119 oraz d\u0142ug\u0105 \u017cywotno\u015b\u0107. Idealne do jazdy treningowej, wy\u015bcigowej oraz codziennego u\u017cytkowania.<\/p>\n<p data-start=\"472\" data-end=\"501\"><strong data-start=\"472\" data-end=\"501\">Najwa\u017cniejsze informacje:<\/strong><\/p>\n<ul data-start=\"502\" data-end=\"723\">\n<li data-start=\"502\" data-end=\"523\">\n<p data-start=\"504\" data-end=\"523\"><strong data-start=\"504\" data-end=\"514\">Ilo\u015b\u0107:<\/strong> 1 para (na 1 ko\u0142o)<\/p>\n<\/li>\n<li data-start=\"524\" data-end=\"544\">\n<p data-start=\"526\" data-end=\"544\"><strong data-start=\"526\" data-end=\"536\">Model:<\/strong> R55C4<\/p>\n<\/li>\n<li data-start=\"545\" data-end=\"578\">\n<p data-start=\"547\" data-end=\"578\"><strong data-start=\"547\" data-end=\"566\">Kod producenta:<\/strong> Y8L298061<\/p>\n<\/li>\n<li data-start=\"579\" data-end=\"633\">\n<p data-start=\"581\" data-end=\"633\"><strong data-start=\"581\" data-end=\"589\">Typ:<\/strong> ok\u0142adziny do hamulc\u00f3w szosowych (caliper)<\/p>\n<\/li>\n<li data-start=\"634\" data-end=\"690\">\n<p data-start=\"636\" data-end=\"690\"><strong data-start=\"636\" data-end=\"688\">Wysoka skuteczno\u015b\u0107 w mokrych i suchych warunkach<\/strong><\/p>\n<\/li>\n<li data-start=\"691\" data-end=\"723\">\n<p data-start=\"693\" data-end=\"723\"><strong data-start=\"693\" data-end=\"723\">Oryginalny produkt Shimano<\/strong><\/p>\n<\/li>\n<\/ul>\n<p data-start=\"725\" data-end=\"764\"><strong data-start=\"725\" data-end=\"764\">Szeroka kompatybilno\u015b\u0107 z hamulcami:<\/strong><\/p>\n<ul data-start=\"765\" data-end=\"941\">\n<li data-start=\"765\" data-end=\"807\">\n<p data-start=\"767\" data-end=\"807\"><strong data-start=\"767\" data-end=\"805\">BR-9000, BR-7900, BR-7800, BR-7700<\/strong><\/p>\n<\/li>\n<li data-start=\"808\" data-end=\"841\">\n<p data-start=\"810\" data-end=\"841\"><strong data-start=\"810\" data-end=\"839\">BR-6700, BR-6600, BR-6500<\/strong><\/p>\n<\/li>\n<li data-start=\"842\" data-end=\"884\">\n<p data-start=\"844\" data-end=\"884\"><strong data-start=\"844\" data-end=\"882\">BR-5700, BR-5600, BR-5501, BR-5500<\/strong><\/p>\n<\/li>\n<li data-start=\"885\" data-end=\"927\">\n<p data-start=\"887\" data-end=\"927\"><strong data-start=\"887\" data-end=\"925\">BR-R650, BR-R600, BR-R561, BR-R560<\/strong><\/p>\n<\/li>\n<li data-start=\"928\" data-end=\"941\">\n<p data-start=\"930\" data-end=\"941\"><strong data-start=\"930\" data-end=\"941\">BR-CX70<\/strong><\/p>\n<\/li>\n<\/ul>\n<p data-start=\"943\" data-end=\"1064\">\n","protected":false},"excerpt":{"rendered":"<p>Ok\u0142adziny hamulcowe Shimano R55C4\u00a0 Oryginalne ok\u0142adziny Shimano R55C4 to wysokiej jako\u015bci klocki hamulcowe przeznaczone do zacisk\u00f3w szosowych. Zapewniaj\u0105 pewne, mocne i przewidywalne hamowanie w zr\u00f3\u017cnicowanych warunkach pogodowych, a dzi\u0119ki zoptymalizowanej mieszance gwarantuj\u0105 \u015bwietn\u0105 modulacj\u0119 oraz d\u0142ug\u0105 \u017cywotno\u015b\u0107. Idealne do jazdy treningowej, wy\u015bcigowej oraz codziennego u\u017cytkowania. Najwa\u017cniejsze informacje: Ilo\u015b\u0107: 1 para (na 1 ko\u0142o) Model: R55C4&hellip;<\/p>\n","protected":false},"featured_media":7931,"comment_status":"open","ping_status":"closed","template":"","meta":[],"product_brand":[],"product_cat":[15,27,136,85],"product_tag":[251,72,156],"class_list":{"0":"post-7930","1":"product","2":"type-product","3":"status-publish","4":"has-post-thumbnail","6":"product_cat-czesci","7":"product_cat-czesci-nowe","8":"product_cat-hamulce","9":"product_cat-outlet","10":"product_tag-dura-ace","11":"product_tag-shimano","12":"product_tag-ultegra","13":"product_shipping_class-mala-paczka","15":"first","16":"instock","17":"shipping-taxable","18":"purchasable","19":"product-type-simple"},"_links":{"self":[{"href":"https:\/\/bicycool.pl\/index.php?rest_route=\/wp\/v2\/product\/7930","targetHints":{"allow":["GET"]}}],"collection":[{"href":"https:\/\/bicycool.pl\/index.php?rest_route=\/wp\/v2\/product"}],"about":[{"href":"https:\/\/bicycool.pl\/index.php?rest_route=\/wp\/v2\/types\/product"}],"replies":[{"embeddable":true,"href":"https:\/\/bicycool.pl\/index.php?rest_route=%2Fwp%2Fv2%2Fcomments&post=7930"}],"wp:featuredmedia":[{"embeddable":true,"href":"https:\/\/bicycool.pl\/index.php?rest_route=\/wp\/v2\/media\/7931"}],"wp:attachment":[{"href":"https:\/\/bicycool.pl\/index.php?rest_route=%2Fwp%2Fv2%2Fmedia&parent=7930"}],"wp:term":[{"taxonomy":"product_brand","embeddable":true,"href":"https:\/\/bicycool.pl\/index.php?rest_route=%2Fwp%2Fv2%2Fproduct_brand&post=7930"},{"taxonomy":"product_cat","embeddable":true,"href":"https:\/\/bicycool.pl\/index.php?rest_route=%2Fwp%2Fv2%2Fproduct_cat&post=7930"},{"taxonomy":"product_tag","embeddable":true,"href":"https:\/\/bicycool.pl\/index.php?rest_route=%2Fwp%2Fv2%2Fproduct_tag&post=7930"}],"curies":[{"name":"wp","href":"https:\/\/api.w.org\/{rel}","templated":true}]}}