{"id":7934,"date":"2025-12-12T14:25:46","date_gmt":"2025-12-12T13:25:46","guid":{"rendered":"https:\/\/bicycool.pl\/?post_type=product&#038;p=7934"},"modified":"2025-12-12T14:28:09","modified_gmt":"2025-12-12T13:28:09","slug":"okladziny-hamulcowe-shimano-r55c4-carbon-105-ultegra-dura-ace","status":"publish","type":"product","link":"https:\/\/bicycool.pl\/?product=okladziny-hamulcowe-shimano-r55c4-carbon-105-ultegra-dura-ace","title":{"rendered":"Ok\u0142adziny hamulcowe Shimano R55C4 Carbon 105 \/ Ultegra \/ Dura-Ace"},"content":{"rendered":"<h2 data-start=\"95\" data-end=\"166\"><strong data-start=\"95\" data-end=\"166\">Ok\u0142adziny hamulcowe Shimano R55C4 Carbon \u2013 105 \/ Ultegra \/ Dura-Ace<\/strong><\/h2>\n<p data-start=\"168\" data-end=\"630\">Oryginalne ok\u0142adziny Shimano R55C4 Carbon to wysokiej jako\u015bci klocki hamulcowe stworzone specjalnie do zacisk\u00f3w szosowych u\u017cywanych na <strong data-start=\"303\" data-end=\"328\">obr\u0119czach karbonowych<\/strong>. Dedykowana mieszanka zapewnia mocne, pewne i przewidywalne hamowanie oraz chroni delikatn\u0105 powierzchni\u0119 karbonu przed nadmiernym zu\u017cyciem. Dzi\u0119ki zoptymalizowanej charakterystyce ok\u0142adziny oferuj\u0105 \u015bwietn\u0105 modulacj\u0119, nisk\u0105 emisj\u0119 ha\u0142asu i wysok\u0105 skuteczno\u015b\u0107 zar\u00f3wno w suchych, jak i mokrych warunkach.<\/p>\n<p data-start=\"632\" data-end=\"738\">Idealne do jazdy treningowej, wy\u015bcigowej oraz intensywnego, codziennego u\u017cytkowania na karbonowych ko\u0142ach.<\/p>\n<p data-start=\"740\" data-end=\"769\"><strong data-start=\"740\" data-end=\"769\">Najwa\u017cniejsze informacje:<\/strong><\/p>\n<ul data-start=\"770\" data-end=\"1037\">\n<li data-start=\"770\" data-end=\"791\">\n<p data-start=\"772\" data-end=\"791\"><strong data-start=\"772\" data-end=\"782\">Ilo\u015b\u0107:<\/strong> 1 para (na 1 ko\u0142o)<\/p>\n<\/li>\n<li data-start=\"792\" data-end=\"819\">\n<p data-start=\"794\" data-end=\"819\"><strong data-start=\"794\" data-end=\"804\">Model:<\/strong> R55C4 Carbon<\/p>\n<\/li>\n<li data-start=\"820\" data-end=\"853\">\n<p data-start=\"822\" data-end=\"853\"><strong data-start=\"822\" data-end=\"841\">Kod producenta:<\/strong> Y8L298071<\/p>\n<\/li>\n<li data-start=\"854\" data-end=\"908\">\n<p data-start=\"856\" data-end=\"908\"><strong data-start=\"856\" data-end=\"864\">Typ:<\/strong> ok\u0142adziny do zacisk\u00f3w szosowych (caliper)<\/p>\n<\/li>\n<li data-start=\"909\" data-end=\"953\">\n<p data-start=\"911\" data-end=\"953\"><strong data-start=\"911\" data-end=\"929\">Przeznaczenie:<\/strong> <strong data-start=\"930\" data-end=\"951\">obr\u0119cze karbonowe<\/strong><\/p>\n<\/li>\n<li data-start=\"954\" data-end=\"1006\">\n<p data-start=\"956\" data-end=\"1006\">Wysoka skuteczno\u015b\u0107 w mokrych i suchych warunkach<\/p>\n<\/li>\n<li data-start=\"1007\" data-end=\"1037\">\n<p data-start=\"1009\" data-end=\"1037\">Oryginalny produkt Shimano<\/p>\n<\/li>\n<\/ul>\n<p data-start=\"1039\" data-end=\"1078\"><strong data-start=\"1039\" data-end=\"1078\">Szeroka kompatybilno\u015b\u0107 z hamulcami:<\/strong><\/p>\n<ul data-start=\"1079\" data-end=\"1255\">\n<li data-start=\"1079\" data-end=\"1121\">\n<p data-start=\"1081\" data-end=\"1121\"><strong data-start=\"1081\" data-end=\"1119\">BR-9000, BR-7900, BR-7800, BR-7700<\/strong><\/p>\n<\/li>\n<li data-start=\"1122\" data-end=\"1155\">\n<p data-start=\"1124\" data-end=\"1155\"><strong data-start=\"1124\" data-end=\"1153\">BR-6700, BR-6600, BR-6500<\/strong><\/p>\n<\/li>\n<li data-start=\"1156\" data-end=\"1198\">\n<p data-start=\"1158\" data-end=\"1198\"><strong data-start=\"1158\" data-end=\"1196\">BR-5700, BR-5600, BR-5501, BR-5500<\/strong><\/p>\n<\/li>\n<li data-start=\"1199\" data-end=\"1241\">\n<p data-start=\"1201\" data-end=\"1241\"><strong data-start=\"1201\" data-end=\"1239\">BR-R650, BR-R600, BR-R561, BR-R560<\/strong><\/p>\n<\/li>\n<li data-start=\"1242\" data-end=\"1255\">\n<p data-start=\"1244\" data-end=\"1255\"><strong data-start=\"1244\" data-end=\"1255\">BR-CX70<\/strong><\/p>\n<\/li>\n<\/ul>\n<p data-start=\"1257\" data-end=\"1372\">\n","protected":false},"excerpt":{"rendered":"<p>Ok\u0142adziny hamulcowe Shimano R55C4 Carbon \u2013 105 \/ Ultegra \/ Dura-Ace Oryginalne ok\u0142adziny Shimano R55C4 Carbon to wysokiej jako\u015bci klocki hamulcowe stworzone specjalnie do zacisk\u00f3w szosowych u\u017cywanych na obr\u0119czach karbonowych. Dedykowana mieszanka zapewnia mocne, pewne i przewidywalne hamowanie oraz chroni delikatn\u0105 powierzchni\u0119 karbonu przed nadmiernym zu\u017cyciem. Dzi\u0119ki zoptymalizowanej charakterystyce ok\u0142adziny oferuj\u0105 \u015bwietn\u0105 modulacj\u0119, nisk\u0105 emisj\u0119&hellip;<\/p>\n","protected":false},"featured_media":7931,"comment_status":"open","ping_status":"closed","template":"","meta":[],"product_brand":[],"product_cat":[15,27,136,85],"product_tag":[251,72,156],"class_list":{"0":"post-7934","1":"product","2":"type-product","3":"status-publish","4":"has-post-thumbnail","6":"product_cat-czesci","7":"product_cat-czesci-nowe","8":"product_cat-hamulce","9":"product_cat-outlet","10":"product_tag-dura-ace","11":"product_tag-shimano","12":"product_tag-ultegra","13":"product_shipping_class-mala-paczka","15":"first","16":"instock","17":"shipping-taxable","18":"purchasable","19":"product-type-simple"},"_links":{"self":[{"href":"https:\/\/bicycool.pl\/index.php?rest_route=\/wp\/v2\/product\/7934","targetHints":{"allow":["GET"]}}],"collection":[{"href":"https:\/\/bicycool.pl\/index.php?rest_route=\/wp\/v2\/product"}],"about":[{"href":"https:\/\/bicycool.pl\/index.php?rest_route=\/wp\/v2\/types\/product"}],"replies":[{"embeddable":true,"href":"https:\/\/bicycool.pl\/index.php?rest_route=%2Fwp%2Fv2%2Fcomments&post=7934"}],"wp:featuredmedia":[{"embeddable":true,"href":"https:\/\/bicycool.pl\/index.php?rest_route=\/wp\/v2\/media\/7931"}],"wp:attachment":[{"href":"https:\/\/bicycool.pl\/index.php?rest_route=%2Fwp%2Fv2%2Fmedia&parent=7934"}],"wp:term":[{"taxonomy":"product_brand","embeddable":true,"href":"https:\/\/bicycool.pl\/index.php?rest_route=%2Fwp%2Fv2%2Fproduct_brand&post=7934"},{"taxonomy":"product_cat","embeddable":true,"href":"https:\/\/bicycool.pl\/index.php?rest_route=%2Fwp%2Fv2%2Fproduct_cat&post=7934"},{"taxonomy":"product_tag","embeddable":true,"href":"https:\/\/bicycool.pl\/index.php?rest_route=%2Fwp%2Fv2%2Fproduct_tag&post=7934"}],"curies":[{"name":"wp","href":"https:\/\/api.w.org\/{rel}","templated":true}]}}