{"id":7936,"date":"2025-12-12T15:14:04","date_gmt":"2025-12-12T14:14:04","guid":{"rendered":"https:\/\/bicycool.pl\/?post_type=product&#038;p=7936"},"modified":"2025-12-12T15:46:59","modified_gmt":"2025-12-12T14:46:59","slug":"hak-przerzutki-specialized-mtn-hanger-3","status":"publish","type":"product","link":"https:\/\/bicycool.pl\/?product=hak-przerzutki-specialized-mtn-hanger-3","title":{"rendered":"Hak przerzutki &#8211; Specialized MTN Hanger 3"},"content":{"rendered":"<p data-start=\"68\" data-end=\"150\"><strong data-start=\"68\" data-end=\"150\">Specialized MTN Hanger 3\u00a0<\/strong><\/p>\n<p data-start=\"152\" data-end=\"450\">Oryginalny hak przerzutki\u00a0 <strong data-start=\"180\" data-end=\"208\">Specialized Mtn Hanger 3<\/strong> w wersji aluminiowej.<\/p>\n<p data-start=\"152\" data-end=\"450\">Przeznaczony do rower\u00f3w g\u00f3rskich Specialized, zapewnia precyzyjne prowadzenie tylnej przerzutki i stabiln\u0105 zmian\u0119 bieg\u00f3w. Produkt <strong data-start=\"399\" data-end=\"422\">NOS (New Old Stock)<\/strong> \u2013 nowy, nigdy nieu\u017cywany.<\/p>\n<p data-start=\"452\" data-end=\"481\"><strong data-start=\"452\" data-end=\"481\">Najwa\u017cniejsze informacje:<\/strong><\/p>\n<ul data-start=\"482\" data-end=\"680\">\n<li data-start=\"482\" data-end=\"519\">\n<p data-start=\"484\" data-end=\"519\">Typ: <strong data-start=\"489\" data-end=\"517\">hak przerzutki tylnej<\/strong><\/p>\n<\/li>\n<li data-start=\"520\" data-end=\"555\">\n<p data-start=\"522\" data-end=\"555\">Materia\u0142: <strong data-start=\"532\" data-end=\"553\">aluminium (Alloy)<\/strong><\/p>\n<\/li>\n<li data-start=\"556\" data-end=\"580\">\n<p data-start=\"558\" data-end=\"580\">Stan: <strong data-start=\"564\" data-end=\"578\">NOS \/ nowy<\/strong><\/p>\n<\/li>\n<li data-start=\"609\" data-end=\"633\">\n<p data-start=\"611\" data-end=\"633\">Bez \u015bruby monta\u017cowej<\/p>\n<\/li>\n<li data-start=\"634\" data-end=\"680\">\n<p data-start=\"636\" data-end=\"680\">Dedykowany do rower\u00f3w g\u00f3rskich Specialized<\/p>\n<\/li>\n<li data-start=\"634\" data-end=\"680\">Cena za 1szt<\/li>\n<\/ul>\n","protected":false},"excerpt":{"rendered":"<p>Specialized MTN Hanger 3\u00a0 Oryginalny hak przerzutki\u00a0 Specialized Mtn Hanger 3 w wersji aluminiowej. Przeznaczony do rower\u00f3w g\u00f3rskich Specialized, zapewnia precyzyjne prowadzenie tylnej przerzutki i stabiln\u0105 zmian\u0119 bieg\u00f3w. Produkt NOS (New Old Stock) \u2013 nowy, nigdy nieu\u017cywany. Najwa\u017cniejsze informacje: Typ: hak przerzutki tylnej Materia\u0142: aluminium (Alloy) Stan: NOS \/ nowy Bez \u015bruby monta\u017cowej Dedykowany do&hellip;<\/p>\n","protected":false},"featured_media":7937,"comment_status":"open","ping_status":"closed","template":"","meta":[],"product_brand":[],"product_cat":[27,174],"product_tag":[252],"class_list":{"0":"post-7936","1":"product","2":"type-product","3":"status-publish","4":"has-post-thumbnail","6":"product_cat-czesci-nowe","7":"product_cat-przerzutki","8":"product_tag-specialized","9":"product_shipping_class-mala-paczka","11":"first","12":"instock","13":"shipping-taxable","14":"purchasable","15":"product-type-simple"},"_links":{"self":[{"href":"https:\/\/bicycool.pl\/index.php?rest_route=\/wp\/v2\/product\/7936","targetHints":{"allow":["GET"]}}],"collection":[{"href":"https:\/\/bicycool.pl\/index.php?rest_route=\/wp\/v2\/product"}],"about":[{"href":"https:\/\/bicycool.pl\/index.php?rest_route=\/wp\/v2\/types\/product"}],"replies":[{"embeddable":true,"href":"https:\/\/bicycool.pl\/index.php?rest_route=%2Fwp%2Fv2%2Fcomments&post=7936"}],"wp:featuredmedia":[{"embeddable":true,"href":"https:\/\/bicycool.pl\/index.php?rest_route=\/wp\/v2\/media\/7937"}],"wp:attachment":[{"href":"https:\/\/bicycool.pl\/index.php?rest_route=%2Fwp%2Fv2%2Fmedia&parent=7936"}],"wp:term":[{"taxonomy":"product_brand","embeddable":true,"href":"https:\/\/bicycool.pl\/index.php?rest_route=%2Fwp%2Fv2%2Fproduct_brand&post=7936"},{"taxonomy":"product_cat","embeddable":true,"href":"https:\/\/bicycool.pl\/index.php?rest_route=%2Fwp%2Fv2%2Fproduct_cat&post=7936"},{"taxonomy":"product_tag","embeddable":true,"href":"https:\/\/bicycool.pl\/index.php?rest_route=%2Fwp%2Fv2%2Fproduct_tag&post=7936"}],"curies":[{"name":"wp","href":"https:\/\/api.w.org\/{rel}","templated":true}]}}